{"id":98,"date":"2014-01-23T06:33:55","date_gmt":"2014-01-23T05:33:55","guid":{"rendered":"http:\/\/humanisme.assohum.org\/?page_id=98"},"modified":"2018-04-23T19:32:29","modified_gmt":"2018-04-23T18:32:29","slug":"introduction-a-lhumanisme-2","status":"publish","type":"page","link":"https:\/\/humanisme.assohum.org\/?page_id=98","title":{"rendered":"Introduction \u00e0 l&rsquo;humanisme &#8211; 2"},"content":{"rendered":"<h1 style=\"text-align: center;\"><span style=\"color: #993366;\">La tradition humaniste dans l&rsquo;ancienne asie<\/span><\/h1>\n<div class='one_half'>\n\t\t\t\t\t<a href='http:\/\/www.humanisme.assohum.org\/?page_id=92' class='small-button smallsilver'>Page pr\u00e9c\u00e9dente<\/a>\n\t\t\t\t<\/div>\n<p style=\"text-align: right;\"><a href='http:\/\/www.humanisme.assohum.org\/?page_id=115%20' class='small-button smallsilver'>Page suivante<\/a><\/p>\n<p><span style=\"font-size: medium;\"><span class='et-dropcap' style=\"font-size: 60px; color: #8A0808;\">\u00a0L<\/span>\u2019humanisme a souvent \u00e9t\u00e9 d\u00e9peint comme une invention occidentale mais en <abbr class='c2c-text-hover' title='En science une observation ou le r\u00e9sultat d&#039;une manipulation exp\u00e9rimentale.'>fait<\/abbr> elle trouve son origine dans des cultures diverses partout dans le monde. L\u2019inde et la Chine, pour ne citer que ceux-l\u00e0 ont une riche tradition de philosophes naturalistes et humanistes qui remonte\u00a0au moins \u00e0 3,000 ans.<\/span><\/p>\n<p style=\"text-align: justify;\"><span style=\"font-size: medium;\">\u00a0Le mouvement Lokayata qui a \u00e9merg\u00e9 en Inde,\u00a0\u00a0critiquait la <abbr class='c2c-text-hover' title='Ensemble des croyances au surnaturel tel Dieu, la vie apr\u00e8s la mort, la r\u00e9incarnation, le ciel, l&#039;enfer, les miracles, n&#039;importe quelle combinaison de ces rituels et dogmes r\u00e9gissant le rapport de l&#039;homme et de la divinit\u00e9 pour former une religion ou une secte.'>religion<\/abbr> Hindou de cette \u00e9poque et pr\u00f4nait une philosophie <abbr class='c2c-text-hover' title='Doctrine philosophique qui affirme que la nature existe par elle-m\u00eame, sans cause ni ou principe ext\u00e9rieures \u00e0 elle.'>naturaliste<\/abbr> de l\u2019explication de l\u2019univers. 400 ans plus tard, au 6<sup>e<\/sup> si\u00e8cle avant notre \u00e8re, Un penseur indien Charvaka inspira un mouvement qui pr\u00eachait une philosophie morale centr\u00e9e sur l\u2019\u00eatre humain\u00a0: dans le po\u00e8me \u00e9pique Hindou le \u00ab\u00a0Mahabharata\u00a0\u00bb un adepte de Charvaka est mis \u00e0 mort pour avoir critiqu\u00e9 les penchants guerroyeurs du roi!<\/span><\/p>\n<p style=\"text-align: justify;\"><span style=\"font-size: medium;\">Les <a>philosophes<\/a> chinois du 6e si\u00e8cle avant notre \u00e8re, ont \u00e9galement d\u00e9velopp\u00e9 une <abbr class='c2c-text-hover' title='Ensemble des principes moraux qui sont \u00e0 la base de la conduite de quelqu&#039;un'>\u00e9thique<\/abbr> humaniste et une philosophie fond\u00e9e en grande partie sur le <a><abbr class='c2c-text-hover' title='Syst\u00e8me philosophique qui repose sur la suspension du jugement. Son fondateur est le philosophe grec Pyrrhon d&#039;\u00c9lis, dont l&#039;\u0153uvre a \u00e9t\u00e9 continu\u00e9 par Sextus Empiricus. Attitude de doute, En mati\u00e8re religieuse; incr\u00e9dulit\u00e9.'>scepticisme<\/abbr><\/a> envers le <a><abbr class='c2c-text-hover' title='Qu&#039;on juge ne pas appartenir au monde naturel, qui semble en dehors du domaine de l&#039;exp\u00e9rience et \u00e9chapper aux lois de la nature.'>surnaturel<\/abbr><\/a> . Leurs critiques des croyances du temps \u00e9tait souvent sournoises. Par exemple, le grand ma\u00eetre Tao\u00efste <a title=\"Lao Tseu\" href=\"http:\/\/fr.wikipedia.org\/wiki\/Lao_Tseu\" target=\"_blank\" rel=\"noopener\">Lao Tseu<\/a> (milieu du 6e si\u00e8cle <a><abbr class='c2c-text-hover' title='Avant Notre \u00c8re, une alternative non-religieuse \u00e0 Avant J.C.'>ANE<\/abbr><\/a> ) exprimait ainsi son <a><abbr class='c2c-text-hover' title='Syst\u00e8me philosophique qui repose sur la suspension du jugement. Son fondateur est le philosophe grec Pyrrhon d&#039;\u00c9lis, dont l&#039;\u0153uvre a \u00e9t\u00e9 continu\u00e9 par Sextus Empiricus. Attitude de doute, En mati\u00e8re religieuse; incr\u00e9dulit\u00e9.'>scepticisme<\/abbr><\/a> des explications <abbr class='c2c-text-hover' title='Qu&#039;on juge ne pas appartenir au monde naturel, qui semble en dehors du domaine de l&#039;exp\u00e9rience et \u00e9chapper aux lois de la nature.'>surnaturelles<\/abbr>; \u00ab si les \u00e9clairs sont un signe de la col\u00e8re des dieux, alors les dieux se pr\u00e9occupent surtout des arbres. \u00bb<\/span><\/p>\n<p style=\"text-align: justify;\"><span style=\"font-size: medium;\">Les <a>philosophes<\/a> chinois de cette \u00e9poque enseignaient que l&rsquo;on ne pouvait rien connaitre du royaume spirituel sans toutefois nier qu&rsquo;il puisse exister. Cet <abbr class='c2c-text-hover' title='Personne qui consid\u00e8re que l&#039;absolu est inaccessible \u00e0 l&#039;esprit humain et qui pr\u00e9conise le refus de toute solutions aux probl\u00e8mes m\u00e9taphysiques.'>agnosticisme<\/abbr> envers le <a><abbr class='c2c-text-hover' title='Qu&#039;on juge ne pas appartenir au monde naturel, qui semble en dehors du domaine de l&#039;exp\u00e9rience et \u00e9chapper aux lois de la nature.'>surnaturel<\/abbr><\/a> les conduisait vers des conclusions r\u00e9solument humanistes. Ces grands penseurs du 6e si\u00e8cle <a><abbr class='c2c-text-hover' title='Avant Notre \u00c8re, une alternative non-religieuse \u00e0 Avant J.C.'>ANE<\/abbr><\/a> pr\u00e9tendaient qu&rsquo;\u00e9tant donn\u00e9 que les humains n&rsquo;avaient aucun moyen de\u00a0connaitre quoi que ce soit du <a><abbr class='c2c-text-hover' title='Qu&#039;on juge ne pas appartenir au monde naturel, qui semble en dehors du domaine de l&#039;exp\u00e9rience et \u00e9chapper aux lois de la nature.'>surnaturel<\/abbr><\/a> ,\u00a0 par cons\u00e9quent on ne pouvait pas s&rsquo;en r\u00e9clamer comme fondement de la morale. Ils soutenaient que la meilleure base d&rsquo;une moralit\u00e9 demeurait la connaissance du monde naturel, de la nature humaine et de la soci\u00e9t\u00e9.<\/span><\/p>\n<p style=\"text-align: justify;\"><span style=\"font-size: medium;\">Le plus c\u00e9l\u00e8bre de ces penseurs fut certainement <a title=\"Confucius\" href=\"http:\/\/fr.wikipedia.org\/wiki\/Confucius\" target=\"_blank\" rel=\"noopener\">Confucius<\/a>. Les disciples de Confucius essay\u00e8rent de remplacer les croyances religieuses par une <abbr class='c2c-text-hover' title='Ensemble des principes moraux qui sont \u00e0 la base de la conduite de quelqu&#039;un'>\u00e9thique<\/abbr> fond\u00e9e sur la famille et la soci\u00e9t\u00e9. Le confucianisme met l&rsquo;accent sur la bienveillance, le respect de son prochain et la r\u00e9ciprocit\u00e9 comme fondement de l&rsquo;ordre social. Un premier \u00e9nonc\u00e9 de la \u00ab <a><abbr class='c2c-text-hover' title='Le principe \u00e9thique qui veut que l&#039;on traite les autres comme nous aimerions \u00eatre trait\u00e9s.'>R\u00e8gle d&rsquo;or<\/abbr><\/a> \u00bb de l&rsquo;<abbr class='c2c-text-hover' title='Ensemble des principes moraux qui sont \u00e0 la base de la conduite de quelqu&#039;un'>\u00e9thique<\/abbr> apparait dans \u00ab les entretiens \u00bb (\u00e9crits) de Confucius; \u00ab ne faites pas aux autres ce que vous n&rsquo;aimeriez pas qu&rsquo;on vous fasse \u00bb.<\/span><\/p>\n<p style=\"text-align: justify;\"><span style=\"font-size: medium;\">Les confucianistes ignoraient le domaine du spirituel pour faire la promotion d&rsquo;une vision davantage terre-\u00e0-terre de l&rsquo;existence qui rendait les dieux inutiles. D&rsquo;apr\u00e8s la l\u00e9gende lorsqu&rsquo;on demandait \u00e0 Confucius comment servir les esprits et les fant\u00f4mes il r\u00e9pondait \u00ab si vous \u00eates incapables de servir les hommes, comment pouvez-vous servir un esprit? \u00bb\u00a0<\/span><\/p>\n<div class='one_half'>\n\t\t\t\t\t<a href='http:\/\/www.humanisme.assohum.org\/?page_id=92' class='small-button smallsilver'>Page pr\u00e9c\u00e9dente<\/a>\n\t\t\t\t<\/div>\n<p style=\"text-align: right;\"><a href='http:\/\/www.humanisme.assohum.org\/?page_id=115%20' class='small-button smallsilver'>Page suivante<\/a><\/p>\n","protected":false},"excerpt":{"rendered":"<p>La tradition humaniste dans l&rsquo;ancienne asie \u2019humanisme a souvent \u00e9t\u00e9 d\u00e9peint comme une invention occidentale mais en <abbr class='c2c-text-hover' title='En science une observation ou le r\u00e9sultat d&#039;une manipulation exp\u00e9rimentale.'>fait<\/abbr> elle trouve son origine dans des cultures diverses partout dans le monde. L\u2019inde et la Chine, pour ne citer que ceux-l\u00e0 ont une riche tradition de philosophes naturalistes et humanistes qui remonte\u00a0au moins \u00e0 3,000 ans. \u00a0Le [&hellip;]<\/p>\n","protected":false},"author":1,"featured_media":0,"parent":92,"menu_order":2,"comment_status":"open","ping_status":"open","template":"","meta":{"footnotes":""},"class_list":["post-98","page","type-page","status-publish","hentry"],"_links":{"self":[{"href":"https:\/\/humanisme.assohum.org\/index.php?rest_route=\/wp\/v2\/pages\/98"}],"collection":[{"href":"https:\/\/humanisme.assohum.org\/index.php?rest_route=\/wp\/v2\/pages"}],"about":[{"href":"https:\/\/humanisme.assohum.org\/index.php?rest_route=\/wp\/v2\/types\/page"}],"author":[{"embeddable":true,"href":"https:\/\/humanisme.assohum.org\/index.php?rest_route=\/wp\/v2\/users\/1"}],"replies":[{"embeddable":true,"href":"https:\/\/humanisme.assohum.org\/index.php?rest_route=%2Fwp%2Fv2%2Fcomments&post=98"}],"version-history":[{"count":16,"href":"https:\/\/humanisme.assohum.org\/index.php?rest_route=\/wp\/v2\/pages\/98\/revisions"}],"predecessor-version":[{"id":1421,"href":"https:\/\/humanisme.assohum.org\/index.php?rest_route=\/wp\/v2\/pages\/98\/revisions\/1421"}],"up":[{"embeddable":true,"href":"https:\/\/humanisme.assohum.org\/index.php?rest_route=\/wp\/v2\/pages\/92"}],"wp:attachment":[{"href":"https:\/\/humanisme.assohum.org\/index.php?rest_route=%2Fwp%2Fv2%2Fmedia&parent=98"}],"curies":[{"name":"wp","href":"https:\/\/api.w.org\/{rel}","templated":true}]}}