{"id":92,"date":"2014-01-23T05:59:56","date_gmt":"2014-01-23T04:59:56","guid":{"rendered":"http:\/\/humanisme.assohum.org\/?page_id=92"},"modified":"2018-12-04T20:13:08","modified_gmt":"2018-12-04T19:13:08","slug":"introduction-a-lhumanisme","status":"publish","type":"page","link":"https:\/\/humanisme.assohum.org\/?page_id=92","title":{"rendered":"Introduction \u00e0 l&rsquo;humanisme"},"content":{"rendered":"\n\t\t<div class='author-shortcodes'>\n\t\t\t<div class='author-inner'>\n\t\t\t\t<div class='author-image'>\n\t\t\t<img src='' alt='' \/>\n\t\t\t<div class='author-overlay'><\/div>\n\t\t<\/div> <!-- .author-image --> \n\t\t<div class='author-info'>\n\t\t\tAuteur original: Matt Cherry Matt Cherry a \u00e9t\u00e9 directeur ex\u00e9cutif de l&rsquo;Institute for Humanist Studies, bas\u00e9 aux \u00c9tats-Unis en 2002. Il a \u00e9galement \u00e9t\u00e9 membre du personnel de l&rsquo;Association humaniste britannique et de l&rsquo;International Humanist and Ethical Union..(IHEU)\n\t\t<\/div> <!-- .author-info -->\n\t\t\t<\/div> <!-- .author-inner -->\n\t\t<\/div> <!-- .author-shortcodes -->\n<p style=\"text-align: right;\"><a href='http:\/\/www.humanisme.assohum.org\/?page_id=98%20' class='small-button smallsilver'>Page suivante<\/a><\/p>\n<h1 style=\"text-align: center;\"><span style=\"color: #993366; font-size: medium;\">\u00a0<\/span><\/h1>\n<h1 style=\"text-align: center;\"><span style=\"color: #993366;\">Un bref aper\u00e7u de la pens\u00e9e humaniste<\/span><\/h1>\n<p style=\"text-align: justify;\"><span class='et-dropcap' style=\"font-size: 60px; color: #8A0808;\">\u00a0L<\/span><span style=\"font-size: medium;\">&lsquo;humanisme est une appellation relativement nouvelle pour une philosophie tr\u00e8s ancienne. Les principes de base de l&rsquo;humanisme, le <a><abbr class='c2c-text-hover' title='Syst\u00e8me philosophique qui repose sur la suspension du jugement. Son fondateur est le philosophe grec Pyrrhon d&#039;\u00c9lis, dont l&#039;\u0153uvre a \u00e9t\u00e9 continu\u00e9 par Sextus Empiricus. Attitude de doute, En mati\u00e8re religieuse; incr\u00e9dulit\u00e9.'>scepticisme<\/abbr><\/a> des affirmations fond\u00e9es sur la foi au <a><abbr class='c2c-text-hover' title='Qu&#039;on juge ne pas appartenir au monde naturel, qui semble en dehors du domaine de l&#039;exp\u00e9rience et \u00e9chapper aux lois de la nature.'>surnaturel<\/abbr><\/a> et l&rsquo;accent sur une <abbr class='c2c-text-hover' title='Un concept tr\u00e8s difficile \u00e0 d\u00e9finir. Une fa\u00e7on de consid\u00e9rer la chose est qu&#039;il s&#039;agit d&#039;une propri\u00e9t\u00e9 de la mati\u00e8re caract\u00e9ris\u00e9e par un processus de m\u00e9tabolisme (transformation de mati\u00e8res premi\u00e8res en \u00e9nergie utilis\u00e9e pour la croissance et la reproduction).'>vie<\/abbr> bas\u00e9e sur l&rsquo;<a><abbr class='c2c-text-hover' title='Ensemble des principes moraux qui sont \u00e0 la base de la conduite de quelqu&#039;un'>\u00e9thique<\/abbr> et\u00a0<\/a>le rejet des <abbr class='c2c-text-hover' title='Ensemble des croyances au surnaturel tel Dieu, la vie apr\u00e8s la mort, la r\u00e9incarnation, le ciel, l&#039;enfer, les miracles, n&#039;importe quelle combinaison de ces rituels et dogmes r\u00e9gissant le rapport de l&#039;homme et de la divinit\u00e9 pour former une religion ou une secte.'>religions<\/abbr>, ont \u00e9t\u00e9 adopt\u00e9s par un large \u00e9ventail de penseurs d&rsquo;un grand nombre de cultures diff\u00e9rentes sur des milliers d&rsquo;ann\u00e9es. Mais ce n&rsquo;est qu&rsquo;\u00e0 partir du d\u00e9but du 20e si\u00e8cle que le mot \u00ab humanisme \u00bb sert \u00e0 d\u00e9signer cette <abbr class='c2c-text-hover' title='Un ensemble d&#039;id\u00e9e qui sugg\u00e8re des moyens de comprendre le monde qui nous entoure et de trouver un sens \u00e0 notre vie'>vision du monde<\/abbr>.<\/span><\/p>\n<p style=\"text-align: justify;\"><span style=\"font-size: medium;\">Des \u00e9l\u00e9ments de la pens\u00e9e humaniste se retrouvent \u00e0 plusieurs endroits de l&rsquo;histoire humaine. De la m\u00eame fa\u00e7on que les croyances dans les dieux et le <a><abbr class='c2c-text-hover' title='Qu&#039;on juge ne pas appartenir au monde naturel, qui semble en dehors du domaine de l&#039;exp\u00e9rience et \u00e9chapper aux lois de la nature.'>surnaturel<\/abbr><\/a> ont toujours eu des adeptes, il s&rsquo;est trouv\u00e9 \u00e9galement des sceptiques pour douter de l&rsquo;existence des dieux et tenter d&rsquo;expliquer notre monde uniquement par des causes naturelles. Les soci\u00e9t\u00e9s humaines ont aussi de tout temps d\u00e9velopp\u00e9 des codes moraux et ceux-ci ont souvent \u00e9t\u00e9 d\u00e9crits en termes non-religieux.<\/span><\/p>\n<p style=\"text-align: justify;\"><span style=\"font-size: medium;\"><a title=\"L'humain heureux - le symbole des humanistes\" href=\"http:\/\/humanisme.assohum.org\/wp-content\/uploads\/2014\/01\/AHQ-logo-bleu.jpg\"><img loading=\"lazy\" decoding=\"async\" class=\"alignleft size-full wp-image-9\" style=\"margin: 10px;\" src=\"http:\/\/humanisme.assohum.org\/wp-content\/uploads\/2014\/01\/AHQ-logo-bleu.jpg\" alt=\"AHQ logo bleu\" width=\"67\" height=\"143\" \/><\/a>Malheureusement le <a><abbr class='c2c-text-hover' title='Syst\u00e8me philosophique qui repose sur la suspension du jugement. Son fondateur est le philosophe grec Pyrrhon d&#039;\u00c9lis, dont l&#039;\u0153uvre a \u00e9t\u00e9 continu\u00e9 par Sextus Empiricus. Attitude de doute, En mati\u00e8re religieuse; incr\u00e9dulit\u00e9.'>scepticisme<\/abbr><\/a> religieux et la philosophie <abbr class='c2c-text-hover' title='Doctrine philosophique qui affirme que la nature existe par elle-m\u00eame, sans cause ni ou principe ext\u00e9rieures \u00e0 elle.'>naturaliste<\/abbr> (l&rsquo;id\u00e9e que notre monde peut \u00eatre expliqu\u00e9 sans recours au <a><abbr class='c2c-text-hover' title='Qu&#039;on juge ne pas appartenir au monde naturel, qui semble en dehors du domaine de l&#039;exp\u00e9rience et \u00e9chapper aux lois de la nature.'>surnaturel<\/abbr><\/a> ) ont \u00e9t\u00e9 de tout temps victimes de pers\u00e9cution. Les efforts pour d\u00e9velopper une morale humaniste ont souvent <abbr class='c2c-text-hover' title='En science une observation ou le r\u00e9sultat d&#039;une manipulation exp\u00e9rimentale.'>fait<\/abbr> l&rsquo;objet d&rsquo;attaque de la part de l&rsquo;orthodoxie religieuse qui consid\u00e8re cette tendance comme une menace. \u00c0 cause de cela l&rsquo;expression publique des id\u00e9aux humanistes a souvent \u00e9t\u00e9 \u00e9touff\u00e9e et ouvertement combattu et par cons\u00e9quent ces id\u00e9es ont \u00e9t\u00e9 longtemps exprim\u00e9es en priv\u00e9 ou en cachette.<\/span><\/p>\n<p style=\"text-align: justify;\"><span style=\"font-size: medium;\">Malgr\u00e9 tout on peut trouver des traces de la pens\u00e9e humaniste dans diff\u00e9rentes cultures et ce sur des milliers d&rsquo;ann\u00e9es. Ces r\u00e9cits sont souvent incomplets et parfois la meilleure fa\u00e7on de constater la pr\u00e9sence de la pens\u00e9e humaniste dans une \u00e9poque donn\u00e9e demeure les critiques que des apologistes de l&rsquo;orthodoxie religieuse du temps en ont <abbr class='c2c-text-hover' title='En science une observation ou le r\u00e9sultat d&#039;une manipulation exp\u00e9rimentale.'>fait<\/abbr>. Un exemple int\u00e9ressant encore cit\u00e9 de nos jours est dans l&rsquo;ancien testament (voir le psaume 14) \n\t\t<div class='et_quote quote-center'>\n\t\t\t<div class='et_right_quote'>\n\t\t\t\t\u00ab\u00a0l&rsquo;insens\u00e9 dit en son coeur, il n&rsquo;y a point de Dieu!\u00a0\u00bb\n\t\t\t\t<span class='et_quote_additional_sign'><\/span>\n\t\t\t<\/div>\n\t\t\t<span class='et_quote_sign'><\/span>\n\t\t<\/div>\n\t<\/span><\/p>\n<p style=\"text-align: justify;\"><span style=\"font-size: medium;\">Cette insulte sugg\u00e8re que m\u00eame dans la soci\u00e9t\u00e9 juive \u00e0 l&rsquo;\u00e2ge de bronze, il y avait suffisamment d&rsquo;<a><abbr class='c2c-text-hover' title='Se dit de quelqu&#039;un qui nie l&#039;existence de Dieu; incroyant.'>ath\u00e9es<\/abbr><\/a> pour que l&rsquo;auteur des psaumes se sente justifi\u00e9 de les attaquer!.<\/span><\/p>\n<p style=\"text-align: justify;\"><span style=\"font-size: medium;\">La tradition humaniste a surv\u00e9cu sous une forme ou une autre suffisamment longtemps pour contribuer au d\u00e9veloppement de la philosophie humaniste du 20e si\u00e8cle. Cette tradition humaniste englobe les ma\u00eetres des mouvements philosophiques de la Chine et de l&rsquo;Inde antique durant la p\u00e9riode se situant entre 3,000 et 4,000 ans avant notre \u00e8re<\/span><\/p>\n<p>&nbsp;<\/p>\n<p style=\"text-align: right;\"><a href='http:\/\/www.humanisme.assohum.org\/?page_id=98%20' class='small-button smallsilver'>Page suivante<\/a><\/p>\n","protected":false},"excerpt":{"rendered":"<p>\u00a0 Un bref aper\u00e7u de la pens\u00e9e humaniste &lsquo;humanisme est une appellation relativement nouvelle pour une philosophie tr\u00e8s ancienne. Les principes de base de l&rsquo;humanisme, le <abbr class='c2c-text-hover' title='Syst\u00e8me philosophique qui repose sur la suspension du jugement. Son fondateur est le philosophe grec Pyrrhon d&#039;\u00c9lis, dont l&#039;\u0153uvre a \u00e9t\u00e9 continu\u00e9 par Sextus Empiricus. Attitude de doute, En mati\u00e8re religieuse; incr\u00e9dulit\u00e9.'>scepticisme<\/abbr> des affirmations fond\u00e9es sur la foi au <abbr class='c2c-text-hover' title='Qu&#039;on juge ne pas appartenir au monde naturel, qui semble en dehors du domaine de l&#039;exp\u00e9rience et \u00e9chapper aux lois de la nature.'>surnaturel<\/abbr> et l&rsquo;accent sur une <abbr class='c2c-text-hover' title='Un concept tr\u00e8s difficile \u00e0 d\u00e9finir. Une fa\u00e7on de consid\u00e9rer la chose est qu&#039;il s&#039;agit d&#039;une propri\u00e9t\u00e9 de la mati\u00e8re caract\u00e9ris\u00e9e par un processus de m\u00e9tabolisme (transformation de mati\u00e8res premi\u00e8res en \u00e9nergie utilis\u00e9e pour la croissance et la reproduction).'>vie<\/abbr> bas\u00e9e sur l&rsquo;<abbr class='c2c-text-hover' title='Ensemble des principes moraux qui sont \u00e0 la base de la conduite de quelqu&#039;un'>\u00e9thique<\/abbr> et\u00a0le rejet des <abbr class='c2c-text-hover' title='Ensemble des croyances au surnaturel tel Dieu, la vie apr\u00e8s la mort, la r\u00e9incarnation, le ciel, l&#039;enfer, les miracles, n&#039;importe quelle combinaison de ces rituels et dogmes r\u00e9gissant le rapport de l&#039;homme et de la divinit\u00e9 pour former une religion ou une secte.'>religions<\/abbr>, ont \u00e9t\u00e9 adopt\u00e9s par un large \u00e9ventail de [&hellip;]<\/p>\n","protected":false},"author":1,"featured_media":0,"parent":0,"menu_order":0,"comment_status":"open","ping_status":"open","template":"page-full.php","meta":{"footnotes":""},"class_list":["post-92","page","type-page","status-publish","hentry"],"_links":{"self":[{"href":"https:\/\/humanisme.assohum.org\/index.php?rest_route=\/wp\/v2\/pages\/92"}],"collection":[{"href":"https:\/\/humanisme.assohum.org\/index.php?rest_route=\/wp\/v2\/pages"}],"about":[{"href":"https:\/\/humanisme.assohum.org\/index.php?rest_route=\/wp\/v2\/types\/page"}],"author":[{"embeddable":true,"href":"https:\/\/humanisme.assohum.org\/index.php?rest_route=\/wp\/v2\/users\/1"}],"replies":[{"embeddable":true,"href":"https:\/\/humanisme.assohum.org\/index.php?rest_route=%2Fwp%2Fv2%2Fcomments&post=92"}],"version-history":[{"count":21,"href":"https:\/\/humanisme.assohum.org\/index.php?rest_route=\/wp\/v2\/pages\/92\/revisions"}],"predecessor-version":[{"id":1482,"href":"https:\/\/humanisme.assohum.org\/index.php?rest_route=\/wp\/v2\/pages\/92\/revisions\/1482"}],"wp:attachment":[{"href":"https:\/\/humanisme.assohum.org\/index.php?rest_route=%2Fwp%2Fv2%2Fmedia&parent=92"}],"curies":[{"name":"wp","href":"https:\/\/api.w.org\/{rel}","templated":true}]}}