{"id":832,"date":"2016-09-02T21:27:21","date_gmt":"2016-09-02T20:27:21","guid":{"rendered":"http:\/\/humanisme.assohum.org\/?page_id=832"},"modified":"2017-01-31T15:48:56","modified_gmt":"2017-01-31T14:48:56","slug":"exercice-de-pensee-critique","status":"publish","type":"page","link":"https:\/\/humanisme.assohum.org\/?page_id=832","title":{"rendered":"Questionnaire 2 &#8211; \u00c9thique"},"content":{"rendered":"<div class='one_half'>\n\t\t\t\t\t<a href='http:\/\/www.humanisme.assohum.org\/?page_id=809' class='small-button smallsilver'>Page pr\u00e9c\u00e9dente<\/a>\n\t\t\t\t<\/div>\n<p style=\"text-align: right;\"><a href='http:\/\/www.humanisme.assohum.org\/?page_id=842' class='small-button smallsilver'>Page suivante<\/a><\/p>\n<p style=\"text-align: justify;\"><span style=\"font-size: 16px;\"><span class=\"goog-gtc-translatablegoog-gtc-from-tmgoog-gtc-from-tm-score-100-fuzzygoog-gtc-ph-missing\">Instructions:\u00a0Instructions: Tapez une br\u00e8ve r\u00e9ponse dans la zone de texte pour chaque question et cliquez sur le lien \u00ab\u00a0r\u00e9ponse sugg\u00e9r\u00e9e\u00a0\u00bb afin de comparer votre r\u00e9ponse \u00e0 celle de l&rsquo;instructeur.<span class=\"goog-gtc-translatablegoog-gtc-from-tmgoog-gtc-from-tm-score-100-ice\"> Si vous avez des difficult\u00e9s revoir les textes.<\/span><\/span><\/span><\/p>\n<p style=\"text-align: justify;\">\u00a0<\/p>\n<p>&nbsp;<\/p>\n<p><span style=\"font-size: 16px;\"><strong>1.\u00a0<\/strong><span class=\"goog-gtc-translatablegoog-gtc-from-human\"><b>Revoyez l&rsquo;exemple du terroriste qui menace de d\u00e9truire une grande ville.<\/b><\/span><b> <span class=\"goog-gtc-translatablegoog-gtc-from-human\">Selon l&rsquo;utilitarisme, qui devriez-vous faire?<\/span><\/b><\/span><\/p>\n<p><span style=\"font-size: 16px;\">\u00a0<textarea cols=\"80\" name=\"textarea\" rows=\"10\"><\/textarea><\/span><\/p>\n<p><span style=\"font-size: 16px;\"><div class='et-learn-more clearfix'>\n\t\t\t\t\t<h3 class='heading-more'>R\u00e9ponse sugg\u00e9r\u00e9e<span class='et_learnmore_arrow'><span><\/span><\/span><\/h3>\n\t\t\t\t\t<div class='learn-more-content'>\u00a0L&rsquo;approche utilitariste consid\u00e9rerait que tuer le terroriste serait le meilleur geste \u00e0 poser en supposant que ce meurtre maximiserait le bonheur dans le monde.\u00a0\u00a0<\/div>\n\t\t\t\t<\/div>\u00a0<\/span><\/p>\n<p>&nbsp;<\/p>\n<p style=\"text-align: justify;\"><span style=\"font-size: 14px;\"><strong>2.\u00a0<\/strong><\/span><span style=\"font-size: 16px;\"><b>Est-ce que la TDC peut \u00eatre rescap\u00e9e en y ajoutant plus de commandements?<\/b><\/span><\/p>\n<p><span style=\"font-size: 16px;\">\u00a0<\/span><textarea cols=\"80\" name=\"textarea\" rows=\"10\"><\/textarea><\/p>\n<div class='et-learn-more clearfix'>\n\t\t\t\t\t<h3 class='heading-more'>R\u00e9ponse sugg\u00e9r\u00e9e<span class='et_learnmore_arrow'><span><\/span><\/span><\/h3>\n\t\t\t\t\t<div class='learn-more-content'><span style=\"font-size: 16px;\">\u00a0La <abbr class='c2c-text-hover' title='Une construction mentale humaine plus complexe qu&#039;une simple hypoth\u00e8se.'>th\u00e9orie<\/abbr> des Dix Commandements peut \u00eatre am\u00e9lior\u00e9e en y ajoutant des exceptions du genre \u00ab\u00a0Tu ne voleras point, \u00e0 moins que cela puisse sauver la <abbr class='c2c-text-hover' title='Un concept tr\u00e8s difficile \u00e0 d\u00e9finir. Une fa\u00e7on de consid\u00e9rer la chose est qu&#039;il s&#039;agit d&#039;une propri\u00e9t\u00e9 de la mati\u00e8re caract\u00e9ris\u00e9e par un processus de m\u00e9tabolisme (transformation de mati\u00e8res premi\u00e8res en \u00e9nergie utilis\u00e9e pour la croissance et la reproduction).'>vie<\/abbr> d&rsquo;innocents\u00a0\u00bb. Mais devant la grande <abbr class='c2c-text-hover' title='Une mesure de la quantit\u00e9 d&#039;information n\u00e9cessaire pour d\u00e9crire un syst\u00e8me ou un ph\u00e9nom\u00e8ne donn\u00e9. Notez que de longues s\u00e9quences de nombres al\u00e9atoires sont tr\u00e8s complexes, de sorte que la complexit\u00e9 n&#039;est pas en soi suffisante pour g\u00e9n\u00e9rer le profil typique des structures biologiques.'>complexit\u00e9<\/abbr> de nos choix moraux de telles r\u00e8gles devraient \u00e9galement comporter des exceptions. On devrait ajouter de nouvelles r\u00e8gles et exceptions ind\u00e9finiment pour arriver \u00e0 un code moral qui serait am\u00e9lior\u00e9, mais quand m\u00eame inapplicable en pratique.\u00a0\u00a0<span style=\"font-size: 14px;\">\u00a0<\/span>\u00a0<\/span><\/div>\n\t\t\t\t<\/div>\n<p>&nbsp;<\/p>\n<p>&nbsp;<\/p>\n<p><span style=\"font-size: 14px;\"><strong>3.\u00a0<\/strong><\/span><span style=\"font-size: 16px;\"><span class=\"goog-gtc-translatablegoog-gtc-from-mt\"><b>Quel \u00e9l\u00e9ment important est absent de toutes les <abbr class='c2c-text-hover' title='Une construction mentale humaine plus complexe qu&#039;une simple hypoth\u00e8se.'>th\u00e9ories<\/abbr> formalistes?<\/b><\/span><b> <span class=\"goog-gtc-translatablegoog-gtc-from-human\">De quelle fa\u00e7on cet \u00e9l\u00e9ment pourrait \u00eatre ajout\u00e9 aux <abbr class='c2c-text-hover' title='Une construction mentale humaine plus complexe qu&#039;une simple hypoth\u00e8se.'>th\u00e9ories<\/abbr> formalistes (comment modifieriez-vous la <abbr class='c2c-text-hover' title='Une construction mentale humaine plus complexe qu&#039;une simple hypoth\u00e8se.'>th\u00e9orie<\/abbr>)?<\/span> <span class=\"goog-gtc-translatablegoog-gtc-from-human\">Faites quelques recherches sur Internet pour voir comment certains philosophes l&rsquo;ont <abbr class='c2c-text-hover' title='En science une observation ou le r\u00e9sultat d&#039;une manipulation exp\u00e9rimentale.'>fait<\/abbr>.<\/span><\/b><\/span><\/p>\n<p><span style=\"font-size: 16px;\">\u00a0<\/span><textarea cols=\"80\" name=\"textarea\" rows=\"10\"><\/textarea><\/p>\n<p><div class='et-learn-more clearfix'>\n\t\t\t\t\t<h3 class='heading-more'>R\u00e9ponse sugg\u00e9r\u00e9e<span class='et_learnmore_arrow'><span><\/span><\/span><\/h3>\n\t\t\t\t\t<div class='learn-more-content'>\u00a0<span style=\"font-size: 16px;\">Les <abbr class='c2c-text-hover' title='Une construction mentale humaine plus complexe qu&#039;une simple hypoth\u00e8se.'>th\u00e9ories<\/abbr> formalistes ne se pr\u00e9occupent pas des cons\u00e9quences de nos actions. Le <abbr class='c2c-text-hover' title='Personne qui se consacre \u00e0 l&#039;\u00e9tude de l&#039;ensemble des conceptions portant sur le principe des \u00eatres et des choses, sur le r\u00f4le de l&#039;humain dans l&#039;univers, sur Dieu, sur l&#039;histoire et de fa\u00e7on g\u00e9n\u00e9rale sur tous les grands probl\u00e8mes de la m\u00e9taphysique.'>philosophe<\/abbr> W.D. Ross a d\u00e9velopp\u00e9 une <abbr class='c2c-text-hover' title='Une construction mentale humaine plus complexe qu&#039;une simple hypoth\u00e8se.'>th\u00e9orie<\/abbr> de la morale en se basant sur une hi\u00e9rarchie ou une gradation des devoirs moraux (formalisme) qui sont \u00e9valu\u00e9s en partie par leurs effets (cons\u00e9quentialisme). Il donne en exemple de tenir ses promesses, de dire la v\u00e9rit\u00e9, de traiter les autres \u00e9quitablement, de faire le bien et d&rsquo;\u00e9viter de maltraiter les gens. Il reconnait \u00e9galement que ces r\u00e8gles peuvent, de temps \u00e0 autres, devenir conflictuelles en certaines circonstances. Pour r\u00e9soudre ces conflits il propose un palmar\u00e8s des devoirs selon leurs importances. Lorsqu&rsquo;un conflit se pr\u00e9sente nous devons donc adopter l&rsquo;action en seconde place de celle qui pose probl\u00e8me. Mais les cons\u00e9quences de ces choix doivent \u00e9galement \u00eatre prises en consid\u00e9ration. Par exemple dans une situation particuli\u00e8re notre devoir de dire la v\u00e9rit\u00e9 peut entrer en conflit avec la r\u00e8gle de ne pas faire de mal aux autres. Dans ce cas notre devoir pourrait \u00eatre de dire un mensonge.<\/span><\/p>\n<p><span style=\"font-size: 16px;\">\u00a0\u00a0\u00a0<\/div>\n\t\t\t\t<\/div>\u00a0<\/span><\/p>\n<p>\u00a0<span style=\"font-size: 16px;\"><strong>4.<\/strong><span class=\"goog-gtc-translatablegoog-gtc-from-mt\"><b>Quel \u00e9l\u00e9ment important est absent de toutes les <abbr class='c2c-text-hover' title='Une construction mentale humaine plus complexe qu&#039;une simple hypoth\u00e8se.'>th\u00e9ories<\/abbr> cons\u00e9quentialistes et q<\/b><\/span><b><span class=\"goog-gtc-translatablegoog-gtc-from-human\">ue feriez-vous pour ajouter cet \u00e9l\u00e9ment aux <abbr class='c2c-text-hover' title='Une construction mentale humaine plus complexe qu&#039;une simple hypoth\u00e8se.'>th\u00e9ories<\/abbr> cons\u00e9quentialistes (comment changer la <abbr class='c2c-text-hover' title='Une construction mentale humaine plus complexe qu&#039;une simple hypoth\u00e8se.'>th\u00e9orie<\/abbr>)?<\/span> <span class=\"goog-gtc-translatablegoog-gtc-from-mt\">Faites quelques recherches sur Internet pour voir comment certains philosophes l&rsquo;ont <abbr class='c2c-text-hover' title='En science une observation ou le r\u00e9sultat d&#039;une manipulation exp\u00e9rimentale.'>fait<\/abbr>.<\/span><\/b><b><span style=\"line-height: 200%;\">?<\/span><\/b><\/span><\/p>\n<p><span style=\"font-size: 16px;\">\u00a0<\/span><textarea cols=\"80\" name=\"textarea\" rows=\"10\"><\/textarea><\/p>\n<p><div class='et-learn-more clearfix'>\n\t\t\t\t\t<h3 class='heading-more'>R\u00e9ponse sugg\u00e9r\u00e9e<span class='et_learnmore_arrow'><span><\/span><\/span><\/h3>\n\t\t\t\t\t<div class='learn-more-content'>\u00a0<span style=\"font-size: 16px;\">Les <abbr class='c2c-text-hover' title='Une construction mentale humaine plus complexe qu&#039;une simple hypoth\u00e8se.'>th\u00e9ories<\/abbr> cons\u00e9quentialistes ignorent des \u00e9l\u00e9ments tels que le concept de justice et les droits individuels qui doivent parfois \u00eatre pris en consid\u00e9ration ind\u00e9pendamment des cons\u00e9quences. Par exemple emprisonner ou torturer un innocent uniquement pour rendre d&rsquo;autres personnes heureuses est clairement en opposition avec nos jugements moraux raisonn\u00e9s. Une fa\u00e7on simple pour incorporer ces \u00e9l\u00e9ments dans une <abbr class='c2c-text-hover' title='Une construction mentale humaine plus complexe qu&#039;une simple hypoth\u00e8se.'>th\u00e9orie<\/abbr> cons\u00e9quentialiste serait d\u2019ajouter un principe fondamental du genre: les bonnes actions sont celles qui maximisent le bonheur sans violer les droits de personne. Donc, une action qui maximiserait le bonheur serait admissible sauf elle viole un droit fondamental comme la libert\u00e9 ou le droit de parole. Cette <abbr class='c2c-text-hover' title='Une construction mentale humaine plus complexe qu&#039;une simple hypoth\u00e8se.'>th\u00e9orie<\/abbr> ne serait pas encore parfaite car il pourrait se pr\u00e9senter des situations o\u00f9 ce principe serait en contradiction avec nos jugements moraux raisonn\u00e9s. Mais cela serait tout de m\u00eame une am\u00e9lioration aux <abbr class='c2c-text-hover' title='Une construction mentale humaine plus complexe qu&#039;une simple hypoth\u00e8se.'>th\u00e9ories<\/abbr> strictement cons\u00e9quentialistes.<\/span><\/p>\n<p><span style=\"font-size: 16px;\">\u00a0\u00a0\u00a0<\/div>\n\t\t\t\t<\/div>\u00a0<\/span><\/p>\n<div class='one_half'>\n\t\t\t\t\t<a href='http:\/\/www.humanisme.assohum.org\/?page_id=809' class='small-button smallsilver'>Page pr\u00e9c\u00e9dente<\/a>\n\t\t\t\t<\/div>\n<p style=\"text-align: right;\"><a href='http:\/\/www.humanisme.assohum.org\/?page_id=842' class='small-button smallsilver'>Page suivante<\/a><\/p>\n","protected":false},"excerpt":{"rendered":"<p>Instructions:\u00a0Instructions: Tapez une br\u00e8ve r\u00e9ponse dans la zone de texte pour chaque question et cliquez sur le lien \u00ab\u00a0r\u00e9ponse sugg\u00e9r\u00e9e\u00a0\u00bb afin de comparer votre r\u00e9ponse \u00e0 celle de l&rsquo;instructeur. Si vous avez des difficult\u00e9s revoir les textes. \u00a0 &nbsp; 1.\u00a0Revoyez l&rsquo;exemple du terroriste qui menace de d\u00e9truire une grande ville. Selon l&rsquo;utilitarisme, qui devriez-vous faire? [&hellip;]<\/p>\n","protected":false},"author":1,"featured_media":0,"parent":0,"menu_order":0,"comment_status":"open","ping_status":"open","template":"page-full.php","meta":{"footnotes":""},"class_list":["post-832","page","type-page","status-publish","hentry"],"_links":{"self":[{"href":"https:\/\/humanisme.assohum.org\/index.php?rest_route=\/wp\/v2\/pages\/832"}],"collection":[{"href":"https:\/\/humanisme.assohum.org\/index.php?rest_route=\/wp\/v2\/pages"}],"about":[{"href":"https:\/\/humanisme.assohum.org\/index.php?rest_route=\/wp\/v2\/types\/page"}],"author":[{"embeddable":true,"href":"https:\/\/humanisme.assohum.org\/index.php?rest_route=\/wp\/v2\/users\/1"}],"replies":[{"embeddable":true,"href":"https:\/\/humanisme.assohum.org\/index.php?rest_route=%2Fwp%2Fv2%2Fcomments&post=832"}],"version-history":[{"count":10,"href":"https:\/\/humanisme.assohum.org\/index.php?rest_route=\/wp\/v2\/pages\/832\/revisions"}],"predecessor-version":[{"id":1241,"href":"https:\/\/humanisme.assohum.org\/index.php?rest_route=\/wp\/v2\/pages\/832\/revisions\/1241"}],"wp:attachment":[{"href":"https:\/\/humanisme.assohum.org\/index.php?rest_route=%2Fwp%2Fv2%2Fmedia&parent=832"}],"curies":[{"name":"wp","href":"https:\/\/api.w.org\/{rel}","templated":true}]}}