{"id":662,"date":"2014-04-02T01:59:01","date_gmt":"2014-04-02T00:59:01","guid":{"rendered":"http:\/\/humanisme.assohum.org\/?page_id=662"},"modified":"2016-12-16T17:26:39","modified_gmt":"2016-12-16T16:26:39","slug":"evolution-creationnisme-et-sciences-avance-6","status":"publish","type":"page","link":"https:\/\/humanisme.assohum.org\/?page_id=662","title":{"rendered":"\u00c9volution, cr\u00e9ationnisme et sciences &#8211; avanc\u00e9 &#8211; test 3"},"content":{"rendered":"<h1 style=\"text-align: center;\"><span style=\"color: #993366;\">Testez vos connaissances<\/span><\/h1>\n<p>&nbsp;<\/p>\n<h2>Questions \u00e0 d\u00e9veloppement<\/h2>\n<p><span style=\"font-size: medium; line-height: 1.5em;\">\u00c9crivez un court texte dans la boite ci-dessous pour chacune des questions et ensuite positionnez votre curseur sur le mot \u00ab\u00a0<\/span><span style=\"color: #993366;\">r\u00e9ponse sugg\u00e9r\u00e9e<\/span><span style=\"font-size: medium; line-height: 1.5em;\">\u00a0\u00bb pour comparer votre r\u00e9ponse. Si vous avez de la difficult\u00e9, relisez les textes pr\u00e9c\u00e9dents.<\/span><\/p>\n<p><span style=\"font-size: medium;\"><strong>1.Aristote a d\u00e9fini quatre types fondamentaux de questions que l&rsquo;on peut se poser sur un sujet donn\u00e9, et les a appel\u00e9s les \u00abcauses\u00bb: les causes mat\u00e9rielles, formelles, efficientes et finales. \u00c0 quoi se r\u00e9f\u00e8rent-elles?<\/strong><\/span><\/p>\n<p><span style=\"font-size: medium;\">\u00a0<\/span><textarea cols=\"80\" name=\"textarea\" rows=\"10\"><\/textarea><\/p>\n<div class='et-learn-more clearfix'>\n\t\t\t\t\t<h3 class='heading-more'>R\u00e9ponse sugg\u00e9r\u00e9e<span class='et_learnmore_arrow'><span><\/span><\/span><\/h3>\n\t\t\t\t\t<div class='learn-more-content'>En bref, la cause mat\u00e9rielle aborde la question \u00e0 savoir de quoi est <abbr class='c2c-text-hover' title='En science une observation ou le r\u00e9sultat d&#039;une manipulation exp\u00e9rimentale.'>fait<\/abbr> quelque chose, par exemple, le marbre dont une statue a \u00e9t\u00e9 faite, par opposition \u00e0 du bronze, les causes formelles, le genre de chose qu&rsquo;est l&rsquo;objet, par exemple, une statue d&rsquo;Aristote, par opposition \u00e0 celle d&rsquo;une autre personne, les causes efficientes, le cr\u00e9ateur de l&rsquo;objet par exemple, un sculpteur plut\u00f4t qu&rsquo;un autre et les causes finales, la fonction ultime de cet objet par exemple, pour c\u00e9l\u00e9brer un grand penseur, par opposition \u00e0 se moquer de lui, si la statue \u00e9tait une caricature.\u00a0<\/div>\n\t\t\t\t<\/div>\n<p><span style=\"font-size: medium;\"><b>2.\u00a0En quel sens la <abbr class='c2c-text-hover' title='Une construction mentale humaine plus complexe qu&#039;une simple hypoth\u00e8se.'>th\u00e9orie<\/abbr> de l&rsquo;<abbr class='c2c-text-hover' title='Techniquement, le processus naturel par lequel la vie change et se diversifie. La caract\u00e9ristique d&#039;un processus \u00e9volutif, c&#039;est qu&#039;il provoque des changements dans la fr\u00e9quence des g\u00e8nes dans une population d&#039;organisme vivant.'>\u00e9volution<\/abbr> par s\u00e9lection naturelle de Darwin r\u00e9introduit-elle les cat\u00e9gories aristot\u00e9liciennes des causes efficientes et finales dans la science?<\/b><\/span><\/p>\n<p><span style=\"font-size: medium;\">\u00a0<textarea cols=\"80\" name=\"textarea\" rows=\"10\"><\/textarea><\/span><\/p>\n<div class='et-learn-more clearfix'>\n\t\t\t\t\t<h3 class='heading-more'>R\u00e9ponse sugg\u00e9r\u00e9e<span class='et_learnmore_arrow'><span><\/span><\/span><\/h3>\n\t\t\t\t\t<div class='learn-more-content'>Les causes efficientes et finales \u00e9taient consid\u00e9r\u00e9es comme suspectes dans la science depuis les travaux de Francis Bacon, car elles laissaient trop de place \u00e0 la sp\u00e9culation philosophique dans ce qui est cens\u00e9 \u00eatre une science <abbr class='c2c-text-hover' title='Qui ne s&#039;appuie que sur l&#039;observation, qui repose sur une exp\u00e9rience commune.'>empirique<\/abbr>. Cependant, Darwin a fourni une explication des causes finales et des causes efficientes des organismes vivants en termes du ph\u00e9nom\u00e8ne qui les rend possibles, la s\u00e9lection naturelle, la cause efficiente et de leur fonction, l&rsquo;adaptation \u00e0 un environnement particulier, la cause finale.\u00a0<\/div>\n\t\t\t\t<\/div>\n<p><span style=\"font-size: medium;\"><b>3.Quelle est la diff\u00e9rence entre la <abbr class='c2c-text-hover' title='Un terme propos\u00e9 par Michael Behe, un autre sympathisant du DI, pour indiquer la possibilit\u00e9 que certaines structures biologiques ne pouvaient pas avoir \u00e9volu\u00e9, car aucune des \u00e9tapes interm\u00e9diaires n&#039;aurait \u00e9t\u00e9 fonctionnelle. Donc si seulement la structure compl\u00e8te peut fonctionner elle ne peut qu&#039;avoir \u00e9t\u00e9 cr\u00e9\u00e9 par un agent intelligent. Les biologistes affirment qu&#039;aucun exemple de complexit\u00e9 irr\u00e9ductible n&#039;a effectivement \u00e9t\u00e9 trouv\u00e9 dans le monde naturel jusqu&#039;\u00e0 pr\u00e9sent.'>complexit\u00e9 irr\u00e9ductible<\/abbr> et incr\u00e9mentale?<\/b><\/span><\/p>\n<p><span style=\"font-size: medium;\">\u00a0<\/span><textarea cols=\"80\" name=\"textarea\" rows=\"10\"><\/textarea><\/p>\n<div class='et-learn-more clearfix'>\n\t\t\t\t\t<h3 class='heading-more'>R\u00e9ponse sugg\u00e9r\u00e9e<span class='et_learnmore_arrow'><span><\/span><\/span><\/h3>\n\t\t\t\t\t<div class='learn-more-content'>La <abbr class='c2c-text-hover' title='Un terme propos\u00e9 par Michael Behe, un autre sympathisant du DI, pour indiquer la possibilit\u00e9 que certaines structures biologiques ne pouvaient pas avoir \u00e9volu\u00e9, car aucune des \u00e9tapes interm\u00e9diaires n&#039;aurait \u00e9t\u00e9 fonctionnelle. Donc si seulement la structure compl\u00e8te peut fonctionner elle ne peut qu&#039;avoir \u00e9t\u00e9 cr\u00e9\u00e9 par un agent intelligent. Les biologistes affirment qu&#039;aucun exemple de complexit\u00e9 irr\u00e9ductible n&#039;a effectivement \u00e9t\u00e9 trouv\u00e9 dans le monde naturel jusqu&#039;\u00e0 pr\u00e9sent.'>complexit\u00e9 irr\u00e9ductible<\/abbr> se r\u00e9f\u00e8re \u00e0 l&rsquo;id\u00e9e que certains objets, par exemple une sourici\u00e8re, ne peuvent pas avoir \u00e9volu\u00e9 par des moyens naturels, parce qu&rsquo;ils ne fonctionnent correctement que lorsque tous les \u00e9l\u00e9ments sont assembl\u00e9s. Par cons\u00e9quent, ils ont besoin d&rsquo;une intelligence, de se regrouper. La <abbr class='c2c-text-hover' title='Une mesure de la quantit\u00e9 d&#039;information n\u00e9cessaire pour d\u00e9crire un syst\u00e8me ou un ph\u00e9nom\u00e8ne donn\u00e9. Notez que de longues s\u00e9quences de nombres al\u00e9atoires sont tr\u00e8s complexes, de sorte que la complexit\u00e9 n&#039;est pas en soi suffisante pour g\u00e9n\u00e9rer le profil typique des structures biologiques.'>complexit\u00e9<\/abbr> incr\u00e9mentale, c&rsquo;est l&rsquo;id\u00e9e que les organismes vivants sont construits progressivement par la s\u00e9lection naturelle et que leur <abbr class='c2c-text-hover' title='Une mesure de la quantit\u00e9 d&#039;information n\u00e9cessaire pour d\u00e9crire un syst\u00e8me ou un ph\u00e9nom\u00e8ne donn\u00e9. Notez que de longues s\u00e9quences de nombres al\u00e9atoires sont tr\u00e8s complexes, de sorte que la complexit\u00e9 n&#039;est pas en soi suffisante pour g\u00e9n\u00e9rer le profil typique des structures biologiques.'>complexit\u00e9<\/abbr> se r\u00e9alise par une s\u00e9rie d&rsquo;\u00e9tapes qui, prises individuellement, sont soit avantageuses, ou \u00e0 tout le moins ne pas nuisent pas \u00e0 l&rsquo;organisme.<\/div>\n\t\t\t\t<\/div>\n<h3><span style=\"text-decoration: underline;\">Exercice de <abbr class='c2c-text-hover' title='Un terme dont on a souvent abus\u00e9. Cette th\u00e9orie de l&#039;enseignement se r\u00e9f\u00e8re \u00e0 un ensemble de comp\u00e9tences vaguement d\u00e9finie que les enseignants devraient encourager chez leur \u00e9l\u00e8ves. ils incluent la capacit\u00e9 d&#039;examiner de fa\u00e7on rationnelle les arguments et les \u00e9l\u00e9ments de preuve et de tirer des conclusions sur cette base.'>pens\u00e9e critique<\/abbr><\/span><\/h3>\n<p><span style=\"font-size: medium;\">Instructions: Tapez une br\u00e8ve r\u00e9ponse \u00e0 la zone de texte pour chaque question, puis cliquez sur le lien R\u00e9ponse de l\u2019instructeur afin de comparer votre r\u00e9ponse. Si vous avez des difficult\u00e9s, relisez les textes.<\/span><\/p>\n<p><span style=\"font-size: medium;\">\u00c9crivez un court texte dans la boite ci-dessous pour chacune des questions et ensuite positionnez votre curseur sur le mot \u00ab\u00a0<span style=\"color: #993366;\">r\u00e9ponse sugg\u00e9r\u00e9e<\/span>\u00a0\u00bb pour comparer votre r\u00e9ponse. Si vous avez de la difficult\u00e9, relisez les textes pr\u00e9c\u00e9dents.<\/span><\/p>\n<p><span style=\"font-size: medium;\"><strong>1.Imaginez que vous \u00eates un scientifique travaillant pour le projet SETI (Search for Extraterrestrial Intelligence) et vous recevez sur une base r\u00e9guli\u00e8re, un signal au rythme rapide d&rsquo;une source ext\u00e9rieure \u00e0 la Terre. Le signal est une pulsation unique qui se r\u00e9p\u00e8te plusieurs fois par seconde pendant plusieurs heures. Il n&rsquo;ya pas de ph\u00e9nom\u00e8ne naturel connu qui peut g\u00e9n\u00e9rer ces impulsions d&rsquo;ondes radio. Est-ce que vous annonceriez imm\u00e9diatement au monde que vous avez d\u00e9couvert des preuves de <abbr class='c2c-text-hover' title='Un concept tr\u00e8s difficile \u00e0 d\u00e9finir. Une fa\u00e7on de consid\u00e9rer la chose est qu&#039;il s&#039;agit d&#039;une propri\u00e9t\u00e9 de la mati\u00e8re caract\u00e9ris\u00e9e par un processus de m\u00e9tabolisme (transformation de mati\u00e8res premi\u00e8res en \u00e9nergie utilis\u00e9e pour la croissance et la reproduction).'>vie<\/abbr> intelligente dans l&rsquo;univers? Comment utiliseriez-vous le crit\u00e8re de <abbr class='c2c-text-hover' title='Une mesure de la quantit\u00e9 d&#039;information n\u00e9cessaire pour d\u00e9crire un syst\u00e8me ou un ph\u00e9nom\u00e8ne donn\u00e9. Notez que de longues s\u00e9quences de nombres al\u00e9atoires sont tr\u00e8s complexes, de sorte que la complexit\u00e9 n&#039;est pas en soi suffisante pour g\u00e9n\u00e9rer le profil typique des structures biologiques.'>complexit\u00e9<\/abbr> de la <abbr class='c2c-text-hover' title='Selon un des promoteurs du DI, William Demski, une mesure de la fa\u00e7on dont une structure donn\u00e9e correspond \u00e0 une fonction donn\u00e9e. La sp\u00e9cification doit \u00eatre ajout\u00e9e \u00e0 la complexit\u00e9 pour g\u00e9n\u00e9rer des structures biologiques adapt\u00e9s \u00e0 vivre dans un certain environnement. Bien que les scientifiques seraient d&#039;accord avec cette description, il n&#039;y a aucune raison de penser que le jumelage de la sp\u00e9cification et de la complexit\u00e9 n\u00e9cessite l&#039;intervention d&#039;un concepteur intelligent et ne peut pas \u00eatre atteint par des moyens naturels, tels que la s\u00e9lection naturelle.'>sp\u00e9cification<\/abbr> afin de d\u00e9cider ce qu&rsquo;il faut penser des signaux?<\/strong><\/span><\/p>\n<p><span style=\"font-size: medium;\">\u00a0<\/span><textarea cols=\"80\" name=\"textarea\" rows=\"10\"><\/textarea><\/p>\n<div class='et-learn-more clearfix'>\n\t\t\t\t\t<h3 class='heading-more'>R\u00e9ponse sugg\u00e9r\u00e9e<span class='et_learnmore_arrow'><span><\/span><\/span><\/h3>\n\t\t\t\t\t<div class='learn-more-content'>Vous devez \u00eatre prudent avant de rendre la nouvelle publique sans autre v\u00e9rification. Bien qu&rsquo;il n&rsquo;existe pas de ph\u00e9nom\u00e8ne naturel connu, pouvant expliquer les donn\u00e9es, le signal est trop simple, il s&rsquo;agit d&rsquo;une impulsion, r\u00e9p\u00e9t\u00e9e maintes et maintes fois, de sorte qu&rsquo;il ne r\u00e9pond pas au crit\u00e8re de <abbr class='c2c-text-hover' title='Une mesure de la quantit\u00e9 d&#039;information n\u00e9cessaire pour d\u00e9crire un syst\u00e8me ou un ph\u00e9nom\u00e8ne donn\u00e9. Notez que de longues s\u00e9quences de nombres al\u00e9atoires sont tr\u00e8s complexes, de sorte que la complexit\u00e9 n&#039;est pas en soi suffisante pour g\u00e9n\u00e9rer le profil typique des structures biologiques.'>complexit\u00e9<\/abbr>. \u00c9galement, \u00e0 moins que vous ne puissiez d\u00e9terminer une signification quelconque au signal lui-m\u00eame, il \u00e9choue au test de <abbr class='c2c-text-hover' title='Selon un des promoteurs du DI, William Demski, une mesure de la fa\u00e7on dont une structure donn\u00e9e correspond \u00e0 une fonction donn\u00e9e. La sp\u00e9cification doit \u00eatre ajout\u00e9e \u00e0 la complexit\u00e9 pour g\u00e9n\u00e9rer des structures biologiques adapt\u00e9s \u00e0 vivre dans un certain environnement. Bien que les scientifiques seraient d&#039;accord avec cette description, il n&#039;y a aucune raison de penser que le jumelage de la sp\u00e9cification et de la complexit\u00e9 n\u00e9cessite l&#039;intervention d&#039;un concepteur intelligent et ne peut pas \u00eatre atteint par des moyens naturels, tels que la s\u00e9lection naturelle.'>sp\u00e9cification<\/abbr>. En effet, un tel cas s&rsquo;est produit dans les ann\u00e9es 1960, quand les astronomes ont d\u00e9couvert une nouvelle classe d&rsquo;\u00e9toiles appel\u00e9es pulsars, qui tournent tr\u00e8s vite autour de leur axe, \u00e9mettant des ondes radio durant le processus. La premi\u00e8re pens\u00e9e des astronomes qui ont d\u00e9couvert ce ph\u00e9nom\u00e8ne \u00e9tait qu&rsquo;ils avaient trouv\u00e9 des preuves de <abbr class='c2c-text-hover' title='Un concept tr\u00e8s difficile \u00e0 d\u00e9finir. Une fa\u00e7on de consid\u00e9rer la chose est qu&#039;il s&#039;agit d&#039;une propri\u00e9t\u00e9 de la mati\u00e8re caract\u00e9ris\u00e9e par un processus de m\u00e9tabolisme (transformation de mati\u00e8res premi\u00e8res en \u00e9nergie utilis\u00e9e pour la croissance et la reproduction).'>vie<\/abbr> extraterrestre, si bien qu&rsquo;ils ont surnomm\u00e9 la source du signal \u00abLGM\u00bb, pour Little Green Men, petits hommes verts, comment savaient-ils que c&rsquo;\u00e9tait des hommes, de couleur verte et de petite taille?.\u00a0<\/div>\n\t\t\t\t<\/div>\n<p><span style=\"font-size: medium;\"><b>2.\u00a0Imaginez que vous \u00eates en train de d\u00e9battre avec un partisan du <abbr class='c2c-text-hover' title='(DI) Une variante du cr\u00e9ationnisme qui repose sur l&#039;id\u00e9e que la complexit\u00e9 de l&#039;univers prouve l&#039;existence d&#039;une divinit\u00e9 surnaturelle.'>dessein intelligent<\/abbr> dans un forum public. Quels sont vos meilleurs arguments?<\/b><\/span><\/p>\n<p><span style=\"font-size: medium;\">\u00a0<\/span><textarea cols=\"80\" name=\"textarea\" rows=\"10\"><\/textarea><\/p>\n<p><div class='et-learn-more clearfix'>\n\t\t\t\t\t<h3 class='heading-more'>R\u00e9ponse sugg\u00e9r\u00e9e<span class='et_learnmore_arrow'><span><\/span><\/span><\/h3>\n\t\t\t\t\t<div class='learn-more-content'>Les possibilit\u00e9s sont nombreuses, mais peut-\u00eatre que l&rsquo;argument le plus fort est que l&rsquo;option du <abbr class='c2c-text-hover' title='(DI) Une variante du cr\u00e9ationnisme qui repose sur l&#039;id\u00e9e que la complexit\u00e9 de l&#039;univers prouve l&#039;existence d&#039;une divinit\u00e9 surnaturelle.'>dessein intelligent<\/abbr> repose essentiellement sur l&rsquo;argument d&rsquo;ignorance, les partisans du <abbr class='c2c-text-hover' title='(DI) Une variante du cr\u00e9ationnisme qui repose sur l&#039;id\u00e9e que la complexit\u00e9 de l&#039;univers prouve l&#039;existence d&#039;une divinit\u00e9 surnaturelle.'>DI<\/abbr> soutiennent que puisque nous n&rsquo;avons pas la r\u00e9ponse \u00e0 un probl\u00e8me scientifique particulier, ceci est donc une preuve directe d&rsquo;une intervention <abbr class='c2c-text-hover' title='Qu&#039;on juge ne pas appartenir au monde naturel, qui semble en dehors du domaine de l&#039;exp\u00e9rience et \u00e9chapper aux lois de la nature.'>surnaturelle<\/abbr> intelligente. Si cet argument avait \u00e9t\u00e9 utilis\u00e9 dans la Gr\u00e8ce antique, nous aurions conclu que de toute \u00e9vidence le <abbr class='c2c-text-hover' title='En science une observation ou le r\u00e9sultat d&#039;une manipulation exp\u00e9rimentale.'>fait<\/abbr> que nous ne pouvons pas comprendre d&rsquo;ou viennent les \u00e9clairs est la preuve de l&rsquo;existence de Zeus et, qu&rsquo;en outre, qu&rsquo;il est parfois tr\u00e8s en col\u00e8re.\u00a0<\/div>\n\t\t\t\t<\/div><br \/>\n <span style=\"font-size: medium;\">\u00a0<\/span><\/p>\n<p><span style=\"line-height: 1.5em;\"><div class='et-box et-info'>\n\t\t\t\t\t<div class='et-box-content'><\/span><\/p>\n<p class=\"MsoNormal\" style=\"font-weight: bold; text-decoration: underline;\"><strong><span style=\"font-size: medium;\">Travaux pratiques<\/span><\/strong><\/p>\n<p><span style=\"font-size: medium;\">Instructions: effectuez les recherches et les \u00e9crits attribu\u00e9s selon les directives. Si vous avez des difficult\u00e9s, relisez les textes. Vous pouvez utiliser l&rsquo;indicateur de point de d\u00e9part pour votre essai.<\/span><\/p>\n<ol>\n<li><span style=\"font-size: medium;\">Faites une recherche internet sur les critiques du <abbr class='c2c-text-hover' title='(DI) Une variante du cr\u00e9ationnisme qui repose sur l&#039;id\u00e9e que la complexit\u00e9 de l&#039;univers prouve l&#039;existence d&#039;une divinit\u00e9 surnaturelle.'>dessein intelligent<\/abbr>, notamment celles portant sur Behe et les arguments de Dembski. Voyez si vous pouvez s\u00e9parer les objections scientifiques des objections philosophiques au <abbr class='c2c-text-hover' title='(DI) Une variante du cr\u00e9ationnisme qui repose sur l&#039;id\u00e9e que la complexit\u00e9 de l&#039;univers prouve l&#039;existence d&#039;une divinit\u00e9 surnaturelle.'>DI<\/abbr>. R\u00e9diger un texte de 500 mots pour expliquer vos observations. Vous devriez constater que les critiques scientifiques sont bas\u00e9es sur des arguments positifs, tandis que les critiques philosophiques sont construites autour d&rsquo;arguments n\u00e9gatifs. (Les mots positifs et n\u00e9gatifs ici n&rsquo;impliquent pas un jugement de valeur, ils sont juste une description du genre d&rsquo;arguments propos\u00e9s). Une r\u00e9futation scientifique va g\u00e9n\u00e9ralement mettre l&#8217;emphase sur des explications alternatives aux solutions propos\u00e9es par le <abbr class='c2c-text-hover' title='(DI) Une variante du cr\u00e9ationnisme qui repose sur l&#039;id\u00e9e que la complexit\u00e9 de l&#039;univers prouve l&#039;existence d&#039;une divinit\u00e9 surnaturelle.'>DI<\/abbr> que l&rsquo;on peut rassembler \u00e0 partir d&rsquo;une \u00e9tude <abbr class='c2c-text-hover' title='Qui ne s&#039;appuie que sur l&#039;observation, qui repose sur une exp\u00e9rience commune.'>empirique<\/abbr> de la biologie. Une objection philosophique au <abbr class='c2c-text-hover' title='(DI) Une variante du cr\u00e9ationnisme qui repose sur l&#039;id\u00e9e que la complexit\u00e9 de l&#039;univers prouve l&#039;existence d&#039;une divinit\u00e9 surnaturelle.'>DI<\/abbr> s&rsquo;\u00e9chafaudera probablement \u00e0 partir de l&rsquo;analyse des concepts et des <abbr class='c2c-text-hover' title='Une hypoth\u00e8se est une construction mentale qui est utilis\u00e9 pour fournir une explication raisonnable et temporaire d&#039;une explication causale d&#039;un ensemble de faits.'>hypoth\u00e8ses<\/abbr> int\u00e9gr\u00e9es dans les propositions du <abbr class='c2c-text-hover' title='(DI) Une variante du cr\u00e9ationnisme qui repose sur l&#039;id\u00e9e que la complexit\u00e9 de l&#039;univers prouve l&#039;existence d&#039;une divinit\u00e9 surnaturelle.'>dessein intelligent<\/abbr> et va tenter de d\u00e9montrer qu&rsquo;ils ne tiennent pas la route.<\/span><\/li>\n<\/ol><\/div><\/div><br \/>\n <div class='one_half'>\n\t\t\t\t\t<a href='http:\/\/www.humanisme.assohum.org\/?page_id=522' class='small-button smallsilver'>Page pr\u00e9c\u00e9dente<\/a>\n\t\t\t\t<\/div><\/p>\n<p style=\"text-align: right;\"><a href='http:\/\/www.humanisme.assohum.org\/?page_id=670%20' class='small-button smallsilver'>Page suivante<\/a><\/p>\n","protected":false},"excerpt":{"rendered":"<p>Testez vos connaissances &nbsp; Questions \u00e0 d\u00e9veloppement \u00c9crivez un court texte dans la boite ci-dessous pour chacune des questions et ensuite positionnez votre curseur sur le mot \u00ab\u00a0r\u00e9ponse sugg\u00e9r\u00e9e\u00a0\u00bb pour comparer votre r\u00e9ponse. Si vous avez de la difficult\u00e9, relisez les textes pr\u00e9c\u00e9dents. 1.Aristote a d\u00e9fini quatre types fondamentaux de questions que l&rsquo;on peut se [&hellip;]<\/p>\n","protected":false},"author":1,"featured_media":0,"parent":491,"menu_order":5,"comment_status":"open","ping_status":"open","template":"page-full.php","meta":{"footnotes":""},"class_list":["post-662","page","type-page","status-publish","hentry"],"_links":{"self":[{"href":"https:\/\/humanisme.assohum.org\/index.php?rest_route=\/wp\/v2\/pages\/662"}],"collection":[{"href":"https:\/\/humanisme.assohum.org\/index.php?rest_route=\/wp\/v2\/pages"}],"about":[{"href":"https:\/\/humanisme.assohum.org\/index.php?rest_route=\/wp\/v2\/types\/page"}],"author":[{"embeddable":true,"href":"https:\/\/humanisme.assohum.org\/index.php?rest_route=\/wp\/v2\/users\/1"}],"replies":[{"embeddable":true,"href":"https:\/\/humanisme.assohum.org\/index.php?rest_route=%2Fwp%2Fv2%2Fcomments&post=662"}],"version-history":[{"count":10,"href":"https:\/\/humanisme.assohum.org\/index.php?rest_route=\/wp\/v2\/pages\/662\/revisions"}],"predecessor-version":[{"id":1100,"href":"https:\/\/humanisme.assohum.org\/index.php?rest_route=\/wp\/v2\/pages\/662\/revisions\/1100"}],"up":[{"embeddable":true,"href":"https:\/\/humanisme.assohum.org\/index.php?rest_route=\/wp\/v2\/pages\/491"}],"wp:attachment":[{"href":"https:\/\/humanisme.assohum.org\/index.php?rest_route=%2Fwp%2Fv2%2Fmedia&parent=662"}],"curies":[{"name":"wp","href":"https:\/\/api.w.org\/{rel}","templated":true}]}}