{"id":631,"date":"2014-03-20T01:53:09","date_gmt":"2014-03-20T00:53:09","guid":{"rendered":"http:\/\/humanisme.assohum.org\/?page_id=631"},"modified":"2016-12-16T17:10:34","modified_gmt":"2016-12-16T16:10:34","slug":"evolution-creationnisme-et-sciences-avance-4","status":"publish","type":"page","link":"https:\/\/humanisme.assohum.org\/?page_id=631","title":{"rendered":"\u00c9volution, cr\u00e9ationnisme et sciences &#8211; avanc\u00e9 &#8211; test 2"},"content":{"rendered":"<h1 style=\"text-align: center;\"><span style=\"color: #993366;\">Testez vos connaissances<\/span><\/h1>\n<h3>\u00a0<\/h3>\n<h3><span style=\"text-decoration: underline;\">Questions \u00e0 d\u00e9veloppement<\/span><\/h3>\n<p><span style=\"font-size: medium;\">\u00c9crivez un court texte dans la boite ci-dessous pour chacune des questions et ensuite positionnez votre curseur sur le mot \u00ab\u00a0<span style=\"color: #993366;\">r\u00e9ponse sugg\u00e9r\u00e9e<\/span>\u00a0\u00bb pour comparer votre r\u00e9ponse. Si vous avez de la difficult\u00e9, relisez les textes pr\u00e9c\u00e9dents.<\/span><\/p>\n<p><strong>1.<span style=\"font-size: medium;\">\u00a0Pourquoi est-il probl\u00e9matique d&rsquo;avoir autant de sortes diff\u00e9rentes de <abbr class='c2c-text-hover' title='Un ensemble de croyances qui affirme que l&#039;univers et tout ce qu&#039;il contient a \u00e9t\u00e9 cr\u00e9\u00e9 \u00e0 partir de rien par un \u00eatre surnaturel. Il existe de nombreuses versions du cr\u00e9ationnisme, selon les croyances religieuses de leurs promoteurs.'>cr\u00e9ationnisme<\/abbr>, alors qu&rsquo;on ne voit pas de probl\u00e8me \u00e0 ce que les scientifiques aient des id\u00e9es diff\u00e9rentes sur l&rsquo;<abbr class='c2c-text-hover' title='Techniquement, le processus naturel par lequel la vie change et se diversifie. La caract\u00e9ristique d&#039;un processus \u00e9volutif, c&#039;est qu&#039;il provoque des changements dans la fr\u00e9quence des g\u00e8nes dans une population d&#039;organisme vivant.'>\u00e9volution<\/abbr>?<\/span><\/strong><\/p>\n<p><span style=\"font-size: medium;\">\u00a0<\/span><textarea cols=\"80\" name=\"textarea\" rows=\"10\"><\/textarea><\/p>\n<p style=\"text-align: justify;\"><div class='et-learn-more clearfix'>\n\t\t\t\t\t<h3 class='heading-more'>R\u00e9ponse sugg\u00e9r\u00e9e<span class='et_learnmore_arrow'><span><\/span><\/span><\/h3>\n\t\t\t\t\t<div class='learn-more-content'><span style=\"font-size: 16px;\">Discuter d&rsquo;id\u00e9es diff\u00e9rentes, c&rsquo;est la marque d&rsquo;une d\u00e9marche ouverte, et c&rsquo;est n\u00e9cessaire au processus de la science, ce n&rsquo;est pas comme tenter de concilier des convictions clairement incompatibles. Par exemple, les biologistes \u00e9volutionnistes discutent encore des m\u00e9canismes quantitatifs de l&rsquo;<abbr class='c2c-text-hover' title='Techniquement, le processus naturel par lequel la vie change et se diversifie. La caract\u00e9ristique d&#039;un processus \u00e9volutif, c&#039;est qu&#039;il provoque des changements dans la fr\u00e9quence des g\u00e8nes dans une population d&#039;organisme vivant.'>\u00e9volution<\/abbr>. Se <abbr class='c2c-text-hover' title='En science une observation ou le r\u00e9sultat d&#039;une manipulation exp\u00e9rimentale.'>fait<\/abbr>-elle toujours progressivement par de nombreuses petites \u00e9tapes, comme le pr\u00e9cise Darwin, ou est-elle soumise \u00e0 des p\u00e9riodes d&rsquo;acc\u00e9l\u00e9ration qui, \u00e0 l&rsquo;\u00e9chelle g\u00e9ologique, ressembleraient \u00e0 des changements tr\u00e8s rapides tel que sugg\u00e9r\u00e9 par la <abbr class='c2c-text-hover' title='Une construction mentale humaine plus complexe qu&#039;une simple hypoth\u00e8se.'>th\u00e9orie<\/abbr> de l&rsquo;\u00e9quilibre ponctu\u00e9 de Gould et Eldredge. Le d\u00e9bat est ouvert et devra se r\u00e9soudre par des preuves empiriques, mais l&rsquo;une ou l&rsquo;autre version de la <abbr class='c2c-text-hover' title='Une construction mentale humaine plus complexe qu&#039;une simple hypoth\u00e8se.'>th\u00e9orie<\/abbr> sera toujours proche du concept d&rsquo;<abbr class='c2c-text-hover' title='Techniquement, le processus naturel par lequel la vie change et se diversifie. La caract\u00e9ristique d&#039;un processus \u00e9volutif, c&#039;est qu&#039;il provoque des changements dans la fr\u00e9quence des g\u00e8nes dans une population d&#039;organisme vivant.'>\u00e9volution<\/abbr> que pr\u00e9conisent la plupart des biologistes. D&rsquo;autre part, quand un cr\u00e9ationniste croit que la terre a quatre milliards d&rsquo;ann\u00e9es et un autre, 6000 ans, ils s&rsquo;affrontent non sur des preuves empiriques, mais sur le terrain d&rsquo;interpr\u00e9tations irr\u00e9conciliables des m\u00eames livres saints. La fracture est d&rsquo;ordre id\u00e9ologique, et non pas scientifique.<\/span>\u00a0<\/div>\n\t\t\t\t<\/div><\/p>\n<p><b>2.\u00a0<span style=\"font-size: medium;\">Une des formes les plus troublantes du <abbr class='c2c-text-hover' title='Un ensemble de croyances qui affirme que l&#039;univers et tout ce qu&#039;il contient a \u00e9t\u00e9 cr\u00e9\u00e9 \u00e0 partir de rien par un \u00eatre surnaturel. Il existe de nombreuses versions du cr\u00e9ationnisme, selon les croyances religieuses de leurs promoteurs.'>cr\u00e9ationnisme<\/abbr> est la <abbr class='c2c-text-hover' title='Une construction mentale humaine plus complexe qu&#039;une simple hypoth\u00e8se.'>th\u00e9orie<\/abbr> de la \u00ab\u00a0<abbr class='c2c-text-hover' title='(Cr\u00e9ationnisme jeune-terre) La croyance fond\u00e9e sur la Bible que notre plan\u00e9te n&#039;est vieille que de quelques milliers d&#039;ann\u00e9es'>jeune terre<\/abbr> <b>\u00bb\u00a0<\/b>\u00a0qui pr\u00e9tend que toutes les esp\u00e8ces modernes sont les descendants de quelques milliers \u00ab\u00a0d&rsquo;esp\u00e8ces \u00bb que No\u00e9 a pu sauver sur son arche. Les biologistes, paradoxalement, ont <abbr class='c2c-text-hover' title='En science une observation ou le r\u00e9sultat d&#039;une manipulation exp\u00e9rimentale.'>fait<\/abbr> valoir que ce point de vue conc\u00e8de en r\u00e9alit\u00e9 trop de pouvoir \u00e0 l&rsquo;<abbr class='c2c-text-hover' title='Techniquement, le processus naturel par lequel la vie change et se diversifie. La caract\u00e9ristique d&#039;un processus \u00e9volutif, c&#039;est qu&#039;il provoque des changements dans la fr\u00e9quence des g\u00e8nes dans une population d&#039;organisme vivant.'>\u00e9volution<\/abbr>. Pourquoi?<\/span><\/b><\/p>\n<p><span style=\"font-size: medium;\">\u00a0<\/span><textarea cols=\"80\" name=\"textarea\" rows=\"10\"><\/textarea><\/p>\n<p style=\"text-align: justify;\"><div class='et-learn-more clearfix'>\n\t\t\t\t\t<h3 class='heading-more'>R\u00e9ponse sugg\u00e9r\u00e9e<span class='et_learnmore_arrow'><span><\/span><\/span><\/h3>\n\t\t\t\t\t<div class='learn-more-content'><span style=\"font-size: 16px;\">S&rsquo;il y avait vraiment eu une inondation dans le monde entier il y a environ 4000 ans, il n&rsquo;y a aucune preuve g\u00e9ologique \u00e0 cet effet, et que seulement quelques milliers d&rsquo;esp\u00e8ces d&rsquo;animaux avaient \u00e9t\u00e9 sauv\u00e9s, alors des millions d&rsquo;esp\u00e8ces modernes auraient d\u00fb descendre de ces quelques milliers d&rsquo;animaux &lsquo;g\u00e9n\u00e9tiquement purs&rsquo;. Ce serait admettre un taux d&rsquo;<abbr class='c2c-text-hover' title='Techniquement, le processus naturel par lequel la vie change et se diversifie. La caract\u00e9ristique d&#039;un processus \u00e9volutif, c&#039;est qu&#039;il provoque des changements dans la fr\u00e9quence des g\u00e8nes dans une population d&#039;organisme vivant.'>\u00e9volution<\/abbr> stup\u00e9fiant qui ne peut \u00eatre expliqu\u00e9 par aucun m\u00e9canisme biologique connu. Paradoxalement, pour un biologiste, cette forme de <abbr class='c2c-text-hover' title='Un ensemble de croyances qui affirme que l&#039;univers et tout ce qu&#039;il contient a \u00e9t\u00e9 cr\u00e9\u00e9 \u00e0 partir de rien par un \u00eatre surnaturel. Il existe de nombreuses versions du cr\u00e9ationnisme, selon les croyances religieuses de leurs promoteurs.'>cr\u00e9ationnisme<\/abbr> implique trop d&rsquo;<abbr class='c2c-text-hover' title='Techniquement, le processus naturel par lequel la vie change et se diversifie. La caract\u00e9ristique d&#039;un processus \u00e9volutif, c&#039;est qu&#039;il provoque des changements dans la fr\u00e9quence des g\u00e8nes dans une population d&#039;organisme vivant.'>\u00e9volution<\/abbr>, sans que ses partisans ne semblent s&rsquo;en rendre compte.\u00a0<\/span><\/div>\n\t\t\t\t<\/div><\/p>\n<p>&nbsp;<\/p>\n<p><b>3.<span style=\"font-size: medium;\">Expliquez bri\u00e8vement au moins deux des six objections de <abbr class='c2c-text-hover' title='L&#039;id\u00e9e que des hypoth\u00e8ses tr\u00e8s inhabituelles doivent \u00eatre soutenues par une grande quantit\u00e9 d&#039;\u00e9l\u00e9ments de preuves. Carl Sagan a r\u00e9sum\u00e9 ainsi &quot;des revendications extraordinaires exigent des preuves extraordinaires&quot;'>Hume<\/abbr> contre l&rsquo;argument de cr\u00e9ation (<abbr class='c2c-text-hover' title='(DI) Une variante du cr\u00e9ationnisme qui repose sur l&#039;id\u00e9e que la complexit\u00e9 de l&#039;univers prouve l&#039;existence d&#039;une divinit\u00e9 surnaturelle.'>Dessein Intelligent<\/abbr>).<\/span><\/b><\/p>\n<p><span style=\"font-size: medium;\">\u00a0<\/span><textarea cols=\"80\" name=\"textarea\" rows=\"10\"><\/textarea><\/p>\n<p style=\"text-align: justify;\"><div class='et-learn-more clearfix'>\n\t\t\t\t\t<h3 class='heading-more'>R\u00e9ponse sugg\u00e9r\u00e9e<span class='et_learnmore_arrow'><span><\/span><\/span><\/h3>\n\t\t\t\t\t<div class='learn-more-content'><span style=\"font-size: 16px;\">Les six objections de <abbr class='c2c-text-hover' title='L&#039;id\u00e9e que des hypoth\u00e8ses tr\u00e8s inhabituelles doivent \u00eatre soutenues par une grande quantit\u00e9 d&#039;\u00e9l\u00e9ments de preuves. Carl Sagan a r\u00e9sum\u00e9 ainsi &quot;des revendications extraordinaires exigent des preuves extraordinaires&quot;'>Hume<\/abbr> sont les suivantes: 1- L&rsquo;analogie entre l&rsquo;univers et des objets de facture humaine, faite par les partisans d&rsquo;une conception intelligente, est faible. 2- L&rsquo;intelligence n&rsquo;est que l&rsquo;une des causes actives de mod\u00e8les complexes dans le monde, et on ne peut donc conclure que chaque motif r\u00e9gulier ou complexe est d\u00fb \u00e0 l&rsquo;intelligence. 3- M\u00eame si l&rsquo;intelligence est maintenant partout pr\u00e9sente, il ne s&rsquo;ensuit pas logiquement que cette intelligence soit responsable de l&rsquo;origine de l&rsquo;univers. 4- L&rsquo;origine de l&rsquo;univers est un cas unique, alors les analogies sont inutiles car nous ne pouvons pas g\u00e9n\u00e9raliser \u00e0 partir de plusieurs cas. 5- Faire une analogie entre les esprits humain et divin, c&rsquo;est clairement de l&rsquo;<abbr class='c2c-text-hover' title='L&#039;anthropomorphisme est l&#039;attribution de caract\u00e9ristiques humaines \u00e0 une \u00eatre divin, un animal, ou un objet.'>anthropomorphisme<\/abbr> et c&rsquo;est vraisemblablement prendre ses d\u00e9sirs pour des r\u00e9alit\u00e9s. 6- Le fruit de la pens\u00e9e anthropomorphique est un Dieu limit\u00e9, et les partisans du <abbr class='c2c-text-hover' title='(DI) Une variante du cr\u00e9ationnisme qui repose sur l&#039;id\u00e9e que la complexit\u00e9 de l&#039;univers prouve l&#039;existence d&#039;une divinit\u00e9 surnaturelle.'>dessein intelligent<\/abbr> doivent donc \u00eatre pr\u00eats \u00e0 accepter les caract\u00e9ristiques peu souhaitables d&rsquo;une divinit\u00e9 qui ne soit ni toute-puissante, ni omnisciente, ni peut-\u00eatre m\u00eame bienveillante.<\/span><\/div>\n\t\t\t\t<\/div><\/p>\n<h3>\u00a0<span style=\"text-decoration: underline;\">Exercices de <abbr class='c2c-text-hover' title='Un terme dont on a souvent abus\u00e9. Cette th\u00e9orie de l&#039;enseignement se r\u00e9f\u00e8re \u00e0 un ensemble de comp\u00e9tences vaguement d\u00e9finie que les enseignants devraient encourager chez leur \u00e9l\u00e8ves. ils incluent la capacit\u00e9 d&#039;examiner de fa\u00e7on rationnelle les arguments et les \u00e9l\u00e9ments de preuve et de tirer des conclusions sur cette base.'>pens\u00e9e critique<\/abbr><\/span><\/h3>\n<p><span style=\"font-size: medium;\">Instructions: Tapez une br\u00e8ve r\u00e9ponse \u00e0 la zone de texte pour chaque question, puis cliquez sur le lien R\u00e9ponse de l\u2019instructeur afin de comparer votre r\u00e9ponse.\u00a0 Si vous avez des difficult\u00e9s, relisez\u00a0 les textes.<\/span><\/p>\n<p><b>1.<span style=\"font-size: medium;\">M\u00eame si le <abbr class='c2c-text-hover' title='Un ensemble de croyances qui affirme que l&#039;univers et tout ce qu&#039;il contient a \u00e9t\u00e9 cr\u00e9\u00e9 \u00e0 partir de rien par un \u00eatre surnaturel. Il existe de nombreuses versions du cr\u00e9ationnisme, selon les croyances religieuses de leurs promoteurs.'>cr\u00e9ationnisme<\/abbr> est une position id\u00e9ologique, certaines des affirmations des <abbr class='c2c-text-hover' title='Un ensemble de croyances qui affirme que l&#039;univers et tout ce qu&#039;il contient a \u00e9t\u00e9 cr\u00e9\u00e9 \u00e0 partir de rien par un \u00eatre surnaturel. Il existe de nombreuses versions du cr\u00e9ationnisme, selon les croyances religieuses de leurs promoteurs.'>cr\u00e9ationnistes<\/abbr> peuvent \u00eatre soumises \u00e0 l&rsquo;\u00e9preuve de l&rsquo;\u00e9vidence <abbr class='c2c-text-hover' title='Qui ne s&#039;appuie que sur l&#039;observation, qui repose sur une exp\u00e9rience commune.'>empirique<\/abbr>. Pouvez-vous penser \u00e0 quelques exemples et comment des tests pourraient-ils \u00eatre effectu\u00e9s?<\/span><\/b><\/p>\n<p><span style=\"font-size: medium;\">\u00a0<\/span><textarea cols=\"80\" name=\"textarea\" rows=\"10\"><\/textarea><\/p>\n<p style=\"text-align: justify;\"><div class='et-learn-more clearfix'>\n\t\t\t\t\t<h3 class='heading-more'>R\u00e9ponse sugg\u00e9r\u00e9e<span class='et_learnmore_arrow'><span><\/span><\/span><\/h3>\n\t\t\t\t\t<div class='learn-more-content'><span style=\"font-size: 16px;\">Il y a plusieurs possibilit\u00e9s, entre autres, l&rsquo;affirmation selon laquelle la terre est \u00e2g\u00e9e de quelques milliers d&rsquo;ann\u00e9es, qu&rsquo;on peut tester par des estimations g\u00e9ologiques de l&rsquo;\u00e2ge des roches les plus anciennes, l&rsquo;id\u00e9e qu&rsquo;une inondation s&rsquo;est produite dans le monde entier il y a 4000 ans , qu&rsquo;on peut tester avec l&rsquo;\u00e9tude g\u00e9ologique des strates correspondantes dans le monde entier, l&rsquo;affirmation selon laquelle aucune nouvelle esp\u00e8ce pouvant se reproduire ne puisse appara\u00eetre naturellement ou en laboratoire le processus de sp\u00e9ciation peut \u00eatre test\u00e9 sur le terrain et \u00e9galement en laboratoire.<\/span><\/div>\n\t\t\t\t<\/div><\/p>\n<p><b>2<span style=\"font-size: medium;\">.Comment pourriez-vous d\u00e9fendre simultan\u00e9ment la croyance en une divinit\u00e9 <abbr class='c2c-text-hover' title='Qu&#039;on juge ne pas appartenir au monde naturel, qui semble en dehors du domaine de l&#039;exp\u00e9rience et \u00e9chapper aux lois de la nature.'>surnaturelle<\/abbr> et le <abbr class='c2c-text-hover' title='En science une observation ou le r\u00e9sultat d&#039;une manipulation exp\u00e9rimentale.'>fait<\/abbr> que l&rsquo;<abbr class='c2c-text-hover' title='Techniquement, le processus naturel par lequel la vie change et se diversifie. La caract\u00e9ristique d&#039;un processus \u00e9volutif, c&#039;est qu&#039;il provoque des changements dans la fr\u00e9quence des g\u00e8nes dans une population d&#039;organisme vivant.'>\u00e9volution<\/abbr> est un processus naturel? Pensez-vous que cette position est rationnelle?\u00a0<\/span><\/b><\/p>\n<p><span style=\"font-size: medium;\">\u00a0<\/span><textarea cols=\"80\" name=\"textarea\" rows=\"10\"><\/textarea><\/p>\n<p style=\"text-align: justify;\"><div class='et-learn-more clearfix'>\n\t\t\t\t\t<h3 class='heading-more'>R\u00e9ponse sugg\u00e9r\u00e9e<span class='et_learnmore_arrow'><span><\/span><\/span><\/h3>\n\t\t\t\t\t<div class='learn-more-content'><span style=\"font-size: 16px;\">Vous auriez au moins deux possibilit\u00e9s raisonnables. D&rsquo;une part, vous pourriez \u00eatre un \u00e9volutionniste <abbr class='c2c-text-hover' title='Personne croyant en l&#039;existence d&#039;un, ou plusieurs, dieux ou d\u00e9esses.'>th\u00e9iste<\/abbr>, c&rsquo;est \u00e0 dire quelqu&rsquo;un qui croit que Dieu agit par les lois de la nature qu&rsquo;il a lui-m\u00eame cr\u00e9\u00e9es. D&rsquo;autre part, vous pourriez \u00eatre un d\u00e9iste, croyant que Dieu a cr\u00e9\u00e9 l&rsquo;univers, mais qu&rsquo;il s&rsquo;est d\u00e9sint\u00e9ress\u00e9 de sa cr\u00e9ation depuis. Il est difficile de dire si ces positions sont rationnelles ou pas. Elles ne sont certainement pas en contradiction avec les donn\u00e9es empiriques disponibles et sont donc acceptables pour un scientifique. Par contre, elles invoquent l&rsquo;existence d&rsquo;une entit\u00e9 <abbr class='c2c-text-hover' title='Qu&#039;on juge ne pas appartenir au monde naturel, qui semble en dehors du domaine de l&#039;exp\u00e9rience et \u00e9chapper aux lois de la nature.'>surnaturelle<\/abbr> pour laquelle il n&rsquo;y a ni preuve formelle ni raison d&rsquo;\u00eatre, ce qui, pour le moins, viole le principe de parcimonie connu sous le nom du <abbr class='c2c-text-hover' title='Un principe philosophique selon lequel on ne doit pas faire plus d&#039;hypoth\u00e8ses que n\u00e9cessaire pour expliquer les donn\u00e9es disponib'>rasoir d&rsquo;Occam<\/abbr><\/span>.<\/div>\n\t\t\t\t<\/div><\/p>\n<h3><span style=\"text-decoration: underline;\">Travaux pratiques<\/span><\/h3>\n<p>I<span style=\"font-size: medium;\">nstructions: effectuez les recherches et les \u00e9crits attribu\u00e9s selon les directives. Si vous avez des difficult\u00e9s, relisez les textes. Vous pouvez utiliser l&rsquo;indicateur de point de d\u00e9part pour votre essai.<\/span><\/p>\n<p><div class='et-box et-shadow'>\n\t\t\t\t\t<div class='et-box-content'><span style=\"font-size: medium;\">D&rsquo;accord, toute personne rationnelle dans le monde croit que la terre est v\u00e9ritablement \u00e2g\u00e9e de milliards d&rsquo;ann\u00e9es. Mais supposons que vous deviez en convaincre une personne \u00e0 l\u2019esprit ouvert qui a nourri des doutes raisonnables et un certain <abbr class='c2c-text-hover' title='Syst\u00e8me philosophique qui repose sur la suspension du jugement. Son fondateur est le philosophe grec Pyrrhon d&#039;\u00c9lis, dont l&#039;\u0153uvre a \u00e9t\u00e9 continu\u00e9 par Sextus Empiricus. Attitude de doute, En mati\u00e8re religieuse; incr\u00e9dulit\u00e9.'>scepticisme<\/abbr> envers ce qu&rsquo;on lit dans les manuels scolaires. Que pourriez-vous apporter comme preuves que notre plan\u00e8te est en <abbr class='c2c-text-hover' title='En science une observation ou le r\u00e9sultat d&#039;une manipulation exp\u00e9rimentale.'>fait<\/abbr> beaucoup plus vieille que ne le dit la Bible? Faites une recherche \u00e0 ce sujet sur Internet, tout particuli\u00e8rement sur les ressources dans le domaine des sciences g\u00e9ologiques et physiques, et \u00e9crivez une dissertation de 500 mots sur la question. Il existe plusieurs sources de donn\u00e9es\u00a0 \u00e0 l\u2019appui de l\u2019id\u00e9e d\u2019une terre tr\u00e8s ancienne, entre autres: les r\u00e9sultats de plusieurs techniques ind\u00e9pendantes pour estimer l&rsquo;\u00e2ge des roches sur toute la plan\u00e8te et qui convergent tous vers des chiffres de centaines de millions, ou de milliards d&rsquo;ann\u00e9es pour les roches les plus anciennes; la preuve de la <abbr class='c2c-text-hover' title='Science qui \u00e9tudie la structure, l&#039;origine et l&#039;\u00e9volution de l&#039;univers consid\u00e9r\u00e9 dans son ensemble.'>cosmologie<\/abbr> et, en particulier, ce que les astronomes connaissent de la dur\u00e9e de <abbr class='c2c-text-hover' title='Un concept tr\u00e8s difficile \u00e0 d\u00e9finir. Une fa\u00e7on de consid\u00e9rer la chose est qu&#039;il s&#039;agit d&#039;une propri\u00e9t\u00e9 de la mati\u00e8re caract\u00e9ris\u00e9e par un processus de m\u00e9tabolisme (transformation de mati\u00e8res premi\u00e8res en \u00e9nergie utilis\u00e9e pour la croissance et la reproduction).'>vie<\/abbr> typique des \u00e9toiles comme notre Soleil; la preuve de la plan\u00e9tologie, \u00e0 savoir l&rsquo;\u00e9tude comparative de l&rsquo;histoire des diff\u00e9rentes plan\u00e8tes du syst\u00e8me solaire, et des preuves indirectes sur l&rsquo;\u00e2ge de l&rsquo;univers provenant d&rsquo;\u00e9tudes astronomiques sur la r\u00e9partition de la mati\u00e8re et la vitesse de la lumi\u00e8re<\/span><span style=\"line-height: 1.5em;\"><span style=\"font-size: medium;\">\u00a0<\/span><\/div><\/div><\/span><\/p>\n<div class='one_half'>\n\t\t\t\t\t<a href='http:\/\/www.humanisme.assohum.org\/?page_id=522' class='small-button smallsilver'>Page pr\u00e9c\u00e9dente<\/a>\n\t\t\t\t<\/div>\n<p style=\"text-align: right;\"><a href='http:\/\/www.humanisme.assohum.org\/?page_id=630' class='small-button smallsilver'>Page suivante<\/a><\/p>\n","protected":false},"excerpt":{"rendered":"<p>Testez vos connaissances \u00a0 Questions \u00e0 d\u00e9veloppement \u00c9crivez un court texte dans la boite ci-dessous pour chacune des questions et ensuite positionnez votre curseur sur le mot \u00ab\u00a0r\u00e9ponse sugg\u00e9r\u00e9e\u00a0\u00bb pour comparer votre r\u00e9ponse. Si vous avez de la difficult\u00e9, relisez les textes pr\u00e9c\u00e9dents. 1.\u00a0Pourquoi est-il probl\u00e9matique d&rsquo;avoir autant de sortes diff\u00e9rentes de <abbr class='c2c-text-hover' title='Un ensemble de croyances qui affirme que l&#039;univers et tout ce qu&#039;il contient a \u00e9t\u00e9 cr\u00e9\u00e9 \u00e0 partir de rien par un \u00eatre surnaturel. Il existe de nombreuses versions du cr\u00e9ationnisme, selon les croyances religieuses de leurs promoteurs.'>cr\u00e9ationnisme<\/abbr>, alors qu&rsquo;on [&hellip;]<\/p>\n","protected":false},"author":1,"featured_media":0,"parent":491,"menu_order":3,"comment_status":"open","ping_status":"open","template":"page-full.php","meta":{"footnotes":""},"class_list":["post-631","page","type-page","status-publish","hentry"],"_links":{"self":[{"href":"https:\/\/humanisme.assohum.org\/index.php?rest_route=\/wp\/v2\/pages\/631"}],"collection":[{"href":"https:\/\/humanisme.assohum.org\/index.php?rest_route=\/wp\/v2\/pages"}],"about":[{"href":"https:\/\/humanisme.assohum.org\/index.php?rest_route=\/wp\/v2\/types\/page"}],"author":[{"embeddable":true,"href":"https:\/\/humanisme.assohum.org\/index.php?rest_route=\/wp\/v2\/users\/1"}],"replies":[{"embeddable":true,"href":"https:\/\/humanisme.assohum.org\/index.php?rest_route=%2Fwp%2Fv2%2Fcomments&post=631"}],"version-history":[{"count":11,"href":"https:\/\/humanisme.assohum.org\/index.php?rest_route=\/wp\/v2\/pages\/631\/revisions"}],"predecessor-version":[{"id":1093,"href":"https:\/\/humanisme.assohum.org\/index.php?rest_route=\/wp\/v2\/pages\/631\/revisions\/1093"}],"up":[{"embeddable":true,"href":"https:\/\/humanisme.assohum.org\/index.php?rest_route=\/wp\/v2\/pages\/491"}],"wp:attachment":[{"href":"https:\/\/humanisme.assohum.org\/index.php?rest_route=%2Fwp%2Fv2%2Fmedia&parent=631"}],"curies":[{"name":"wp","href":"https:\/\/api.w.org\/{rel}","templated":true}]}}