{"id":6,"date":"2014-01-23T02:31:05","date_gmt":"2014-01-23T01:31:05","guid":{"rendered":"http:\/\/humanisme.assohum.org\/?page_id=6"},"modified":"2017-02-12T05:09:36","modified_gmt":"2017-02-12T04:09:36","slug":"education-humaniste-cours-en-ligne","status":"publish","type":"page","link":"https:\/\/humanisme.assohum.org\/","title":{"rendered":"\u00c9ducation humaniste &#8211; cours en ligne"},"content":{"rendered":"<h2><span style=\"font-size: 13px;\">\u00a0<div class='et-box et-info'>\n\t\t\t\t\t<div class='et-box-content'>Note importante; Les textes qui suivent sont traduits, avec permission, du site <a href=\"http:\/\/cohe.humanistinstitute.org\/\" target=\"_blank\">COHE (The Continuum of humanist Education)<\/a> et sont la propri\u00e9t\u00e9 exclusive de <a href=\"http:\/\/humanisteducation.com\/\" target=\"_blank\">IHS (Institute for Humanist Studies)<\/a><\/div><\/div> \u00a0<\/span><\/h2>\n<h1 style=\"text-align: center;\"><span style=\"font-size: x-large;\"><strong>\u00a0Introduction \u00e0 l&rsquo;humanisme<\/strong><\/span><\/h1>\n<p style=\"text-align: center;\"><span style=\"background-color: #ffff99;\"><strong><span style=\"font-size: medium;\">L\u2019humanisme est une philosophie fond\u00e9e sur la raison et la tol\u00e9rance et qui rejette tout recours au <abbr class='c2c-text-hover' title='Qu&#039;on juge ne pas appartenir au monde naturel, qui semble en dehors du domaine de l&#039;exp\u00e9rience et \u00e9chapper aux lois de la nature.'>surnaturel<\/abbr>.<\/span><\/strong><\/span><\/p>\n<p><span style=\"font-size: 16px;\">Nous vous invitons \u00e0 consulter \u00ab\u00a0une introduction \u00e0 l\u2019humanisme\u00a0\u00bb un cours en deux parties qui offre une synth\u00e8se de l\u2019histoire, de la philosophie et des buts de l\u2019humanisme.<\/span><\/p>\n<p><span style=\"font-size: medium;\">Lorsque vous aurez termin\u00e9 les deux le\u00e7ons de ce cours d&rsquo;introduction, vous aurez une id\u00e9e g\u00e9n\u00e9rale de ce qu\u2019est l\u2019humanisme (et de ce qu\u2019il n\u2019est pas), le r\u00f4le de l\u2019humanisme dans l\u2019histoire, les principes de l\u2019humanisme et ce que l\u2019humanisme a \u00e0 offrir aux individus et \u00e0 la soci\u00e9t\u00e9. Nous esp\u00e9rons que ce cours vous donnera envie d\u2019approfondir la riche culture de l\u2019humanisme en explorant les autres cours pr\u00e9sentement en pr\u00e9paration et qui s\u2019ajouteront ici.<\/span><\/p>\n<p style=\"text-align: center;\"><a href='http:\/\/www.humanisme.assohum.org\/?page_id=92' class='big-button bigred' target=\"_blank\"><strong>Introduction \u00e0 l&rsquo;humanisme<\/strong><\/a><\/p>\n<p style=\"text-align: center;\"><a href=\"http:\/\/humanisme.assohum.org\/wp-content\/uploads\/2014\/01\/Vitruve.jpg\"><img loading=\"lazy\" decoding=\"async\" class=\"aligncenter size-full wp-image-760\" src=\"http:\/\/humanisme.assohum.org\/wp-content\/uploads\/2014\/01\/Vitruve.jpg\" alt=\"Vitruve\" width=\"256\" height=\"197\" \/><\/a><\/p>\n<p style=\"text-align: center;\">\u00a0<\/p>\n<p style=\"text-align: center;\"><span style=\"font-size: x-large;\"><strong>Cours en ligne sur l&rsquo;humanisme<\/strong><\/span><\/p>\n<p><span style=\"font-size: medium;\">Si vous souhaiter approfondir la philosophie et la pens\u00e9e humaniste, nous offrons actuellement trois autres modules qui explorent diff\u00e9rents sujets. Vous pouvez les consulter gratuitement. Ces cours comprennent des tests et questionnaires que vous pouvez compl\u00e9ter pour tester vos connaissances et votre compr\u00e9hension du sujet \u00e9tudi\u00e9. Toutefois vous devez vous inscrire pour pouvoir les compl\u00e9ter. Une fois inscrit vous pourrez recevoir les r\u00e9sultats par courriel.<\/span><\/p>\n<p>&nbsp;<\/p>\n<p style=\"text-align: center;\"><span style=\"font-size: 20px;\">Les cours pr\u00e9sentement disponibles;<\/span><\/p>\n<p><img loading=\"lazy\" decoding=\"async\" class=\"wp-image-75 aligncenter\" src=\"http:\/\/humanisme.assohum.org\/wp-content\/uploads\/2014\/01\/religions.jpg\" alt=\"\" width=\"101\" height=\"166\" \/><\/p>\n<p style=\"text-align: center;\"><span style=\"font-size: medium;\"><span style=\"font-size: small;\"><strong><span style=\"font-size: medium;\"><span style=\"color: #800000;\"><abbr class='c2c-text-hover' title='Ensemble des croyances au surnaturel tel Dieu, la vie apr\u00e8s la mort, la r\u00e9incarnation, le ciel, l&#039;enfer, les miracles, n&#039;importe quelle combinaison de ces rituels et dogmes r\u00e9gissant le rapport de l&#039;homme et de la divinit\u00e9 pour former une religion ou une secte.'>Religion<\/abbr> et <abbr class='c2c-text-hover' title='Ensemble des croyances et des pratiques qui s&#039;attachent aux valeurs spirituelles. Ce que nous ressentons lorsque nous sommes \u00e9mus de fa\u00e7on positive et significative.'>spiritualit\u00e9<\/abbr> &#8211; Introduction\u00a0<br \/>\n <\/span><\/span><\/strong><\/span><\/span><\/p>\n<p style=\"text-align: center;\"><a href='http:\/\/www.humanisme.assohum.org\/?page_id=205' class='small-button smallred' target=\"_blank\"><strong>Acc\u00e9der au cours<\/strong><\/a><\/p>\n<p style=\"text-align: center;\"><strong><span style=\"font-size: medium;\"><span style=\"color: #800000;\"><abbr class='c2c-text-hover' title='Ensemble des croyances au surnaturel tel Dieu, la vie apr\u00e8s la mort, la r\u00e9incarnation, le ciel, l&#039;enfer, les miracles, n&#039;importe quelle combinaison de ces rituels et dogmes r\u00e9gissant le rapport de l&#039;homme et de la divinit\u00e9 pour former une religion ou une secte.'>Religion<\/abbr> et <abbr class='c2c-text-hover' title='Ensemble des croyances et des pratiques qui s&#039;attachent aux valeurs spirituelles. Ce que nous ressentons lorsque nous sommes \u00e9mus de fa\u00e7on positive et significative.'>spiritualit\u00e9<\/abbr> cours &#8211; Interm\u00e9diaire<br \/>\n <\/span><\/span><\/strong><\/p>\n<p style=\"text-align: center;\"><a href='http:\/\/www.humanisme.assohum.org\/?page_id=258' class='small-button smallred' target=\"_blank\"><strong>Acc\u00e9der au cours<\/strong><\/a><\/p>\n<p style=\"text-align: center;\"><strong><span style=\"font-size: medium;\"><span style=\"color: #800000;\"><abbr class='c2c-text-hover' title='Ensemble des croyances au surnaturel tel Dieu, la vie apr\u00e8s la mort, la r\u00e9incarnation, le ciel, l&#039;enfer, les miracles, n&#039;importe quelle combinaison de ces rituels et dogmes r\u00e9gissant le rapport de l&#039;homme et de la divinit\u00e9 pour former une religion ou une secte.'>Religion<\/abbr> et <abbr class='c2c-text-hover' title='Ensemble des croyances et des pratiques qui s&#039;attachent aux valeurs spirituelles. Ce que nous ressentons lorsque nous sommes \u00e9mus de fa\u00e7on positive et significative.'>spiritualit\u00e9<\/abbr> &#8211; avanc\u00e9<\/span><\/span><\/strong><\/p>\n<p style=\"text-align: center;\"><a href='http:\/\/www.humanisme.assohum.org\/?page_id=329' class='small-button smallred' target=\"_blank\"><strong>Acc\u00e9der au cours<\/strong><\/a><\/p>\n<p style=\"text-align: center;\">\u00a0<\/p>\n<p><img loading=\"lazy\" decoding=\"async\" class=\"wp-image-78  aligncenter\" src=\"http:\/\/humanisme.assohum.org\/wp-content\/uploads\/2014\/01\/sciences.jpg\" width=\"177\" height=\"118\" srcset=\"https:\/\/humanisme.assohum.org\/wp-content\/uploads\/2014\/01\/sciences.jpg 142w, https:\/\/humanisme.assohum.org\/wp-content\/uploads\/2014\/01\/sciences-140x94.jpg 140w\" sizes=\"(max-width: 177px) 100vw, 177px\" \/><\/p>\n<p style=\"text-align: center;\"><span style=\"font-size: medium;\"><strong><span style=\"color: #800000;\"> Science et humanisme &#8211; Introduction<\/span><\/strong><\/span><br \/>\n <a href='http:\/\/www.humanisme.assohum.org\/?page_id=432' class='small-button smallred' target=\"_blank\">Acc\u00e9der au cours<\/a><\/p>\n<p style=\"text-align: center;\"><span style=\"font-size: medium;\"><strong><span style=\"color: #800000;\">Science et humanisme &#8211; Interm\u00e9diaire<\/span><\/strong><\/span><\/p>\n<p style=\"text-align: center;\"><a href='http:\/\/www.humanisme.assohum.org\/?page_id=453' class='small-button smallred' target=\"_blank\">Acc\u00e9der au cours<\/a><\/p>\n<p style=\"text-align: center;\"><span style=\"font-size: medium;\"><strong><span style=\"color: #800000;\">Science et humanisme &#8211; Avanc\u00e9<\/span><\/strong><\/span><\/p>\n<p style=\"text-align: center;\"><a href='http:\/\/www.humanisme.assohum.org\/?page_id=491' class='small-button smallred' target=\"_blank\">Acc\u00e9der au cours<\/a>\u00a0<\/p>\n<p style=\"text-align: center;\">\u00a0<\/p>\n<p style=\"text-align: center;\"><img loading=\"lazy\" decoding=\"async\" class=\"aligncenter  wp-image-35\" src=\"http:\/\/humanisme.assohum.org\/wp-content\/uploads\/2014\/01\/ethique2.jpg\" alt=\"\" width=\"175\" height=\"121\" \/>\u00a0<\/p>\n<p style=\"text-align: center;\"><span style=\"font-size: medium;\"><strong><span style=\"color: #800000;\"><abbr class='c2c-text-hover' title='Ensemble des principes moraux qui sont \u00e0 la base de la conduite de quelqu&#039;un'>\u00c9thique<\/abbr>&#8211; Introduction<\/span><\/strong><\/span><br \/>\n <a href='http:\/\/www.humanisme.assohum.org\/?page_id=718' class='small-button smallred' target=\"_blank\">Acc\u00e9der au cours<\/a><\/p>\n<p style=\"text-align: center;\"><span style=\"font-size: medium;\"><strong><span style=\"color: #800000;\"><abbr class='c2c-text-hover' title='Ensemble des principes moraux qui sont \u00e0 la base de la conduite de quelqu&#039;un'>\u00c9thique<\/abbr>\u00a0&#8211; Interm\u00e9diaire<\/span><\/strong><\/span><\/p>\n<p style=\"text-align: center;\"><a href='http:\/\/www.humanisme.assohum.org\/?page_id=768' class='small-button smallred' target=\"_blank\">Acc\u00e9der au cours<\/a><\/p>\n<p style=\"text-align: center;\"><span style=\"font-size: medium;\"><strong><span style=\"color: #800000;\"><abbr class='c2c-text-hover' title='Ensemble des principes moraux qui sont \u00e0 la base de la conduite de quelqu&#039;un'>\u00c9thique<\/abbr>\u00a0&#8211; Avanc\u00e9<\/span><\/strong><\/span><\/p>\n<p style=\"text-align: center;\"><a href='http:\/\/www.humanisme.assohum.org\/?page_id=809' class='small-button smallred' target=\"_blank\">Acc\u00e9der au cours<\/a>\u00a0<\/p>\n<p style=\"text-align: center;\">\u00a0<\/p>\n<p>&nbsp;<\/p>\n","protected":false},"excerpt":{"rendered":"<p>\u00a0 \u00a0 \u00a0Introduction \u00e0 l&rsquo;humanisme L\u2019humanisme est une philosophie fond\u00e9e sur la raison et la tol\u00e9rance et qui rejette tout recours au <abbr class='c2c-text-hover' title='Qu&#039;on juge ne pas appartenir au monde naturel, qui semble en dehors du domaine de l&#039;exp\u00e9rience et \u00e9chapper aux lois de la nature.'>surnaturel<\/abbr>. Nous vous invitons \u00e0 consulter \u00ab\u00a0une introduction \u00e0 l\u2019humanisme\u00a0\u00bb un cours en deux parties qui offre une synth\u00e8se de l\u2019histoire, de la philosophie et des buts de l\u2019humanisme. Lorsque vous aurez termin\u00e9 [&hellip;]<\/p>\n","protected":false},"author":1,"featured_media":0,"parent":0,"menu_order":0,"comment_status":"open","ping_status":"open","template":"","meta":{"footnotes":""},"class_list":["post-6","page","type-page","status-publish","hentry"],"_links":{"self":[{"href":"https:\/\/humanisme.assohum.org\/index.php?rest_route=\/wp\/v2\/pages\/6"}],"collection":[{"href":"https:\/\/humanisme.assohum.org\/index.php?rest_route=\/wp\/v2\/pages"}],"about":[{"href":"https:\/\/humanisme.assohum.org\/index.php?rest_route=\/wp\/v2\/types\/page"}],"author":[{"embeddable":true,"href":"https:\/\/humanisme.assohum.org\/index.php?rest_route=\/wp\/v2\/users\/1"}],"replies":[{"embeddable":true,"href":"https:\/\/humanisme.assohum.org\/index.php?rest_route=%2Fwp%2Fv2%2Fcomments&post=6"}],"version-history":[{"count":28,"href":"https:\/\/humanisme.assohum.org\/index.php?rest_route=\/wp\/v2\/pages\/6\/revisions"}],"predecessor-version":[{"id":1298,"href":"https:\/\/humanisme.assohum.org\/index.php?rest_route=\/wp\/v2\/pages\/6\/revisions\/1298"}],"wp:attachment":[{"href":"https:\/\/humanisme.assohum.org\/index.php?rest_route=%2Fwp%2Fv2%2Fmedia&parent=6"}],"curies":[{"name":"wp","href":"https:\/\/api.w.org\/{rel}","templated":true}]}}