{"id":293,"date":"2014-02-09T21:22:48","date_gmt":"2014-02-09T20:22:48","guid":{"rendered":"http:\/\/humanisme.assohum.org\/?page_id=293"},"modified":"2018-04-24T21:00:27","modified_gmt":"2018-04-24T20:00:27","slug":"potentiel-humain-sans-religion-int-3","status":"publish","type":"page","link":"https:\/\/humanisme.assohum.org\/?page_id=293","title":{"rendered":"D\u00e9velopper le potentiel humain sans religion &#8211; interm\u00e9diaire &#8211; 3"},"content":{"rendered":"<h1 style=\"text-align: center;\"><span style=\"color: #993366;\">Le\u00e7on 3\u00a0: la mort<\/span><\/h1>\n<div class='one_half'>\n\t\t\t\t\t<a href='http:\/\/www.humanisme.assohum.org\/?page_id=282' class='small-button smallsilver'>Page pr\u00e9c\u00e9dente<\/a>\n\t\t\t\t<\/div>\n<p style=\"text-align: right;\"><a href='http:\/\/www.humanisme.assohum.org\/?page_id=307' class='small-button smallsilver'>Page suivante<\/a><\/p>\n<p><span style=\"font-size: medium;\"><a title=\"Joueur de tambour\" href=\"http:\/\/humanisme.assohum.org\/wp-content\/uploads\/2014\/01\/JoeurDeTambour.bmp\"><img loading=\"lazy\" decoding=\"async\" class=\"alignleft size-full wp-image-52\" style=\"margin: 10px;\" src=\"http:\/\/humanisme.assohum.org\/wp-content\/uploads\/2014\/01\/JoeurDeTambour.bmp\" alt=\"JoeurDeTambour\" width=\"190\" height=\"288\" \/><\/a><\/span><\/p>\n<p>&nbsp;<\/p>\n<p style=\"text-align: justify;\"><span style=\"font-size: medium;\"><span class='et-dropcap' style=\"font-size: 60px; color: #8A0808;\">D<\/span>epuis l&rsquo;antiquit\u00e9 peut-\u00eatre le rite le plus important du cycle de la <abbr class='c2c-text-hover' title='Un concept tr\u00e8s difficile \u00e0 d\u00e9finir. Une fa\u00e7on de consid\u00e9rer la chose est qu&#039;il s&#039;agit d&#039;une propri\u00e9t\u00e9 de la mati\u00e8re caract\u00e9ris\u00e9e par un processus de m\u00e9tabolisme (transformation de mati\u00e8res premi\u00e8res en \u00e9nergie utilis\u00e9e pour la croissance et la reproduction).'>vie<\/abbr> a \u00e9t\u00e9 associ\u00e9 \u00e0 la mort d&rsquo;une personne et toutes sortes de c\u00e9r\u00e9monies ont \u00e9t\u00e9 effectu\u00e9es afin de marquer la fin de la <abbr class='c2c-text-hover' title='Un concept tr\u00e8s difficile \u00e0 d\u00e9finir. Une fa\u00e7on de consid\u00e9rer la chose est qu&#039;il s&#039;agit d&#039;une propri\u00e9t\u00e9 de la mati\u00e8re caract\u00e9ris\u00e9e par un processus de m\u00e9tabolisme (transformation de mati\u00e8res premi\u00e8res en \u00e9nergie utilis\u00e9e pour la croissance et la reproduction).'>vie<\/abbr> d&rsquo;un individu. De telles c\u00e9r\u00e9monies ont tendance \u00e0 refl\u00e9ter les habitudes culturelles de la soci\u00e9t\u00e9 du d\u00e9funt et sont le plus souvent de nature religieuse.<\/span><\/p>\n<p style=\"text-align: justify;\"><span style=\"font-size: medium;\">Mais il y a deux importantes raisons personnelles pour lesquelles la disparition d&rsquo;une personne est accompagn\u00e9e d&rsquo;une c\u00e9r\u00e9monie. D&rsquo;abord, permettre \u00e0 une <abbr class='c2c-text-hover' title='Un concept tr\u00e8s difficile \u00e0 d\u00e9finir. Une fa\u00e7on de consid\u00e9rer la chose est qu&#039;il s&#039;agit d&#039;une propri\u00e9t\u00e9 de la mati\u00e8re caract\u00e9ris\u00e9e par un processus de m\u00e9tabolisme (transformation de mati\u00e8res premi\u00e8res en \u00e9nergie utilis\u00e9e pour la croissance et la reproduction).'>vie<\/abbr> de s&rsquo;\u00e9teindre sans en remarquer la perte ou sans un hommage quelconque n&rsquo;a jamais paru juste \u00e0 la psych\u00e9 humaine, quelle que soit la nature de la personne d\u00e9c\u00e9d\u00e9e. Deuxi\u00e8mement, la mort engendre souvent un sentiment de fragilit\u00e9 et de vuln\u00e9rabilit\u00e9 face \u00e0 la <abbr class='c2c-text-hover' title='Un concept tr\u00e8s difficile \u00e0 d\u00e9finir. Une fa\u00e7on de consid\u00e9rer la chose est qu&#039;il s&#039;agit d&#039;une propri\u00e9t\u00e9 de la mati\u00e8re caract\u00e9ris\u00e9e par un processus de m\u00e9tabolisme (transformation de mati\u00e8res premi\u00e8res en \u00e9nergie utilis\u00e9e pour la croissance et la reproduction).'>vie<\/abbr>. C&rsquo;est un temps qui peut apporter de la solitude. C&rsquo;est un temps de r\u00e9flexion sur la <abbr class='c2c-text-hover' title='Un concept tr\u00e8s difficile \u00e0 d\u00e9finir. Une fa\u00e7on de consid\u00e9rer la chose est qu&#039;il s&#039;agit d&#039;une propri\u00e9t\u00e9 de la mati\u00e8re caract\u00e9ris\u00e9e par un processus de m\u00e9tabolisme (transformation de mati\u00e8res premi\u00e8res en \u00e9nergie utilis\u00e9e pour la croissance et la reproduction).'>vie<\/abbr> et son sens, notre r\u00f4le dans la <abbr class='c2c-text-hover' title='Un concept tr\u00e8s difficile \u00e0 d\u00e9finir. Une fa\u00e7on de consid\u00e9rer la chose est qu&#039;il s&#039;agit d&#039;une propri\u00e9t\u00e9 de la mati\u00e8re caract\u00e9ris\u00e9e par un processus de m\u00e9tabolisme (transformation de mati\u00e8res premi\u00e8res en \u00e9nergie utilis\u00e9e pour la croissance et la reproduction).'>vie<\/abbr> et la suite des choses apr\u00e8s une perte. C&rsquo;est aussi un moment o\u00f9 \u00e9mergent les craintes psychologiques les plus profondes sur la mort. Compte tenu de ces facteurs, les rites fun\u00e9raires sont fr\u00e9quemment un rassemblement des vivants qui sert de r\u00e9confort, de soutien et de partage de la douleur. Peu d&rsquo;autres rites du cycle de <abbr class='c2c-text-hover' title='Un concept tr\u00e8s difficile \u00e0 d\u00e9finir. Une fa\u00e7on de consid\u00e9rer la chose est qu&#039;il s&#039;agit d&#039;une propri\u00e9t\u00e9 de la mati\u00e8re caract\u00e9ris\u00e9e par un processus de m\u00e9tabolisme (transformation de mati\u00e8res premi\u00e8res en \u00e9nergie utilis\u00e9e pour la croissance et la reproduction).'>vie<\/abbr> touchent \u00e0 autant de dimensions de la personnalit\u00e9 humaine.\u00a0<\/span><\/p>\n<p style=\"text-align: justify;\"><span style=\"font-size: medium;\">Les humanistes croient \u00e9galement qu&rsquo;il est important de marquer l&rsquo;occasion d&rsquo;un d\u00e9c\u00e8s par une c\u00e9r\u00e9monie. Mais puisque\u00a0 les humanistes ne croient pas en une <abbr class='c2c-text-hover' title='Un concept tr\u00e8s difficile \u00e0 d\u00e9finir. Une fa\u00e7on de consid\u00e9rer la chose est qu&#039;il s&#039;agit d&#039;une propri\u00e9t\u00e9 de la mati\u00e8re caract\u00e9ris\u00e9e par un processus de m\u00e9tabolisme (transformation de mati\u00e8res premi\u00e8res en \u00e9nergie utilis\u00e9e pour la croissance et la reproduction).'>vie<\/abbr> apr\u00e8s la mort et qu&rsquo;ils mettent l&#8217;emphase sur la qualit\u00e9 de <abbr class='c2c-text-hover' title='Un concept tr\u00e8s difficile \u00e0 d\u00e9finir. Une fa\u00e7on de consid\u00e9rer la chose est qu&#039;il s&#039;agit d&#039;une propri\u00e9t\u00e9 de la mati\u00e8re caract\u00e9ris\u00e9e par un processus de m\u00e9tabolisme (transformation de mati\u00e8res premi\u00e8res en \u00e9nergie utilis\u00e9e pour la croissance et la reproduction).'>vie<\/abbr> individuelle, une c\u00e9r\u00e9monie fun\u00e8bre humaniste est davantage une c\u00e9l\u00e9bration d&rsquo;une <abbr class='c2c-text-hover' title='Un concept tr\u00e8s difficile \u00e0 d\u00e9finir. Une fa\u00e7on de consid\u00e9rer la chose est qu&#039;il s&#039;agit d&#039;une propri\u00e9t\u00e9 de la mati\u00e8re caract\u00e9ris\u00e9e par un processus de m\u00e9tabolisme (transformation de mati\u00e8res premi\u00e8res en \u00e9nergie utilis\u00e9e pour la croissance et la reproduction).'>vie<\/abbr> v\u00e9cue. Elle se concentre enti\u00e8rement sur la personne d\u00e9c\u00e9d\u00e9e avec chaleur, compr\u00e9hension, de fa\u00e7on positive et avec dignit\u00e9. Contrairement \u00e0 un mariage, il existe peu d&rsquo;exigences juridiques pour une c\u00e9r\u00e9monie fun\u00e8bre, autres que pour la disposition du corps et de plus en plus de gens planifient les fun\u00e9railles des membres de la famille du d\u00e9funt &#8211; et parfois m\u00eame leurs propres fun\u00e9railles &#8211; de fa\u00e7on personnelle. Beaucoup de gens aujourd&rsquo;hui n&rsquo;ont aucune croyance religieuse, de sorte qu&rsquo;un service religieux qui parle de la r\u00e9surrection des morts et d&rsquo;une <abbr class='c2c-text-hover' title='Un concept tr\u00e8s difficile \u00e0 d\u00e9finir. Une fa\u00e7on de consid\u00e9rer la chose est qu&#039;il s&#039;agit d&#039;une propri\u00e9t\u00e9 de la mati\u00e8re caract\u00e9ris\u00e9e par un processus de m\u00e9tabolisme (transformation de mati\u00e8res premi\u00e8res en \u00e9nergie utilis\u00e9e pour la croissance et la reproduction).'>vie<\/abbr> \u00e9ternelle n&rsquo;a gu\u00e8re de sens.<\/span><\/p>\n<p style=\"text-align: justify;\"><span style=\"font-size: medium;\">\u00a0La mort et l&rsquo;au-del\u00e0 sont des concepts importants pour la <a title=\"http:\/\/fr.wikipedia.org\/wiki\/Religion\" href=\"http:\/\/fr.wikipedia.org\/wiki\/Religion\" target=\"_blank\" rel=\"noopener\"><abbr class='c2c-text-hover' title='Ensemble des croyances au surnaturel tel Dieu, la vie apr\u00e8s la mort, la r\u00e9incarnation, le ciel, l&#039;enfer, les miracles, n&#039;importe quelle combinaison de ces rituels et dogmes r\u00e9gissant le rapport de l&#039;homme et de la divinit\u00e9 pour former une religion ou une secte.'>religion<\/abbr><\/a> <abbr class='c2c-text-hover' title='Personne croyant en l&#039;existence d&#039;un, ou plusieurs, dieux ou d\u00e9esses.'>th\u00e9iste<\/abbr> et ils seront donc le th\u00e8me principal autour duquel un service religieux se d\u00e9roule. Un enterrement humaniste est tout \u00e0 <abbr class='c2c-text-hover' title='En science une observation ou le r\u00e9sultat d&#039;une manipulation exp\u00e9rimentale.'>fait<\/abbr> le contraire, car il mettra l&rsquo;accent sur la <abbr class='c2c-text-hover' title='Un concept tr\u00e8s difficile \u00e0 d\u00e9finir. Une fa\u00e7on de consid\u00e9rer la chose est qu&#039;il s&#039;agit d&#039;une propri\u00e9t\u00e9 de la mati\u00e8re caract\u00e9ris\u00e9e par un processus de m\u00e9tabolisme (transformation de mati\u00e8res premi\u00e8res en \u00e9nergie utilis\u00e9e pour la croissance et la reproduction).'>vie<\/abbr> de la personne, quoique de mani\u00e8re d\u00e9licate, honorant la personnalit\u00e9 unique du d\u00e9funt, offrant r\u00e9confort pour la <abbr class='c2c-text-hover' title='Un concept tr\u00e8s difficile \u00e0 d\u00e9finir. Une fa\u00e7on de consid\u00e9rer la chose est qu&#039;il s&#039;agit d&#039;une propri\u00e9t\u00e9 de la mati\u00e8re caract\u00e9ris\u00e9e par un processus de m\u00e9tabolisme (transformation de mati\u00e8res premi\u00e8res en \u00e9nergie utilis\u00e9e pour la croissance et la reproduction).'>vie<\/abbr> de ceux qui sont laiss\u00e9s derri\u00e8re et une r\u00e9flexion sur le caract\u00e8re pr\u00e9cieux de la <abbr class='c2c-text-hover' title='Un concept tr\u00e8s difficile \u00e0 d\u00e9finir. Une fa\u00e7on de consid\u00e9rer la chose est qu&#039;il s&#039;agit d&#039;une propri\u00e9t\u00e9 de la mati\u00e8re caract\u00e9ris\u00e9e par un processus de m\u00e9tabolisme (transformation de mati\u00e8res premi\u00e8res en \u00e9nergie utilis\u00e9e pour la croissance et la reproduction).'>vie<\/abbr> en g\u00e9n\u00e9ral. Il rompt les relations entre les vivants et les morts gracieusement, avec sensibilit\u00e9 et dignit\u00e9, mais toujours de fa\u00e7on positive.<\/span><\/p>\n<p style=\"text-align: justify;\"><span style=\"font-size: medium;\">Un enterrement humaniste, donc, n&rsquo;est pas un service offert \u00e0 une divinit\u00e9, mais la c\u00e9l\u00e9bration d&rsquo;une <abbr class='c2c-text-hover' title='Un concept tr\u00e8s difficile \u00e0 d\u00e9finir. Une fa\u00e7on de consid\u00e9rer la chose est qu&#039;il s&#039;agit d&#039;une propri\u00e9t\u00e9 de la mati\u00e8re caract\u00e9ris\u00e9e par un processus de m\u00e9tabolisme (transformation de mati\u00e8res premi\u00e8res en \u00e9nergie utilis\u00e9e pour la croissance et la reproduction).'>vie<\/abbr> qui a \u00e9t\u00e9 v\u00e9cue et est parvenue \u00e0 sa fin. C&rsquo;est pourquoi, comme les <a title=\"http:\/\/fr.wikipedia.org\/wiki\/Bouddhisme\" href=\"http:\/\/fr.wikipedia.org\/wiki\/Bouddhisme\" target=\"_blank\" rel=\"noopener\">bouddhistes<\/a> Theravada, les humanistes peuvent parler d&rsquo;une c\u00e9l\u00e9bration de fun\u00e9railles. La c\u00e9l\u00e9bration de la <abbr class='c2c-text-hover' title='Un concept tr\u00e8s difficile \u00e0 d\u00e9finir. Une fa\u00e7on de consid\u00e9rer la chose est qu&#039;il s&#039;agit d&#039;une propri\u00e9t\u00e9 de la mati\u00e8re caract\u00e9ris\u00e9e par un processus de m\u00e9tabolisme (transformation de mati\u00e8res premi\u00e8res en \u00e9nergie utilis\u00e9e pour la croissance et la reproduction).'>vie<\/abbr> du d\u00e9funt prendra la forme d&rsquo;un regard personnel sur la <abbr class='c2c-text-hover' title='Un concept tr\u00e8s difficile \u00e0 d\u00e9finir. Une fa\u00e7on de consid\u00e9rer la chose est qu&#039;il s&#039;agit d&#039;une propri\u00e9t\u00e9 de la mati\u00e8re caract\u00e9ris\u00e9e par un processus de m\u00e9tabolisme (transformation de mati\u00e8res premi\u00e8res en \u00e9nergie utilis\u00e9e pour la croissance et la reproduction).'>vie<\/abbr> de celui qui nous a quitt\u00e9. Il s&rsquo;agira notamment d&rsquo;allusions au d\u00e9funt par son surnom et les r\u00e9cits de son enfance, son \u00e9ducation, son travail, sa famille, ses int\u00e9r\u00eats particuliers et ses amis intimes. Ce sont les petits d\u00e9tails qui sont souvent particuli\u00e8rement touchant sur la <abbr class='c2c-text-hover' title='Un concept tr\u00e8s difficile \u00e0 d\u00e9finir. Une fa\u00e7on de consid\u00e9rer la chose est qu&#039;il s&#039;agit d&#039;une propri\u00e9t\u00e9 de la mati\u00e8re caract\u00e9ris\u00e9e par un processus de m\u00e9tabolisme (transformation de mati\u00e8res premi\u00e8res en \u00e9nergie utilis\u00e9e pour la croissance et la reproduction).'>vie<\/abbr> du d\u00e9funt lors d&rsquo;une telle c\u00e9r\u00e9monie humaniste, le verre de vin pr\u00e8s du feu, les promenades avec le chien, le chandail pr\u00e9f\u00e9r\u00e9, le fauteuil favori et les anecdotes dr\u00f4les.<\/span><\/p>\n<p style=\"text-align: justify;\"><span style=\"font-size: medium;\">Des pays comme le Royaume-Uni ont une longue histoire d&rsquo;enterrement religieux de la pr\u00e9histoire et l&rsquo;antiquit\u00e9 \u00e0 nos jours. Jusqu&rsquo;au milieu des ann\u00e9es 1880, toutes les fun\u00e9railles ont \u00e9t\u00e9 des services religieux et toutes les personnes d\u00e9c\u00e9d\u00e9es ont \u00e9t\u00e9 enterr\u00e9es. Avec l&rsquo;<abbr class='c2c-text-hover' title='Techniquement, le processus naturel par lequel la vie change et se diversifie. La caract\u00e9ristique d&#039;un processus \u00e9volutif, c&#039;est qu&#039;il provoque des changements dans la fr\u00e9quence des g\u00e8nes dans une population d&#039;organisme vivant.'>\u00e9volution<\/abbr> vers des services non religieux, les membres du clerg\u00e9 anglican sont devenus si indign\u00e9s qu&rsquo;ils avaient l&rsquo;habitude de se pr\u00e9senter \u00e0 l&rsquo;enterrement ill\u00e9gal pour lire les pri\u00e8res anglicanes. Comme le service anglican utilisait uniquement l&rsquo;enfouissement, l&rsquo;incin\u00e9ration n&rsquo;\u00e9tait pas possible avant 1880. Mais en 1884 un chirurgien <span style=\"text-decoration: underline;\"><abbr class='c2c-text-hover' title='Personne qui consid\u00e8re que l&#039;absolu est inaccessible \u00e0 l&#039;esprit humain et qui pr\u00e9conise le refus de toute solutions aux probl\u00e8mes m\u00e9taphysiques.'>agnostique<\/abbr><\/span> <a title=\"http:\/\/en.wikipedia.org\/wiki\/Sir_Henry_Thompson,_1st_Baronet\" href=\"http:\/\/en.wikipedia.org\/wiki\/Sir_Henry_Thompson,_1st_Baronet\" target=\"_blank\" rel=\"noopener\">Sir Henry Thompson<\/a>, a fond\u00e9 une soci\u00e9t\u00e9 de cr\u00e9mation et la cr\u00e9mation est alors devenue possible. Pourtant, il a fallu attendre les ann\u00e9es 1960 pour que la cr\u00e9mation entre dans les moeurs.<\/span><\/p>\n<p style=\"text-align: justify;\"><span style=\"font-size: medium;\">Aujourd&rsquo;hui la plupart des s\u00e9pultures humanistes du Royaume-Uni, en <abbr class='c2c-text-hover' title='En science une observation ou le r\u00e9sultat d&#039;une manipulation exp\u00e9rimentale.'>fait<\/abbr>, la plupart des non-religieux et m\u00eame ceux qui ont la foi, sont incin\u00e9r\u00e9s plut\u00f4t qu&rsquo;enterr\u00e9s, mais un enterrement humaniste est \u00e9galement possible. Dans ce dernier cas, un humaniste peut souhaiter \u00eatre enterr\u00e9 dans un cimeti\u00e8re d&rsquo;\u00e9glise, peut-\u00eatre pour \u00eatre enterr\u00e9 avec un conjoint, ou \u00eatre dans le cimeti\u00e8re familier et cela peut impliquer une c\u00e9r\u00e9monie pr\u00e9alable dans une \u00e9glise ou une chapelle. Aussi, certaines personnes peuvent choisir d&rsquo;\u00eatre enterr\u00e9 \u00e0 la campagne, avec une c\u00e9r\u00e9monie humaniste.<\/span><\/p>\n<p style=\"text-align: justify;\"><span style=\"font-size: medium;\"><a title=\"Cimeti\u00e8re\" href=\"http:\/\/humanisme.assohum.org\/wp-content\/uploads\/2014\/01\/cimetiere.bmp\"><img loading=\"lazy\" decoding=\"async\" class=\"alignleft size-full wp-image-20\" style=\"margin: 10px;\" src=\"http:\/\/humanisme.assohum.org\/wp-content\/uploads\/2014\/01\/cimetiere.bmp\" alt=\"cimetiere\" width=\"150\" height=\"120\" \/><\/a>M\u00eame s&rsquo;ils sont des \u00e9difices publics et non pas religieux, les cr\u00e9matoriums sont souvent model\u00e9s sur les \u00e9glises en ce qui concerne le design d&rsquo;int\u00e9rieur. Il ne serait pas d\u00e9raisonnable de demander que les croix, livres de pri\u00e8re ou d&rsquo;autres symboles religieux soient enlev\u00e9s. \u00c7a ne devrait pas \u00eatre une difficult\u00e9 \u00e0 condition qu&rsquo;il y ait du temps pour les replacer avant la c\u00e9r\u00e9monie suivante. Ce qui est important, c&rsquo;est de pouvoir dire adieu \u00e0 quelqu&rsquo;un qui est d\u00e9c\u00e9d\u00e9 et le faire dans les meilleures conditions possibles. Lorsque les proches du d\u00e9funt sont en mesure de planifier une c\u00e9r\u00e9monie adapt\u00e9e \u00e0 la <abbr class='c2c-text-hover' title='Un concept tr\u00e8s difficile \u00e0 d\u00e9finir. Une fa\u00e7on de consid\u00e9rer la chose est qu&#039;il s&#039;agit d&#039;une propri\u00e9t\u00e9 de la mati\u00e8re caract\u00e9ris\u00e9e par un processus de m\u00e9tabolisme (transformation de mati\u00e8res premi\u00e8res en \u00e9nergie utilis\u00e9e pour la croissance et la reproduction).'>vie<\/abbr> qui a pris fin, cela devient un adieu intime et bien senti.<\/span><\/p>\n<p style=\"text-align: justify;\"><span style=\"font-size: medium;\">Il n&rsquo;y a donc aucune raison pour que les membres d&rsquo;une famille ou des amis ne peuvent pas mener leurs propres c\u00e9r\u00e9monies fun\u00e8bres pour un \u00eatre cher qui les a quitt\u00e9s. Mais puisque l&rsquo;occasion est triste, il est souvent plus facile d&rsquo;avoir quelqu&rsquo;un qui n&rsquo;est pas un intime du d\u00e9funt pour aider \u00e0 planifier et conduire la c\u00e9r\u00e9monie. Un officiant humaniste peut remplir ce r\u00f4le. Ils sont bien entra\u00een\u00e9s et compr\u00e9hensifs et non seulement aideront \u00e0 planifier une c\u00e9r\u00e9monie uniquement adapt\u00e9 \u00e0 la personne, mais peuvent aussi prendre en charge une partie ou la totalit\u00e9 de la c\u00e9r\u00e9monie si la demande leur en est faite.<\/span><\/p>\n<p style=\"text-align: justify;\"><span style=\"font-size: medium;\">Un enterrement humaniste est g\u00e9n\u00e9ralement divis\u00e9 en plusieurs parties. Premi\u00e8rement, il y a des mots de bienvenue \u00e0 ceux qui sont venus et peut-\u00eatre une br\u00e8ve explication sur la nature des fun\u00e9railles humanistes. Quelques mots de r\u00e9flexion sur la <abbr class='c2c-text-hover' title='Un concept tr\u00e8s difficile \u00e0 d\u00e9finir. Une fa\u00e7on de consid\u00e9rer la chose est qu&#039;il s&#039;agit d&#039;une propri\u00e9t\u00e9 de la mati\u00e8re caract\u00e9ris\u00e9e par un processus de m\u00e9tabolisme (transformation de mati\u00e8res premi\u00e8res en \u00e9nergie utilis\u00e9e pour la croissance et la reproduction).'>vie<\/abbr> et la mort vont suivre, puis le th\u00e8me principal de la c\u00e9r\u00e9monie &#8211; l&rsquo;hommage \u00e0 la <abbr class='c2c-text-hover' title='Un concept tr\u00e8s difficile \u00e0 d\u00e9finir. Une fa\u00e7on de consid\u00e9rer la chose est qu&#039;il s&#039;agit d&#039;une propri\u00e9t\u00e9 de la mati\u00e8re caract\u00e9ris\u00e9e par un processus de m\u00e9tabolisme (transformation de mati\u00e8res premi\u00e8res en \u00e9nergie utilis\u00e9e pour la croissance et la reproduction).'>vie<\/abbr> du d\u00e9funt. L&rsquo;incin\u00e9ration du corps suit, puis les mots de cl\u00f4ture de la c\u00e9r\u00e9monie pour conclure. Des hommages personnels sous la forme de po\u00e9sies, o\u00f9 des textes en prose ou encore de la musique peuvent s&rsquo;y ajouter. Bien que ceux-ci peuvent \u00eatre situ\u00e9s \u00e0 n&rsquo;importe quel moment durant la c\u00e9r\u00e9monie, ils sont g\u00e9n\u00e9ralement particuli\u00e8rement pertinents dans le cadre de r\u00e9flexions sur la <abbr class='c2c-text-hover' title='Un concept tr\u00e8s difficile \u00e0 d\u00e9finir. Une fa\u00e7on de consid\u00e9rer la chose est qu&#039;il s&#039;agit d&#039;une propri\u00e9t\u00e9 de la mati\u00e8re caract\u00e9ris\u00e9e par un processus de m\u00e9tabolisme (transformation de mati\u00e8res premi\u00e8res en \u00e9nergie utilis\u00e9e pour la croissance et la reproduction).'>vie<\/abbr> et la mort, mais \u00e9galement appropri\u00e9s pour c\u00e9l\u00e9brer la <abbr class='c2c-text-hover' title='Un concept tr\u00e8s difficile \u00e0 d\u00e9finir. Une fa\u00e7on de consid\u00e9rer la chose est qu&#039;il s&#039;agit d&#039;une propri\u00e9t\u00e9 de la mati\u00e8re caract\u00e9ris\u00e9e par un processus de m\u00e9tabolisme (transformation de mati\u00e8res premi\u00e8res en \u00e9nergie utilis\u00e9e pour la croissance et la reproduction).'>vie<\/abbr> du d\u00e9funt.<\/span><\/p>\n<p>\u00a0<div class='et-box et-info'>\n\t\t\t\t\t<div class='et-box-content'><span style=\"font-size: medium;\"><strong>Exercice de r\u00e9flexion critique.<\/strong><\/span><\/p>\n<p style=\"text-align: justify;\"><strong><span style=\"font-size: medium;\">Dans ce module de base, il y avait quelques exemples de travaux r\u00e9alis\u00e9s par des \u00e9tudiants. Ils n&rsquo;ont pas \u00e9t\u00e9 invent\u00e9s pour ce module, ces \u00e9l\u00e8ves, \u00e9tudiaient l&rsquo;humanisme dans une universit\u00e9 du Sud du Pays de Galles au Royaume Uni. On leur a demand\u00e9 de planifier une c\u00e9r\u00e9monie d&rsquo;accueil, un mariage ou une c\u00e9r\u00e9monie fun\u00e8bre. <\/span> <span style=\"font-size: medium;\">\u00c9tant surtout de jeunes \u00e9tudiants entre 18 et 21 ans, beaucoup \u00e9taient enclins \u00e0 r\u00e9diger leurs propres c\u00e9r\u00e9monies de mariage, mais certains, en particulier des \u00e9tudiants d&rsquo;\u00e2ge m\u00fbr, ont choisi les autres domaines. Pour votre prochain devoir dans ce module, planifier et r\u00e9diger votre propre c\u00e9r\u00e9monie d&rsquo;accueil non-religieuse pour un b\u00e9b\u00e9 ou pour votre propre mariage ou la c\u00e9l\u00e9bration de fun\u00e9railles. Vous aurez besoin de r\u00e9fl\u00e9chir tr\u00e8s profond\u00e9ment, de penser tr\u00e8s fort \u00e0 ce que vous voulez exprimer. Essayez de penser, aussi, \u00e0 des objectifs humanistes et comment et o\u00f9 ils pourraient \u00eatre inclus. Vous pouvez choisir n&rsquo;importe quelle musique &#8211; chansons pop inclues &#8211; toute la po\u00e9sie, des passages de livres &#8211; tout ce qui vous aide \u00e0 exprimer ce que vous ressentez. Bien s\u00fbr et le plus important, vous pouvez aussi \u00e9crire vos propres mots, ou adapter les mots de quelqu&rsquo;un d&rsquo;autre. Lorsque c&rsquo;est termin\u00e9, pensez \u00e0 comment vous souhaiteriez le pr\u00e9senter. Conservez votre travail ! Souvenez-vous du conseil donn\u00e9 pour vous dans votre module d&rsquo;introduction. Notez toujours votre travail clairement et nettement et entreposez-le avec pr\u00e9caution afin de vous y r\u00e9f\u00e9rer facilement \u00e0 l&rsquo;avenir. Lorsque vous serez en ligne avec d&rsquo;autres \u00e9tudiants sur le<a title=\"Forum\" href=\"http:\/\/forum.assohum.org\/\" target=\"_blank\" rel=\"noopener\"> forum de l&rsquo;AHQ<\/a>, vous serez en mesure de partager vos id\u00e9es.<\/span><\/strong><\/div><\/div><br \/>\n<div class='one_half'>\n\t\t\t\t\t<a href='http:\/\/www.humanisme.assohum.org\/?page_id=293' class='small-button smallsilver'>Page pr\u00e9c\u00e9dente<\/a>\n\t\t\t\t<\/div><\/p>\n<p style=\"text-align: right;\"><a href='http:\/\/www.humanisme.assohum.org\/?page_id=307' class='small-button smallsilver'>Page suivante<\/a><\/p>\n","protected":false},"excerpt":{"rendered":"<p>Le\u00e7on 3\u00a0: la mort &nbsp; epuis l&rsquo;antiquit\u00e9 peut-\u00eatre le rite le plus important du cycle de la <abbr class='c2c-text-hover' title='Un concept tr\u00e8s difficile \u00e0 d\u00e9finir. Une fa\u00e7on de consid\u00e9rer la chose est qu&#039;il s&#039;agit d&#039;une propri\u00e9t\u00e9 de la mati\u00e8re caract\u00e9ris\u00e9e par un processus de m\u00e9tabolisme (transformation de mati\u00e8res premi\u00e8res en \u00e9nergie utilis\u00e9e pour la croissance et la reproduction).'>vie<\/abbr> a \u00e9t\u00e9 associ\u00e9 \u00e0 la mort d&rsquo;une personne et toutes sortes de c\u00e9r\u00e9monies ont \u00e9t\u00e9 effectu\u00e9es afin de marquer la fin de la <abbr class='c2c-text-hover' title='Un concept tr\u00e8s difficile \u00e0 d\u00e9finir. Une fa\u00e7on de consid\u00e9rer la chose est qu&#039;il s&#039;agit d&#039;une propri\u00e9t\u00e9 de la mati\u00e8re caract\u00e9ris\u00e9e par un processus de m\u00e9tabolisme (transformation de mati\u00e8res premi\u00e8res en \u00e9nergie utilis\u00e9e pour la croissance et la reproduction).'>vie<\/abbr> d&rsquo;un individu. De telles c\u00e9r\u00e9monies ont tendance \u00e0 refl\u00e9ter les habitudes culturelles de [&hellip;]<\/p>\n","protected":false},"author":1,"featured_media":0,"parent":258,"menu_order":2,"comment_status":"open","ping_status":"open","template":"","meta":{"footnotes":""},"class_list":["post-293","page","type-page","status-publish","hentry"],"_links":{"self":[{"href":"https:\/\/humanisme.assohum.org\/index.php?rest_route=\/wp\/v2\/pages\/293"}],"collection":[{"href":"https:\/\/humanisme.assohum.org\/index.php?rest_route=\/wp\/v2\/pages"}],"about":[{"href":"https:\/\/humanisme.assohum.org\/index.php?rest_route=\/wp\/v2\/types\/page"}],"author":[{"embeddable":true,"href":"https:\/\/humanisme.assohum.org\/index.php?rest_route=\/wp\/v2\/users\/1"}],"replies":[{"embeddable":true,"href":"https:\/\/humanisme.assohum.org\/index.php?rest_route=%2Fwp%2Fv2%2Fcomments&post=293"}],"version-history":[{"count":20,"href":"https:\/\/humanisme.assohum.org\/index.php?rest_route=\/wp\/v2\/pages\/293\/revisions"}],"predecessor-version":[{"id":1448,"href":"https:\/\/humanisme.assohum.org\/index.php?rest_route=\/wp\/v2\/pages\/293\/revisions\/1448"}],"up":[{"embeddable":true,"href":"https:\/\/humanisme.assohum.org\/index.php?rest_route=\/wp\/v2\/pages\/258"}],"wp:attachment":[{"href":"https:\/\/humanisme.assohum.org\/index.php?rest_route=%2Fwp%2Fv2%2Fmedia&parent=293"}],"curies":[{"name":"wp","href":"https:\/\/api.w.org\/{rel}","templated":true}]}}