{"id":258,"date":"2014-02-09T19:12:11","date_gmt":"2014-02-09T18:12:11","guid":{"rendered":"http:\/\/humanisme.assohum.org\/?page_id=258"},"modified":"2017-01-19T16:47:06","modified_gmt":"2017-01-19T15:47:06","slug":"developper-le-potentiel-humain-sans-religion-module-intermediaire","status":"publish","type":"page","link":"https:\/\/humanisme.assohum.org\/?page_id=258","title":{"rendered":"D\u00e9velopper le potentiel humain sans religion-interm\u00e9diaire 1"},"content":{"rendered":"\n\t\t<div class='author-shortcodes'>\n\t\t\t<div class='author-inner'>\n\t\t\t\t<div class='author-image'>\n\t\t\t<img src='' alt='' \/>\n\t\t\t<div class='author-overlay'><\/div>\n\t\t<\/div> <!-- .author-image --> \n\t\t<div class='author-info'>\n\t\t\tAuteur original: Jeaneane Fowler Fowler Ph D (photo non disponible): Jeaneance Fowler est l&rsquo;auteure de nombreux livres (en anglais) sur les <abbr class='c2c-text-hover' title='Ensemble des croyances au surnaturel tel Dieu, la vie apr\u00e8s la mort, la r\u00e9incarnation, le ciel, l&#039;enfer, les miracles, n&#039;importe quelle combinaison de ces rituels et dogmes r\u00e9gissant le rapport de l&#039;homme et de la divinit\u00e9 pour former une religion ou une secte.'>religions<\/abbr> et la <abbr class='c2c-text-hover' title='Ensemble des croyances et des pratiques qui s&#039;attachent aux valeurs spirituelles. Ce que nous ressentons lorsque nous sommes \u00e9mus de fa\u00e7on positive et significative.'>spiritualit\u00e9<\/abbr> <a href=\"http:\/\/tinyurl.com\/zbqvf5t\" target=\"_blank\">voici un lien vers sa page sur amazon.ca.<\/a>\n\t\t<\/div> <!-- .author-info -->\n\t\t\t<\/div> <!-- .author-inner -->\n\t\t<\/div> <!-- .author-shortcodes -->\n<h1 style=\"text-align: center;\">\u00a0<\/h1>\n<h1 style=\"text-align: center;\"><span style=\"color: #993366;\">C\u00e9l\u00e9brer les \u00e9tapes importantes de la <abbr class='c2c-text-hover' title='Un concept tr\u00e8s difficile \u00e0 d\u00e9finir. Une fa\u00e7on de consid\u00e9rer la chose est qu&#039;il s&#039;agit d&#039;une propri\u00e9t\u00e9 de la mati\u00e8re caract\u00e9ris\u00e9e par un processus de m\u00e9tabolisme (transformation de mati\u00e8res premi\u00e8res en \u00e9nergie utilis\u00e9e pour la croissance et la reproduction).'>vie<\/abbr> sans <abbr class='c2c-text-hover' title='Ensemble des croyances au surnaturel tel Dieu, la vie apr\u00e8s la mort, la r\u00e9incarnation, le ciel, l&#039;enfer, les miracles, n&#039;importe quelle combinaison de ces rituels et dogmes r\u00e9gissant le rapport de l&#039;homme et de la divinit\u00e9 pour former une religion ou une secte.'>religion<\/abbr> <\/span><\/h1>\n<h1 style=\"text-align: center;\"><span style=\"color: #993366;\">et examiner les questions concernant la <abbr class='c2c-text-hover' title='Un concept tr\u00e8s difficile \u00e0 d\u00e9finir. Une fa\u00e7on de consid\u00e9rer la chose est qu&#039;il s&#039;agit d&#039;une propri\u00e9t\u00e9 de la mati\u00e8re caract\u00e9ris\u00e9e par un processus de m\u00e9tabolisme (transformation de mati\u00e8res premi\u00e8res en \u00e9nergie utilis\u00e9e pour la croissance et la reproduction).'>vie<\/abbr> et la mort.<\/span><\/h1>\n<div class='one_half'>\n\t\t\t\t\t\n\t\t\t\t<\/div>\n<p style=\"text-align: right;\"><a href='http:\/\/www.humanisme.assohum.org\/?page_id=282' class='small-button smallsilver'>Page suivante<\/a><\/p>\n<p style=\"text-align: justify;\"><span style=\"font-size: medium;\"><span class='et-dropcap' style=\"font-size: 60px; color: #8A0808;\">L<\/span>a plupart des gens appr\u00e9cient les c\u00e9r\u00e9monies marquant les occasions sp\u00e9ciales de nos vies. Ces c\u00e9l\u00e9brations peuvent \u00eatre des anniversaires, un passage \u00e0 l&rsquo;\u00e2ge adulte, une naissance, un mariage ou encore des f\u00eates communautaires qui, que l&rsquo;individu soit religieux ou non, permettent de faire une pause de la routine normale de notre existence. Ces c\u00e9r\u00e9monies ont le plus souvent \u00e9t\u00e9 associ\u00e9es \u00e0 la <a title=\"religion\" href=\"http:\/\/fr.wikipedia.org\/wiki\/Religion\" target=\"_blank\"><abbr class='c2c-text-hover' title='Ensemble des croyances au surnaturel tel Dieu, la vie apr\u00e8s la mort, la r\u00e9incarnation, le ciel, l&#039;enfer, les miracles, n&#039;importe quelle combinaison de ces rituels et dogmes r\u00e9gissant le rapport de l&#039;homme et de la divinit\u00e9 pour former une religion ou une secte.'>religion<\/abbr> <\/a>, m\u00eame si un grand nombre de gens continuent \u00e0 participer \u00e0 des c\u00e9r\u00e9monies religieuses de fa\u00e7on compl\u00e8tement \u00ab\u00a0la\u00efque\u00a0\u00bb. La f\u00eate de No\u00ebl est un bon exemple, il n&rsquo;est pas n\u00e9cessaire d&rsquo;\u00eatre chr\u00e9tien pour y participer. En <abbr class='c2c-text-hover' title='En science une observation ou le r\u00e9sultat d&#039;une manipulation exp\u00e9rimentale.'>fait<\/abbr> elle est tellement ancr\u00e9e dans les moeurs que vous pouvez tr\u00e8s bien recevoir des cartes de voeux de vos amis bouddhistes ou hindous ou d&rsquo;amis qui sont incroyants.<\/span><\/p>\n<p style=\"text-align: justify;\"><span style=\"font-size: medium;\">L&rsquo;origine religieuse de certaines f\u00eates n&rsquo;exclue pas n\u00e9cessairement la participation \u00e0 celle-ci par des humanistes, dans ce cas l&#8217;emphase sur la <a title=\"Religion\" href=\"http:\/\/fr.wikipedia.org\/wiki\/Religion\" target=\"_blank\"><abbr class='c2c-text-hover' title='Ensemble des croyances au surnaturel tel Dieu, la vie apr\u00e8s la mort, la r\u00e9incarnation, le ciel, l&#039;enfer, les miracles, n&#039;importe quelle combinaison de ces rituels et dogmes r\u00e9gissant le rapport de l&#039;homme et de la divinit\u00e9 pour former une religion ou une secte.'>religion<\/abbr> <\/a>est simplement mise de c\u00f4t\u00e9. Parfois c&rsquo;est vraiment facile \u00e0 faire car de nombreuses f\u00eates religieuses ont en <abbr class='c2c-text-hover' title='En science une observation ou le r\u00e9sultat d&#039;une manipulation exp\u00e9rimentale.'>fait<\/abbr> une origine pa\u00efenne ant\u00e9c\u00e9dente \u00e0 la <a title=\"Religion\" href=\"http:\/\/fr.wikipedia.org\/wiki\/Religion\" target=\"_blank\"><abbr class='c2c-text-hover' title='Ensemble des croyances au surnaturel tel Dieu, la vie apr\u00e8s la mort, la r\u00e9incarnation, le ciel, l&#039;enfer, les miracles, n&#039;importe quelle combinaison de ces rituels et dogmes r\u00e9gissant le rapport de l&#039;homme et de la divinit\u00e9 pour former une religion ou une secte.'>religion<\/abbr> <\/a>. Une autre occasion fr\u00e9quente et importante de rencontre communautaire est lors du d\u00e9c\u00e8s d&rsquo;un individu. Les trois premi\u00e8res le\u00e7ons de ce module interm\u00e9diaire vont porter justement sur les c\u00e9l\u00e9brations marquantes dans nos vies. Les deux le\u00e7ons suivantes seront consacr\u00e9es plus pr\u00e9cis\u00e9ment \u00e0 la naissance, l&rsquo;<a title=\"avortement\" href=\"http:\/\/fr.wikipedia.org\/wiki\/Avortement\" target=\"_blank\"><abbr class='c2c-text-hover' title='Interruption, volontaire ou non, d&#039;une grossesse avant terme.'>avortement<\/abbr><\/a> , la mort et la question de <a title=\"Euthanasie\" href=\"https:\/\/fr.wikipedia.org\/wiki\/Euthanasie\" target=\"_blank\">l&rsquo;<abbr class='c2c-text-hover' title='Ensemble des m\u00e9thodes qui provoquent une mort sans souffrance, afin d&#039;abr\u00e9ger une agonie tr\u00e8s longue, ou une maladie douloureuse \u00e0 l&#039;issue fatale.'>euthanasie<\/abbr> <\/a>.<\/span><\/p>\n<p style=\"text-align: justify;\"><span style=\"font-size: medium;\">Comme tout le monde, les humanistes trouvent n\u00e9cessaires de marquer les \u00e9tapes importantes dans nos vies, incluant la fin de celle-ci, de mani\u00e8re significative. Nous avons tous des moments o\u00f9 nous ressentons le besoin de partager nos joies et nos peines avec d&rsquo;autres, des moments o\u00f9 nous souhaitons la pr\u00e9sence pr\u00e8s de nous de nos amis et de nos proches dans la joie comme dans la peine. Il peut aussi arriver que nous d\u00e9sirions afficher en public une \u00e9tape ou une d\u00e9cision qui nous est importante. Des moments pleins d&rsquo;\u00e9motions qui sont souvent marqu\u00e9s du sceau d&rsquo;une certaine <abbr class='c2c-text-hover' title='Ensemble des croyances et des pratiques qui s&#039;attachent aux valeurs spirituelles. Ce que nous ressentons lorsque nous sommes \u00e9mus de fa\u00e7on positive et significative.'>spiritualit\u00e9<\/abbr>.<\/span><\/p>\n<p style=\"text-align: justify;\"><span style=\"font-size: medium;\">Ce qui rend \u00e9galement les c\u00e9r\u00e9monies humanistes int\u00e9ressantes est le <abbr class='c2c-text-hover' title='En science une observation ou le r\u00e9sultat d&#039;une manipulation exp\u00e9rimentale.'>fait<\/abbr> qu&rsquo;elles peuvent \u00eatre personnalis\u00e9es selon chaque individu, ce que les c\u00e9r\u00e9monies religieuses ne font pas en g\u00e9n\u00e9ral bien que cela tende \u00e0 changer ces derni\u00e8res ann\u00e9es. Il est possible d&rsquo;y inclure de la po\u00e9sie, une musique qui va comme un gant \u00e0 l&rsquo;occasion et, ce qui est le plus important, y dire les choses que l&rsquo;on veut exprimer, donner \u00e0 la c\u00e9r\u00e9monie sa touche personnelle et lui donner une \u00e9motion propre. Des associations humanistes peuvent vous venir en aide si vous pr\u00e9f\u00e9rez ce type de c\u00e9r\u00e9monies plut\u00f4t que celles religieuses.<\/span><\/p>\n<h2 style=\"text-align: center;\">Le\u00e7on 1: La naissance<\/h2>\n<p style=\"text-align: justify;\"><span style=\"font-size: medium;\">M\u00eame si, depuis des temps imm\u00e9moriaux, on c\u00e9l\u00e8bre les naissances, les rites actuels sont g\u00e9n\u00e9ralement associ\u00e9s aux <a title=\"REligion\" href=\"http:\/\/fr.wikipedia.org\/wiki\/Religion\" target=\"_blank\"><abbr class='c2c-text-hover' title='Ensemble des croyances au surnaturel tel Dieu, la vie apr\u00e8s la mort, la r\u00e9incarnation, le ciel, l&#039;enfer, les miracles, n&#039;importe quelle combinaison de ces rituels et dogmes r\u00e9gissant le rapport de l&#039;homme et de la divinit\u00e9 pour former une religion ou une secte.'>religions<\/abbr><\/a>. Dans plusieurs cas, m\u00eame si la <a href=\"http:\/\/humanisme.assohum.org\/wp-content\/uploads\/2014\/01\/newborn.jpg\"><img loading=\"lazy\" decoding=\"async\" class=\"alignright size-full wp-image-64\" style=\"margin: 10px;\" title=\"Nouveau n\u00e9\" src=\"http:\/\/humanisme.assohum.org\/wp-content\/uploads\/2014\/01\/newborn.jpg\" alt=\"newborn\" width=\"288\" height=\"190\" srcset=\"https:\/\/humanisme.assohum.org\/wp-content\/uploads\/2014\/01\/newborn.jpg 288w, https:\/\/humanisme.assohum.org\/wp-content\/uploads\/2014\/01\/newborn-207x136.jpg 207w\" sizes=\"(max-width: 288px) 100vw, 288px\" \/><\/a>naissance d&rsquo;un enfant est un \u00e9v\u00e8nement joyeux en soi, il \u00e9tait aussi accompagn\u00e9 d&rsquo;angoisses et de craintes au sujet de forces malveillantes soi-disant \u00e0 l&rsquo;affut du nouveau-n\u00e9. Dans les pays orientaux ou l&rsquo;hindouisme et le bouddhisme sont pratiqu\u00e9s, la m\u00e8re est toujours consid\u00e9r\u00e9e \u00ab\u00a0impure\u00a0\u00bb apr\u00e8s la naissance comme lorsqu&rsquo;elle a ses r\u00e8gles. Dans l&rsquo;hindouisme par exemple, on craint tellement les esprits malins, qu&rsquo;il y a davantage de rites avant et juste apr\u00e8s la naissance du b\u00e9b\u00e9 qu&rsquo;\u00e0 n&rsquo;importe quelle autre \u00e9poque de sa <abbr class='c2c-text-hover' title='Un concept tr\u00e8s difficile \u00e0 d\u00e9finir. Une fa\u00e7on de consid\u00e9rer la chose est qu&#039;il s&#039;agit d&#039;une propri\u00e9t\u00e9 de la mati\u00e8re caract\u00e9ris\u00e9e par un processus de m\u00e9tabolisme (transformation de mati\u00e8res premi\u00e8res en \u00e9nergie utilis\u00e9e pour la croissance et la reproduction).'>vie<\/abbr>\u00a0!<\/span><\/p>\n<p style=\"text-align: justify;\"><span style=\"font-size: medium;\">La chr\u00e9tient\u00e9 n&rsquo;est pas en reste non plus. Un b\u00e9b\u00e9 n&rsquo;est jamais vraiment \u00ab\u00a0en suret\u00e9\u00a0\u00bb avant d&rsquo;\u00eatre baptis\u00e9 et, encore de nos jours, on prend bien soin durant le rite de demander la renonciation \u00e0 Satan. Il va sans dire que de telles c\u00e9r\u00e9monies sont consid\u00e9r\u00e9es comme tr\u00e8s importantes et se d\u00e9roulent selon des r\u00e8gles et un rituel tr\u00e8s pr\u00e9cis. Et m\u00eame si la plupart des gens ne prennent pas tr\u00e8s au s\u00e9rieux les croyances accompagnant de telles c\u00e9r\u00e9monies, ils s&rsquo;y pr\u00eatent n\u00e9anmoins malgr\u00e9 le <abbr class='c2c-text-hover' title='En science une observation ou le r\u00e9sultat d&#039;une manipulation exp\u00e9rimentale.'>fait<\/abbr> que celles-ci n&rsquo;ont plus grand-chose \u00e0 voir avec notre monde moderne.\u00a0<\/span><\/p>\n<p style=\"text-align: justify;\"><span style=\"font-size: medium;\"><a title=\"Grand-p\u00e8re et b\u00e9b\u00e9\" href=\"http:\/\/humanisme.assohum.org\/wp-content\/uploads\/2014\/02\/baby.jpg\"><img loading=\"lazy\" decoding=\"async\" class=\"alignleft size-full wp-image-260\" style=\"margin: 10px;\" src=\"http:\/\/humanisme.assohum.org\/wp-content\/uploads\/2014\/02\/baby.jpg\" alt=\"baby\" width=\"349\" height=\"347\" srcset=\"https:\/\/humanisme.assohum.org\/wp-content\/uploads\/2014\/02\/baby.jpg 349w, https:\/\/humanisme.assohum.org\/wp-content\/uploads\/2014\/02\/baby-150x150.jpg 150w, https:\/\/humanisme.assohum.org\/wp-content\/uploads\/2014\/02\/baby-300x298.jpg 300w, https:\/\/humanisme.assohum.org\/wp-content\/uploads\/2014\/02\/baby-200x200.jpg 200w, https:\/\/humanisme.assohum.org\/wp-content\/uploads\/2014\/02\/baby-190x190.jpg 190w, https:\/\/humanisme.assohum.org\/wp-content\/uploads\/2014\/02\/baby-184x184.jpg 184w\" sizes=\"(max-width: 349px) 100vw, 349px\" \/><\/a>Pour un humaniste il n&rsquo;y a rien d&rsquo;apeurant ou d&rsquo;impur dans la naissance. La naissance d&rsquo;un b\u00e9b\u00e9 est une occasion de c\u00e9l\u00e9brer, car un nouvel humain arrive dans ce monde avec tout le potentiel de r\u00e9alisation de cette <abbr class='c2c-text-hover' title='Un concept tr\u00e8s difficile \u00e0 d\u00e9finir. Une fa\u00e7on de consid\u00e9rer la chose est qu&#039;il s&#039;agit d&#039;une propri\u00e9t\u00e9 de la mati\u00e8re caract\u00e9ris\u00e9e par un processus de m\u00e9tabolisme (transformation de mati\u00e8res premi\u00e8res en \u00e9nergie utilis\u00e9e pour la croissance et la reproduction).'>vie<\/abbr> unique et individuelle. Chaque \u00eatre humain forme un maillon dans la longue chaine de l&rsquo;<abbr class='c2c-text-hover' title='Techniquement, le processus naturel par lequel la vie change et se diversifie. La caract\u00e9ristique d&#039;un processus \u00e9volutif, c&#039;est qu&#039;il provoque des changements dans la fr\u00e9quence des g\u00e8nes dans une population d&#039;organisme vivant.'>\u00e9volution<\/abbr> ce qui est en soi une merveille.<\/span><\/p>\n<p style=\"text-align: justify;\"><span style=\"font-size: medium;\">Pour les humanistes qui choisissent de c\u00e9l\u00e9brer cette occasion par une c\u00e9r\u00e9monie, il existe des mots beaucoup plus significatifs \u00e0 utiliser que les formules toutes faites propos\u00e9es par les <a title=\"Religion\" href=\"http:\/\/fr.wikipedia.org\/wiki\/Religion\" target=\"_blank\"><abbr class='c2c-text-hover' title='Ensemble des croyances au surnaturel tel Dieu, la vie apr\u00e8s la mort, la r\u00e9incarnation, le ciel, l&#039;enfer, les miracles, n&#039;importe quelle combinaison de ces rituels et dogmes r\u00e9gissant le rapport de l&#039;homme et de la divinit\u00e9 pour former une religion ou une secte.'>religions<\/abbr><\/a>. La planification d&rsquo;une c\u00e9r\u00e9monie pour souhaiter la bienvenue \u00e0 ce petit \u00eatre et lui conf\u00e9rer une identit\u00e9 propre peut \u00eatre orchestr\u00e9e personnellement par les parents, les amis, la famille ou encore dirig\u00e9e par un c\u00e9l\u00e9brant humaniste. Toutes sortes d&rsquo;id\u00e9es ou de contributions personnelles peuvent rendre cet \u00e9v\u00e8nement significatif. On voudra sans doute durant la c\u00e9r\u00e9monie, annoncer au monde le nom de l&rsquo;enfant et par cet acte conf\u00e9rer au nouveau-n\u00e9 son individualit\u00e9 et sa particularit\u00e9. Souvent les parents ont une raison sp\u00e9ciale derri\u00e8re le nom qu&rsquo;ils ont choisi, m\u00eame si c&rsquo;est seulement parce qu&rsquo;ils le trouve joli. Raconter aux invit\u00e9s pourquoi ils ont choisi le nom de leur enfant peut faire partie de la c\u00e9r\u00e9monie. En planifiant la c\u00e9r\u00e9monie, les parents sont libres d&rsquo;y inclure de la po\u00e9sie, des chansons ou une musique appropri\u00e9e ou significative pour cette heureuse occasion. Lire de la po\u00e9sie c&rsquo;est un peu comme interpr\u00e9ter un tableau, nous y retrouvons ce qui compte \u00e0 nos yeux et qui exprime particuli\u00e8rement la profondeur de nos \u00e9motions \u00e0 ce moment.<\/span><\/p>\n<p style=\"text-align: justify;\"><span style=\"font-size: medium;\">Lors des bapt\u00eames chr\u00e9tiens, le parrain et la marraine ont un r\u00f4le \u00e0 jouer durant la c\u00e9r\u00e9monie, ils doivent s&rsquo;engager \u00e0 accompagner l&rsquo;enfant dans sa foi chr\u00e9tienne. Lors de c\u00e9r\u00e9monies d&rsquo;accueils non-religieuses il peut tr\u00e8s bien y avoir un ou deux adultes qui souhaitent jouer un r\u00f4le d&rsquo;appui et d&rsquo;encouragement dans le d\u00e9veloppement personnel de l&rsquo;enfant jusqu&rsquo;\u00e0 sa majorit\u00e9. Ces personnes sont parfois appel\u00e9es des mentors par les humanistes. Ils soutiennent et encouragent les parents ainsi que l&rsquo;enfant de diff\u00e9rentes fa\u00e7ons, soit en agissant \u00e0 titre de conseiller, de confident, ou acceptent \u00e0 l&rsquo;occasion de donner un r\u00e9pit aux parents en acceptant de faire du gardiennage.<\/span><\/p>\n<p style=\"text-align: justify;\"><span style=\"font-size: medium;\">\u00c9lever des enfants dans ce monde moderne et complexe n&rsquo;est pas une mince t\u00e2che. Et parce que chaque enfant est diff\u00e9rent et d\u00e9veloppe sa propre personnalit\u00e9, les parents se retrouvent souvent dans une situation o\u00f9 les espoirs qu&rsquo;ils entretenaient pour leurs enfants ne se r\u00e9aliseront jamais, ou alors d\u00e9passeront leurs attentes.\u00a0Les parents doivent souvent apprendre \u00e0 accepter que leur enfant sera tr\u00e8s diff\u00e9rent d&rsquo;eux et ce n&rsquo;est pas toujours facile. C&rsquo;est une v\u00e9ritable qu\u00eate que de trouver un \u00e9quilibre entre le respect de soi-m\u00eame en affirmant son identit\u00e9 et le respect des autres en laissant \u00e0 ses enfants la libert\u00e9 de s&rsquo;affranchir. Cette acceptation des libert\u00e9s individuelles pour chaque membre de la famille est une valeur \u00e9minemment humaniste.<\/span><\/p>\n<p style=\"text-align: justify;\"><span style=\"font-size: medium;\">Pour un humaniste, c&rsquo;est illusoire de faire un voeu \u00e0 une divinit\u00e9 et d\u00e9clarer qu&rsquo;il va \u00e9lever son enfant d&rsquo;une certaine fa\u00e7on. En rejetant la <a title=\"Religion\" href=\"http:\/\/fr.wikipedia.org\/wiki\/Religion\" target=\"_blank\"><abbr class='c2c-text-hover' title='Ensemble des croyances au surnaturel tel Dieu, la vie apr\u00e8s la mort, la r\u00e9incarnation, le ciel, l&#039;enfer, les miracles, n&#039;importe quelle combinaison de ces rituels et dogmes r\u00e9gissant le rapport de l&#039;homme et de la divinit\u00e9 pour former une religion ou une secte.'>religion<\/abbr> <\/a>ils disent ce qu&rsquo;ils aspirent \u00e0 faire, ce qu&rsquo;ils esp\u00e8rent accomplir comme parent, mais ils ne souhaitent pas se peinturer dans un coin en le faisant d&rsquo;une mani\u00e8re cat\u00e9gorique ou restrictive. Ils ont espoir que leur enfant d\u00e9veloppera ses propres croyances et valeurs. Cette approche de l&rsquo;\u00e9ducation se veut rationnelle et non cat\u00e9gorique. Ainsi, la lecture d&rsquo;un bref po\u00e8me ou d&rsquo;un texte en prose pour terminer une c\u00e9r\u00e9monie d&rsquo;accueil est tout indiqu\u00e9e, sp\u00e9cialement si le texte exprime des souhaits remplis de sagesse pour la <abbr class='c2c-text-hover' title='Un concept tr\u00e8s difficile \u00e0 d\u00e9finir. Une fa\u00e7on de consid\u00e9rer la chose est qu&#039;il s&#039;agit d&#039;une propri\u00e9t\u00e9 de la mati\u00e8re caract\u00e9ris\u00e9e par un processus de m\u00e9tabolisme (transformation de mati\u00e8res premi\u00e8res en \u00e9nergie utilis\u00e9e pour la croissance et la reproduction).'>vie<\/abbr> future de ce b\u00e9b\u00e9. Cette lecture est un bon moyen de conclure sur une note positive cette c\u00e9r\u00e9monie non-religieuse.\u00a0<\/span><\/p>\n<div class='et-box et-info'>\n\t\t\t\t\t<div class='et-box-content'><ul>Travaux pratique;<\/ul>\n<p>&nbsp;<\/p>\n<p><strong><span style=\"font-size: medium;\"> Demander l&rsquo;avis de connaissances. Posez ces questions aux gens qui ont eu des enfants.\n Avez-vous particip\u00e9 \u00e0 une c\u00e9r\u00e9monie quelconque \u00e0 la naissance de votre enfant?\n Si oui, \u00e9tais-ce une c\u00e9r\u00e9monie religieuse ou non? <\/span><\/strong><\/p>\n<p><span style=\"font-size: medium;\"><strong>S&rsquo;il y a eu c\u00e9r\u00e9monie, pour quels raisons avez-vous choisi ce type (religieux ou non) de c\u00e9r\u00e9monie?<\/strong>\n <strong> Si c&rsquo;\u00e9tait une c\u00e9r\u00e9monie religieuse, avez-vous bien compris tout ce qui s&rsquo;y passait?<\/strong><\/div><\/div><\/span><\/p>\n<div class='et-box et-info'>\n\t\t\t\t\t<div class='et-box-content'><ul>Exercice de <abbr class='c2c-text-hover' title='Un terme dont on a souvent abus\u00e9. Cette th\u00e9orie de l&#039;enseignement se r\u00e9f\u00e8re \u00e0 un ensemble de comp\u00e9tences vaguement d\u00e9finie que les enseignants devraient encourager chez leur \u00e9l\u00e8ves. ils incluent la capacit\u00e9 d&#039;examiner de fa\u00e7on rationnelle les arguments et les \u00e9l\u00e9ments de preuve et de tirer des conclusions sur cette base.'>pens\u00e9e critique<\/abbr><\/ul>\n<p>&nbsp;<\/p>\n<p><strong><span style=\"font-size: medium;\">Si vous avez pos\u00e9 les questions d\u00e9crites ci-haut, pourquoi pensez-vous que certaines personnes sont mal \u00e0 l&rsquo;aise lorsqu&rsquo;on leur parle de leurs croyances religieuses? \u00c9crivez vos raisons. Une fois que cela sera <abbr class='c2c-text-hover' title='En science une observation ou le r\u00e9sultat d&#039;une manipulation exp\u00e9rimentale.'>fait<\/abbr>, r\u00e9fl\u00e9chissez comment un chercheur s&rsquo;y prendrait pour contourner cette difficult\u00e9. Quelle est la meilleure fa\u00e7on d&rsquo;amener des gens \u00e0 r\u00e9pondre \u00e0 ces questions d\u00e9licates? Partagez vos impressions avec d&rsquo;autres<a title=\"Forum AHQ\" href=\"http:\/\/forum.assohum.org\/\" target=\"_blank\"> sur le forum de l&rsquo;AHQ<\/a>.<\/div><\/div><\/span><\/strong><\/p>\n<p>&nbsp;<\/p>\n<p style=\"text-align: right;\"><a href='http:\/\/www.humanisme.assohum.org\/?page_id=282' class='small-button smallsilver'>Page suivante<\/a><\/p>\n","protected":false},"excerpt":{"rendered":"<p>\u00a0 C\u00e9l\u00e9brer les \u00e9tapes importantes de la <abbr class='c2c-text-hover' title='Un concept tr\u00e8s difficile \u00e0 d\u00e9finir. Une fa\u00e7on de consid\u00e9rer la chose est qu&#039;il s&#039;agit d&#039;une propri\u00e9t\u00e9 de la mati\u00e8re caract\u00e9ris\u00e9e par un processus de m\u00e9tabolisme (transformation de mati\u00e8res premi\u00e8res en \u00e9nergie utilis\u00e9e pour la croissance et la reproduction).'>vie<\/abbr> sans <abbr class='c2c-text-hover' title='Ensemble des croyances au surnaturel tel Dieu, la vie apr\u00e8s la mort, la r\u00e9incarnation, le ciel, l&#039;enfer, les miracles, n&#039;importe quelle combinaison de ces rituels et dogmes r\u00e9gissant le rapport de l&#039;homme et de la divinit\u00e9 pour former une religion ou une secte.'>religion<\/abbr> et examiner les questions concernant la <abbr class='c2c-text-hover' title='Un concept tr\u00e8s difficile \u00e0 d\u00e9finir. Une fa\u00e7on de consid\u00e9rer la chose est qu&#039;il s&#039;agit d&#039;une propri\u00e9t\u00e9 de la mati\u00e8re caract\u00e9ris\u00e9e par un processus de m\u00e9tabolisme (transformation de mati\u00e8res premi\u00e8res en \u00e9nergie utilis\u00e9e pour la croissance et la reproduction).'>vie<\/abbr> et la mort. a plupart des gens appr\u00e9cient les c\u00e9r\u00e9monies marquant les occasions sp\u00e9ciales de nos vies. Ces c\u00e9l\u00e9brations peuvent \u00eatre des anniversaires, un passage \u00e0 l&rsquo;\u00e2ge adulte, une naissance, un mariage ou encore des f\u00eates communautaires qui, [&hellip;]<\/p>\n","protected":false},"author":1,"featured_media":0,"parent":0,"menu_order":0,"comment_status":"open","ping_status":"open","template":"page-full.php","meta":{"footnotes":""},"class_list":["post-258","page","type-page","status-publish","hentry"],"_links":{"self":[{"href":"https:\/\/humanisme.assohum.org\/index.php?rest_route=\/wp\/v2\/pages\/258"}],"collection":[{"href":"https:\/\/humanisme.assohum.org\/index.php?rest_route=\/wp\/v2\/pages"}],"about":[{"href":"https:\/\/humanisme.assohum.org\/index.php?rest_route=\/wp\/v2\/types\/page"}],"author":[{"embeddable":true,"href":"https:\/\/humanisme.assohum.org\/index.php?rest_route=\/wp\/v2\/users\/1"}],"replies":[{"embeddable":true,"href":"https:\/\/humanisme.assohum.org\/index.php?rest_route=%2Fwp%2Fv2%2Fcomments&post=258"}],"version-history":[{"count":31,"href":"https:\/\/humanisme.assohum.org\/index.php?rest_route=\/wp\/v2\/pages\/258\/revisions"}],"predecessor-version":[{"id":1227,"href":"https:\/\/humanisme.assohum.org\/index.php?rest_route=\/wp\/v2\/pages\/258\/revisions\/1227"}],"wp:attachment":[{"href":"https:\/\/humanisme.assohum.org\/index.php?rest_route=%2Fwp%2Fv2%2Fmedia&parent=258"}],"curies":[{"name":"wp","href":"https:\/\/api.w.org\/{rel}","templated":true}]}}