{"id":139,"date":"2014-02-04T05:08:37","date_gmt":"2014-02-04T04:08:37","guid":{"rendered":"http:\/\/humanisme.assohum.org\/?page_id=139"},"modified":"2018-04-23T19:33:54","modified_gmt":"2018-04-23T18:33:54","slug":"introduction-a-lhumanisme-5","status":"publish","type":"page","link":"https:\/\/humanisme.assohum.org\/?page_id=139","title":{"rendered":"Introduction \u00e0 l&rsquo;humanisme &#8211; 5"},"content":{"rendered":"<h1 style=\"text-align: center;\"><span style=\"color: #993366;\">Le si\u00e8cle des <abbr class='c2c-text-hover' title='Tire son nom d&#039;un mouvement intellectuel, culturel et scientifique aux multiples manifestations connues sous le nom des Lumi\u00e8res. Il est souvent utilis\u00e9 dans la litt\u00e9rature historique comme synonyme du XVIIIe si\u00e8cle europ\u00e9en.'>lumi\u00e8res<\/abbr><\/span><\/h1>\n<div class='one_half'>\n\t\t\t\t\t<a href='http:\/\/www.humanisme.assohum.org\/?page_id=134' class='small-button smallsilver'>Page pr\u00e9c\u00e9dente<\/a>\n\t\t\t\t<\/div>\n<p style=\"text-align: right;\"><a href='http:\/\/www.humanisme.assohum.org\/?page_id=149%20' class='small-button smallsilver'>Page suivante<\/a><\/p>\n<p style=\"text-align: justify;\"><span style=\"font-size: medium;\"><span class='et-dropcap' style=\"font-size: 60px; color: #8A0808;\">\u00a0L<\/span>a p\u00e9riode dites des \u00ab <a title=\"Lumi\u00e8res\" href=\"http:\/\/fr.wikipedia.org\/wiki\/Si%C3%A8cle_des_Lumi%C3%A8res\" target=\"_blank\" rel=\"noopener\"><abbr class='c2c-text-hover' title='Tire son nom d&#039;un mouvement intellectuel, culturel et scientifique aux multiples manifestations connues sous le nom des Lumi\u00e8res. Il est souvent utilis\u00e9 dans la litt\u00e9rature historique comme synonyme du XVIIIe si\u00e8cle europ\u00e9en.'>lumi\u00e8res<\/abbr> <\/a>\u00bb d\u00e9buta au 17e si\u00e8cle et connut son apog\u00e9e au milieu du 18e. Elle marqua le passage de l&rsquo;humanit\u00e9 de \u00ab l&rsquo;\u00e2ge de la foi \u00bb vers une p\u00e9riode d&rsquo;\u00e9mergence du raisonnement, de la science et du respect pour l&rsquo;\u00eatre humain en g\u00e9n\u00e9ral. Les penseurs des <a title=\"lumi\u00e8res\" href=\"http:\/\/fr.wikipedia.org\/wiki\/Si%C3%A8cle_des_Lumi%C3%A8res\" target=\"_blank\" rel=\"noopener\"><abbr class='c2c-text-hover' title='Tire son nom d&#039;un mouvement intellectuel, culturel et scientifique aux multiples manifestations connues sous le nom des Lumi\u00e8res. Il est souvent utilis\u00e9 dans la litt\u00e9rature historique comme synonyme du XVIIIe si\u00e8cle europ\u00e9en.'>lumi\u00e8res<\/abbr> <\/a>croyaient que le raisonnement humain pouvait amener \u00e0 la connaissance des lois naturelles de l&rsquo;univers, d\u00e9terminer les droits fondamentaux des humains et par cons\u00e9quent entrainer un r\u00e9el progr\u00e8s pour la soci\u00e9t\u00e9 par la technologie et par la compr\u00e9hension du monde qui nous entoure.<\/span><\/p>\n<p style=\"text-align: justify;\"><span style=\"font-size: medium;\">Un stimulant majeur pour le si\u00e8cle des <a title=\"lumieres\" href=\"http:\/\/fr.wikipedia.org\/wiki\/Si%C3%A8cle_des_Lumi%C3%A8res\" target=\"_blank\" rel=\"noopener\"><abbr class='c2c-text-hover' title='Tire son nom d&#039;un mouvement intellectuel, culturel et scientifique aux multiples manifestations connues sous le nom des Lumi\u00e8res. Il est souvent utilis\u00e9 dans la litt\u00e9rature historique comme synonyme du XVIIIe si\u00e8cle europ\u00e9en.'>lumi\u00e8res<\/abbr><\/a> fut les d\u00e9couvertes scientifiques des lois universelles de la nature. Vers la fin des ann\u00e9es 1600, gr\u00e2ce aux travaux entre autres de <a title=\"Copernic\" href=\"http:\/\/fr.wikipedia.org\/wiki\/Nicolas_Copernic\" target=\"_blank\" rel=\"noopener\">Copernic<\/a>, <a title=\"Galil\u00e9e\" href=\"http:\/\/fr.wikipedia.org\/wiki\/Galil%C3%A9e_(savant)\" target=\"_blank\" rel=\"noopener\">Galil\u00e9e <\/a>et <a title=\"Newton\" href=\"http:\/\/en.wikipedia.org\/wiki\/Isaac_Newton\" target=\"_blank\" rel=\"noopener\">Newton <\/a>des lois universelles furent \u00e9tablis en m\u00e9caniques (incluant la gravit\u00e9) et en optiques. Les penseurs des <a title=\"lumi\u00e8res\" href=\"http:\/\/fr.wikipedia.org\/wiki\/Si%C3%A8cle_des_Lumi%C3%A8res\" target=\"_blank\" rel=\"noopener\"><abbr class='c2c-text-hover' title='Tire son nom d&#039;un mouvement intellectuel, culturel et scientifique aux multiples manifestations connues sous le nom des Lumi\u00e8res. Il est souvent utilis\u00e9 dans la litt\u00e9rature historique comme synonyme du XVIIIe si\u00e8cle europ\u00e9en.'>lumi\u00e8res<\/abbr> <\/a>se concentr\u00e8rent sur l&rsquo;accroissement du savoir et l&rsquo;application de la m\u00e9thode scientifique au service de l&rsquo;humanit\u00e9 et de la soci\u00e9t\u00e9.<\/span><\/p>\n<p style=\"text-align: justify;\"><span style=\"font-size: medium;\">M\u00eame si la critique des dogmes religieux \u00e9tait toujours une entreprise p\u00e9rilleuse. Le <abbr class='c2c-text-hover' title='Syst\u00e8me philosophique qui repose sur la suspension du jugement. Son fondateur est le philosophe grec Pyrrhon d&#039;\u00c9lis, dont l&#039;\u0153uvre a \u00e9t\u00e9 continu\u00e9 par Sextus Empiricus. Attitude de doute, En mati\u00e8re religieuse; incr\u00e9dulit\u00e9.'>scepticisme<\/abbr> envers ceux-ci devint plus commun dans l&rsquo;europe du 18e si\u00e8cle, en partie gr\u00e2ce au d\u00e9veloppement d&rsquo;une vue plus scientifique de l&rsquo;univers. Le <abbr class='c2c-text-hover' title='Personne qui se consacre \u00e0 l&#039;\u00e9tude de l&#039;ensemble des conceptions portant sur le principe des \u00eatres et des choses, sur le r\u00f4le de l&#039;humain dans l&#039;univers, sur Dieu, sur l&#039;histoire et de fa\u00e7on g\u00e9n\u00e9rale sur tous les grands probl\u00e8mes de la m\u00e9taphysique.'>philosophe<\/abbr> \u00e9cossais, <a title=\"Hume\" href=\"http:\/\/en.wikipedia.org\/wiki\/David_Hume\" target=\"_blank\" rel=\"noopener\">David <abbr class='c2c-text-hover' title='L&#039;id\u00e9e que des hypoth\u00e8ses tr\u00e8s inhabituelles doivent \u00eatre soutenues par une grande quantit\u00e9 d&#039;\u00e9l\u00e9ments de preuves. Carl Sagan a r\u00e9sum\u00e9 ainsi &quot;des revendications extraordinaires exigent des preuves extraordinaires&quot;'>Hume<\/abbr><\/a>, exprima son <abbr class='c2c-text-hover' title='Syst\u00e8me philosophique qui repose sur la suspension du jugement. Son fondateur est le philosophe grec Pyrrhon d&#039;\u00c9lis, dont l&#039;\u0153uvre a \u00e9t\u00e9 continu\u00e9 par Sextus Empiricus. Attitude de doute, En mati\u00e8re religieuse; incr\u00e9dulit\u00e9.'>scepticisme<\/abbr> envers les miracles dans deux livres, la section X de \u00ab\u00a0Enqu\u00eate sur l&rsquo;entendement humain\u00a0\u00bb et sur la <abbr class='c2c-text-hover' title='Ensemble des croyances au surnaturel tel Dieu, la vie apr\u00e8s la mort, la r\u00e9incarnation, le ciel, l&#039;enfer, les miracles, n&#039;importe quelle combinaison de ces rituels et dogmes r\u00e9gissant le rapport de l&#039;homme et de la divinit\u00e9 pour former une religion ou une secte.'>religion<\/abbr> dans \u00ab\u00a0Dialogues sur la <abbr class='c2c-text-hover' title='Ensemble des croyances au surnaturel tel Dieu, la vie apr\u00e8s la mort, la r\u00e9incarnation, le ciel, l&#039;enfer, les miracles, n&#039;importe quelle combinaison de ces rituels et dogmes r\u00e9gissant le rapport de l&#039;homme et de la divinit\u00e9 pour former une religion ou une secte.'>religion<\/abbr> naturelle\u00a0\u00bb (bien que, prudemment, il s&rsquo;assura que ces livres soient publi\u00e9s apr\u00e8s sa mort.)<\/span><\/p>\n<p style=\"text-align: justify;\"><span style=\"font-size: medium;\">Bien que quelques-unes des figures dominantes des <a title=\"lumi\u00e8res\" href=\"http:\/\/fr.wikipedia.org\/wiki\/Si%C3%A8cle_des_Lumi%C3%A8res\" target=\"_blank\" rel=\"noopener\"><abbr class='c2c-text-hover' title='Tire son nom d&#039;un mouvement intellectuel, culturel et scientifique aux multiples manifestations connues sous le nom des Lumi\u00e8res. Il est souvent utilis\u00e9 dans la litt\u00e9rature historique comme synonyme du XVIIIe si\u00e8cle europ\u00e9en.'>lumi\u00e8res<\/abbr> <\/a>fussent des <abbr class='c2c-text-hover' title='Se dit de quelqu&#039;un qui nie l&#039;existence de Dieu; incroyant.'>ath\u00e9es<\/abbr> , alors que d&rsquo;autres \u00e9taient chr\u00e9tiens, la caract\u00e9ristique la plus commune de la p\u00e9riode des <a title=\"lumieres\" href=\"http:\/\/fr.wikipedia.org\/wiki\/Si%C3%A8cle_des_Lumi%C3%A8res\" target=\"_blank\" rel=\"noopener\"><abbr class='c2c-text-hover' title='Tire son nom d&#039;un mouvement intellectuel, culturel et scientifique aux multiples manifestations connues sous le nom des Lumi\u00e8res. Il est souvent utilis\u00e9 dans la litt\u00e9rature historique comme synonyme du XVIIIe si\u00e8cle europ\u00e9en.'>lumi\u00e8res<\/abbr> <\/a>fut le <abbr class='c2c-text-hover' title='Doctrine religieuse qui rejette toute r\u00e9v\u00e9lation et ne croit qu&#039;\u00e0 l&#039;existence d&#039;un dieu comme cause du monde (religion naturelle).'>d\u00e9isme<\/abbr> . Les d\u00e9istes croyaient en un \u00ab dieu de la nature \u00bb qui aurait cr\u00e9\u00e9 l&rsquo;univers et s&rsquo;en serait d\u00e9sint\u00e9ress\u00e9 par la suite pour le laisser \u00e0 lui-m\u00eame. Le cr\u00e9ateur \u00ab d\u00e9iste \u00bb ne pouvait d\u00e9roger aux lois de la nature. Le <abbr class='c2c-text-hover' title='Doctrine religieuse qui rejette toute r\u00e9v\u00e9lation et ne croit qu&#039;\u00e0 l&#039;existence d&#039;un dieu comme cause du monde (religion naturelle).'>d\u00e9isme<\/abbr> rejetait donc l&rsquo;id\u00e9e d&rsquo;un dieu intervenant dans les affaires humaines, r\u00e9pondant aux pri\u00e8res et communiquant par le biais de proph\u00e8tes. Tout comme les anciens philosophes chinois et grecs qui affirmaient qu&rsquo;on ne pouvait connaitre ni les dieux, ni le <abbr class='c2c-text-hover' title='Qu&#039;on juge ne pas appartenir au monde naturel, qui semble en dehors du domaine de l&#039;exp\u00e9rience et \u00e9chapper aux lois de la nature.'>surnaturel<\/abbr> et donc qu&rsquo;on ne pouvait fonder une morale sur eux, les d\u00e9istes croyait que l&rsquo;<abbr class='c2c-text-hover' title='Ensemble des principes moraux qui sont \u00e0 la base de la conduite de quelqu&#039;un'>\u00e9thique<\/abbr> et la connaissance devait se fonder sur le raisonnement et les lois naturelles et non sur une <abbr class='c2c-text-hover' title='Acte par lequel dieu fait suppos\u00e9ment conna\u00eetre aux humains son dessein de salut et se fait conna\u00eetre \u00e0 eux. Le donn\u00e9 r\u00e9v\u00e9l\u00e9 dont l&#039;\u00e9glise a le d\u00e9p\u00f4t et qu&#039;elle se charge de conserver et de transmettre.'>r\u00e9v\u00e9lation<\/abbr> divine. Dans les <abbr class='c2c-text-hover' title='En science une observation ou le r\u00e9sultat d&#039;une manipulation exp\u00e9rimentale.'>faits<\/abbr> il y a effectivement tr\u00e8s peu de diff\u00e9rences entre les d\u00e9istes et les humanistes <abbr class='c2c-text-hover' title='Se dit de quelqu&#039;un qui nie l&#039;existence de Dieu; incroyant.'>ath\u00e9es<\/abbr><\/span><\/p>\n<h1 style=\"text-align: center;\"><span style=\"color: #993366;\">Les philosophes<\/span><\/h1>\n<p><span style=\"font-size: medium;\"><span class='et-dropcap' style=\"font-size: 60px; color: #8A0808;\">\u00a0L<\/span>a pens\u00e9e des <a title=\"lumi\u00e8res\" href=\"http:\/\/fr.wikipedia.org\/wiki\/Si%C3%A8cle_des_Lumi%C3%A8res\" target=\"_blank\" rel=\"noopener\"><abbr class='c2c-text-hover' title='Tire son nom d&#039;un mouvement intellectuel, culturel et scientifique aux multiples manifestations connues sous le nom des Lumi\u00e8res. Il est souvent utilis\u00e9 dans la litt\u00e9rature historique comme synonyme du XVIIIe si\u00e8cle europ\u00e9en.'>lumi\u00e8res<\/abbr> <\/a>fut d\u00e9fendue par un groupe de philosophes fran\u00e7ais qui sont devenus\u00a0<\/span><span style=\"font-size: medium;\">c\u00e9l\u00e8bres. Le <abbr class='c2c-text-hover' title='En science une observation ou le r\u00e9sultat d&#039;une manipulation exp\u00e9rimentale.'>fait<\/abbr> d&rsquo;armes principal de ce groupe d&rsquo;\u00e9rudit fut la cr\u00e9ation de l&rsquo;encyclop\u00e9die. Le premier recueil de la connaissance humaine qui fut compil\u00e9e entre 1751 et 1765 principalement par <a title=\"Diderot\" href=\"http:\/\/fr.wikipedia.org\/wiki\/Denis_Diderot\" target=\"_blank\" rel=\"noopener\">Denis Diderot<\/a> avec l&rsquo;aide d&rsquo;autres philosophes tel que <a title=\"D'Alembert\" href=\"http:\/\/en.wikipedia.org\/wiki\/Jean_le_Rond_d'Alembert\" target=\"_blank\" rel=\"noopener\">D&rsquo;Alembert<\/a>, <a title=\"Rousseau\" href=\"http:\/\/fr.wikipedia.org\/wiki\/Jean-Jacques_Rousseau\" target=\"_blank\" rel=\"noopener\">Rousseau<\/a>, <a title=\"La Mettrie\" href=\"http:\/\/fr.wikipedia.org\/wiki\/Julien_Offray_de_La_Mettrie\" target=\"_blank\" rel=\"noopener\">La Mettrie<\/a>, <a title=\"Helv\u00e9tius\" href=\"http:\/\/fr.wikipedia.org\/wiki\/Claude-Adrien_Helv%C3%A9tius\" target=\"_blank\" rel=\"noopener\">Helv\u00e9tius <\/a>et <a title=\"D'Holbach\" href=\"http:\/\/fr.wikipedia.org\/wiki\/Paul_Henri_Thiry_d'Holbach\" target=\"_blank\" rel=\"noopener\">D&rsquo;Holbach<\/a>. L&rsquo;Encyclop\u00e9die refl\u00e9tait leur <abbr class='c2c-text-hover' title='Syst\u00e8me philosophique qui repose sur la suspension du jugement. Son fondateur est le philosophe grec Pyrrhon d&#039;\u00c9lis, dont l&#039;\u0153uvre a \u00e9t\u00e9 continu\u00e9 par Sextus Empiricus. Attitude de doute, En mati\u00e8re religieuse; incr\u00e9dulit\u00e9.'>scepticisme<\/abbr> envers la <abbr class='c2c-text-hover' title='Ensemble des croyances au surnaturel tel Dieu, la vie apr\u00e8s la mort, la r\u00e9incarnation, le ciel, l&#039;enfer, les miracles, n&#039;importe quelle combinaison de ces rituels et dogmes r\u00e9gissant le rapport de l&#039;homme et de la divinit\u00e9 pour former une religion ou une secte.'>religion<\/abbr>.<\/span><\/p>\n<p style=\"text-align: justify;\"><span style=\"font-size: medium;\">Un des penseurs politiques les plus influents des <a title=\"lumi\u00e8res\" href=\"http:\/\/fr.wikipedia.org\/wiki\/Si%C3%A8cle_des_Lumi%C3%A8res\" target=\"_blank\" rel=\"noopener\"><abbr class='c2c-text-hover' title='Tire son nom d&#039;un mouvement intellectuel, culturel et scientifique aux multiples manifestations connues sous le nom des Lumi\u00e8res. Il est souvent utilis\u00e9 dans la litt\u00e9rature historique comme synonyme du XVIIIe si\u00e8cle europ\u00e9en.'>lumi\u00e8res<\/abbr> <\/a>fut Charles de Secondat, Baron de <a title=\"Montesquieu\" href=\"http:\/\/fr.wikipedia.org\/wiki\/Montesquieu\" target=\"_blank\" rel=\"noopener\">Montesquieu<\/a>. \u00a0C&rsquo;est\u00a0<a title=\"Montesquieu\" href=\"http:\/\/fr.wikipedia.org\/wiki\/Montesquieu\" target=\"_blank\" rel=\"noopener\">Montesquieu<\/a>\u00a0qui d\u00e9veloppa le concept de l&rsquo;\u00e9tat<a href=\"http:\/\/www.humanisme.assohum.org\/wp-content\/uploads\/2014\/01\/diderot.jpg\"><img loading=\"lazy\" decoding=\"async\" class=\"alignright size-thumbnail wp-image-221\" style=\"margin: 10px;\" title=\"Diderot\" src=\"http:\/\/www.humanisme.assohum.org\/wp-content\/uploads\/2014\/01\/diderot-150x150.jpg\" alt=\"diderot\" width=\"150\" height=\"150\" \/><\/a> d\u00e9mocratique avec une \u00ab s\u00e9paration des pouvoirs \u00bb appel\u00e9 \u00e0 garantir les libert\u00e9s individuelles. Un autre c\u00e9l\u00e8bre philosophes fut <a title=\"Voltaire\" href=\"http:\/\/agora.qc.ca\/dossiers\/Voltaire\" target=\"_blank\" rel=\"noopener\">Voltaire<\/a>, c\u00e9l\u00e8bre pour ses croisades contre les injustices et sa critique cinglante de la chr\u00e9tient\u00e9.<\/span><\/p>\n<p style=\"text-align: justify;\"><span style=\"font-size: medium;\">Les id\u00e9es de ces philosophes influenc\u00e8rent la r\u00e9volution fran\u00e7aise surtout en ce qui concerne la s\u00e9cularisation de la soci\u00e9t\u00e9 et le r\u00e9publicanisme qui furent repris lors de la d\u00e9claration des droits de l&rsquo;homme en 1789. Malheureusement l&rsquo;intol\u00e9rance et les exc\u00e8s de la\u00a0<\/span><span style=\"font-size: medium;\">r\u00e9volution durant \u00ab la terreur \u00bb allaient \u00e0 l&rsquo;encontre des principes de bases des <a title=\"lumi\u00e8res\" href=\"http:\/\/fr.wikipedia.org\/wiki\/Si%C3%A8cle_des_Lumi%C3%A8res\" target=\"_blank\" rel=\"noopener\"><abbr class='c2c-text-hover' title='Tire son nom d&#039;un mouvement intellectuel, culturel et scientifique aux multiples manifestations connues sous le nom des Lumi\u00e8res. Il est souvent utilis\u00e9 dans la litt\u00e9rature historique comme synonyme du XVIIIe si\u00e8cle europ\u00e9en.'>lumi\u00e8res<\/abbr> <\/a>qui d\u00e9fendaient les droits humains.<\/span><\/p>\n<div class='one_half'>\n\t\t\t\t\t<a href='http:\/\/www.humanisme.assohum.org\/?page_id=134' class='small-button smallsilver'>Page pr\u00e9c\u00e9dente<\/a>\n\t\t\t\t<\/div>\n<p style=\"text-align: right;\"><a href='http:\/\/www.humanisme.assohum.org\/?page_id=149%20' class='small-button smallsilver'>Page suivante<\/a><\/p>\n","protected":false},"excerpt":{"rendered":"<p>Le si\u00e8cle des <abbr class='c2c-text-hover' title='Tire son nom d&#039;un mouvement intellectuel, culturel et scientifique aux multiples manifestations connues sous le nom des Lumi\u00e8res. Il est souvent utilis\u00e9 dans la litt\u00e9rature historique comme synonyme du XVIIIe si\u00e8cle europ\u00e9en.'>lumi\u00e8res<\/abbr> a p\u00e9riode dites des \u00ab <abbr class='c2c-text-hover' title='Tire son nom d&#039;un mouvement intellectuel, culturel et scientifique aux multiples manifestations connues sous le nom des Lumi\u00e8res. Il est souvent utilis\u00e9 dans la litt\u00e9rature historique comme synonyme du XVIIIe si\u00e8cle europ\u00e9en.'>lumi\u00e8res<\/abbr> \u00bb d\u00e9buta au 17e si\u00e8cle et connut son apog\u00e9e au milieu du 18e. Elle marqua le passage de l&rsquo;humanit\u00e9 de \u00ab l&rsquo;\u00e2ge de la foi \u00bb vers une p\u00e9riode d&rsquo;\u00e9mergence du raisonnement, de la science et du respect pour l&rsquo;\u00eatre humain en g\u00e9n\u00e9ral. Les penseurs [&hellip;]<\/p>\n","protected":false},"author":1,"featured_media":0,"parent":92,"menu_order":5,"comment_status":"open","ping_status":"open","template":"","meta":{"footnotes":""},"class_list":["post-139","page","type-page","status-publish","hentry"],"_links":{"self":[{"href":"https:\/\/humanisme.assohum.org\/index.php?rest_route=\/wp\/v2\/pages\/139"}],"collection":[{"href":"https:\/\/humanisme.assohum.org\/index.php?rest_route=\/wp\/v2\/pages"}],"about":[{"href":"https:\/\/humanisme.assohum.org\/index.php?rest_route=\/wp\/v2\/types\/page"}],"author":[{"embeddable":true,"href":"https:\/\/humanisme.assohum.org\/index.php?rest_route=\/wp\/v2\/users\/1"}],"replies":[{"embeddable":true,"href":"https:\/\/humanisme.assohum.org\/index.php?rest_route=%2Fwp%2Fv2%2Fcomments&post=139"}],"version-history":[{"count":7,"href":"https:\/\/humanisme.assohum.org\/index.php?rest_route=\/wp\/v2\/pages\/139\/revisions"}],"predecessor-version":[{"id":1424,"href":"https:\/\/humanisme.assohum.org\/index.php?rest_route=\/wp\/v2\/pages\/139\/revisions\/1424"}],"up":[{"embeddable":true,"href":"https:\/\/humanisme.assohum.org\/index.php?rest_route=\/wp\/v2\/pages\/92"}],"wp:attachment":[{"href":"https:\/\/humanisme.assohum.org\/index.php?rest_route=%2Fwp%2Fv2%2Fmedia&parent=139"}],"curies":[{"name":"wp","href":"https:\/\/api.w.org\/{rel}","templated":true}]}}