{"id":1383,"date":"2018-04-23T19:27:14","date_gmt":"2018-04-23T18:27:14","guid":{"rendered":"http:\/\/humanisme.assohum.org\/?page_id=1383"},"modified":"2018-04-24T19:47:27","modified_gmt":"2018-04-24T18:47:27","slug":"introduction-a-lhumanisme-13","status":"publish","type":"page","link":"https:\/\/humanisme.assohum.org\/?page_id=1383","title":{"rendered":"Introduction \u00e0 l\u2019humanisme \u2013 13"},"content":{"rendered":"<h1 style=\"text-align: center;\"><span style=\"color: #993366;\">Une <abbr class='c2c-text-hover' title='Une soci\u00e9t\u00e9 qui reconnait et encourage une diversit\u00e9 d&#039;opinions, de valeurs, de vision du monde et qui encourage le d\u00e9bat et l&#039;art du compromis entre les int\u00e9r\u00eats et les id\u00e9aux.'>soci\u00e9t\u00e9 ouverte<\/abbr><\/span><\/h1>\n<div class='one_half'>\n\t\t\t\t\t<a href='http:\/\/www.humanisme.assohum.org\/?page_id=1353' class='small-button smallsilver'>Page pr\u00e9c\u00e9dente<\/a>\n\t\t\t\t<\/div>\n<p style=\"text-align: right;\"><a href='http:\/\/www.humanisme.assohum.org\/?page_id=1393' class='small-button smallsilver'>Page suivante<\/a><\/p>\n<p style=\"text-align: justify;\"><span style=\"font-size: 16px;\">Les concepts fondamentaux de l&rsquo;humanisme ont donn\u00e9 naissance \u00e0 des buts et des positions communes parmi les humanistes. Par exemple la dimension <abbr class='c2c-text-hover' title='Ensemble des principes moraux qui sont \u00e0 la base de la conduite de quelqu&#039;un'>\u00e9thique<\/abbr> de l&rsquo;humanisme veut dire que les humanistes ont \u00e0 c\u0153ur de contribuer \u00e0 construire une soci\u00e9t\u00e9 qui permet au maximum de gens d&rsquo;atteindre leur potentiel. Et par l&rsquo;utilisation de la m\u00e9thode scientifique les humanistes essayent d&rsquo;utiliser la raison et les <abbr class='c2c-text-hover' title='En science une observation ou le r\u00e9sultat d&#039;une manipulation exp\u00e9rimentale.'>faits<\/abbr> pour guider leur choix politique.<\/span><\/p>\n<p style=\"text-align: justify;\"><span style=\"font-size: 16px;\">Malheureusement sur des sujets telle l&rsquo;\u00e9conomie, le comportement humain et les relations sociales, ou les <abbr class='c2c-text-hover' title='En science une observation ou le r\u00e9sultat d&#039;une manipulation exp\u00e9rimentale.'>faits<\/abbr> sont souvent complexes et contradictoires, la science et l&rsquo;humanisme ne peuvent fournir des r\u00e9ponses ad\u00e9quates. Les humanistes, par cons\u00e9quent, ont un grand \u00e9ventail d&rsquo;opinions politiques, de socialiste \u00e0 membre du parti vert, de lib\u00e9raux et de mod\u00e9r\u00e9s, de conservateur \u00e0 lib\u00e9raux. En <abbr class='c2c-text-hover' title='En science une observation ou le r\u00e9sultat d&#039;une manipulation exp\u00e9rimentale.'>fait<\/abbr> vous trouverez des humanistes dans chacun de ces courants politiques.<\/span><\/p>\n<p style=\"text-align: justify;\"><span style=\"font-size: 16px;\"><img loading=\"lazy\" decoding=\"async\" class=\"alignleft wp-image-1388\" title=\"Le Dr. Younis Shaikh, a \u00e9t\u00e9 rel\u00e2ch\u00e9 d'une prison Pakistanaise en 2003 apr\u00e8s avoir \u00e9t\u00e9 condamn\u00e9 \u00e0 mort pour blasph\u00e8me. Des organisations humanistes ont jou\u00e9 un r\u00f4le important dans sa lib\u00e9ration (photo: gracieuset\u00e9 de IHEU (Intenational Humanist and Ethical Union)\" src=\"http:\/\/humanisme.assohum.org\/wp-content\/uploads\/2018\/04\/prison-1.bmp\" alt=\"\" width=\"156\" height=\"191\" \/>Les humanistes partagent un grand nombre de valeurs toutefois. Ils sont en faveur de la libert\u00e9 et de la d\u00e9mocratie et des droits humains fondamentaux. Ils appuient ce que la <abbr class='c2c-text-hover' title='Personne qui se consacre \u00e0 l&#039;\u00e9tude de l&#039;ensemble des conceptions portant sur le principe des \u00eatres et des choses, sur le r\u00f4le de l&#039;humain dans l&#039;univers, sur Dieu, sur l&#039;histoire et de fa\u00e7on g\u00e9n\u00e9rale sur tous les grands probl\u00e8mes de la m\u00e9taphysique.'>philosophe<\/abbr> humaniste Karl Popper a appel\u00e9 \u00ab la\u00a0<span style=\"text-decoration: underline;\"><abbr class='c2c-text-hover' title='Une soci\u00e9t\u00e9 qui reconnait et encourage une diversit\u00e9 d&#039;opinions, de valeurs, de vision du monde et qui encourage le d\u00e9bat et l&#039;art du compromis entre les int\u00e9r\u00eats et les id\u00e9aux.'>soci\u00e9t\u00e9 ouverte<\/abbr><\/span>\u00a0\u00bb (dans \u00ab la <abbr class='c2c-text-hover' title='Une soci\u00e9t\u00e9 qui reconnait et encourage une diversit\u00e9 d&#039;opinions, de valeurs, de vision du monde et qui encourage le d\u00e9bat et l&#039;art du compromis entre les int\u00e9r\u00eats et les id\u00e9aux.'>soci\u00e9t\u00e9 ouverte<\/abbr> et ses ennemis \u00bb \u00e9crit durant la seconde guerre mondiale, Popper contrastait les soci\u00e9t\u00e9s ouvertes lib\u00e9rales avec les soci\u00e9t\u00e9s\u00a0<span style=\"text-decoration: underline;\"><abbr class='c2c-text-hover' title='Syst\u00e8me politique dans lequel l&#039;\u00e9tat, au nom d&#039;une id\u00e9ologie, exerce une mainmise sur la totalit\u00e9 des activit\u00e9s individuelles.'>totalitaires<\/abbr><\/span> et ferm\u00e9es telles que le troisi\u00e8me Reich et l&rsquo;union sovi\u00e9tique). Une\u00a0<abbr class='c2c-text-hover' title='Une soci\u00e9t\u00e9 qui reconnait et encourage une diversit\u00e9 d&#039;opinions, de valeurs, de vision du monde et qui encourage le d\u00e9bat et l&#039;art du compromis entre les int\u00e9r\u00eats et les id\u00e9aux.'>soci\u00e9t\u00e9 ouverte<\/abbr>\u00a0permet une diversit\u00e9 d&rsquo;opinions, des valeurs et\u00a0<span style=\"text-decoration: underline;\"><abbr class='c2c-text-hover' title='Un ensemble d&#039;id\u00e9e qui sugg\u00e8re des moyens de comprendre le monde qui nous entoure et de trouver un sens \u00e0 notre vie'>visions du monde<\/abbr><\/span>\u00a0diff\u00e9rente et encourage le d\u00e9bat n\u00e9cessaire et les compromis entre les id\u00e9aux et les int\u00e9r\u00eats de chacun. La\u00a0<abbr class='c2c-text-hover' title='Une soci\u00e9t\u00e9 qui reconnait et encourage une diversit\u00e9 d&#039;opinions, de valeurs, de vision du monde et qui encourage le d\u00e9bat et l&#039;art du compromis entre les int\u00e9r\u00eats et les id\u00e9aux.'>soci\u00e9t\u00e9 ouverte<\/abbr>\u00a0admet l&rsquo;impossibilit\u00e9 de certitude sur des questions politiques et le besoin de diversit\u00e9, d&rsquo;interrogation libre et encourage ses membres \u00e0 d\u00e9battre de ces questions.<\/span><\/p>\n<p style=\"text-align: justify;\"><span style=\"font-size: 16px;\">Une\u00a0<span style=\"text-decoration: underline;\"><abbr class='c2c-text-hover' title='Une soci\u00e9t\u00e9 qui reconnait et encourage une diversit\u00e9 d&#039;opinions, de valeurs, de vision du monde et qui encourage le d\u00e9bat et l&#039;art du compromis entre les int\u00e9r\u00eats et les id\u00e9aux.'>soci\u00e9t\u00e9 ouverte<\/abbr>\u00a0<\/span>requiert \u00e9galement que l&rsquo;\u00e9tat soit neutre entre chacune des <span style=\"text-decoration: underline;\"><abbr class='c2c-text-hover' title='Un ensemble d&#039;id\u00e9e qui sugg\u00e8re des moyens de comprendre le monde qui nous entoure et de trouver un sens \u00e0 notre vie'>visions du monde<\/abbr><\/span> et garantisse la libert\u00e9 de <abbr class='c2c-text-hover' title='Ensemble des croyances au surnaturel tel Dieu, la vie apr\u00e8s la mort, la r\u00e9incarnation, le ciel, l&#039;enfer, les miracles, n&#039;importe quelle combinaison de ces rituels et dogmes r\u00e9gissant le rapport de l&#039;homme et de la divinit\u00e9 pour former une religion ou une secte.'>religions<\/abbr> et de croyances. Les humanistes par cons\u00e9quent sont partisans d&rsquo;une compl\u00e8te s\u00e9paration entre l&rsquo;\u00e9tat et les <abbr class='c2c-text-hover' title='Ensemble des croyances au surnaturel tel Dieu, la vie apr\u00e8s la mort, la r\u00e9incarnation, le ciel, l&#039;enfer, les miracles, n&#039;importe quelle combinaison de ces rituels et dogmes r\u00e9gissant le rapport de l&#039;homme et de la divinit\u00e9 pour former une religion ou une secte.'>religions<\/abbr>.<\/span><\/p>\n<p style=\"text-align: justify;\"><span style=\"font-size: 16px;\">Le principe des libert\u00e9s individuelles et du pluralisme social sont clairement des politiques appuy\u00e9es par l&rsquo;humanisme. Mais ces m\u00eames principes servent \u00e0 d\u00e9limiter les aspirations politiques des humanistes. Justement parce que l&rsquo;humanisme croit que l&rsquo;individu a la responsabilit\u00e9 de se faire ses propres id\u00e9es en ce qui concerne la politique, elle encourage la diversit\u00e9 des opinions politiques.<\/span><\/p>\n<p style=\"text-align: justify;\"><span style=\"font-size: 16px;\">L&rsquo;humanisme favorise un esprit ouvert dans une\u00a0<span style=\"text-decoration: underline;\"><abbr class='c2c-text-hover' title='Une soci\u00e9t\u00e9 qui reconnait et encourage une diversit\u00e9 d&#039;opinions, de valeurs, de vision du monde et qui encourage le d\u00e9bat et l&#039;art du compromis entre les int\u00e9r\u00eats et les id\u00e9aux.'>soci\u00e9t\u00e9 ouverte<\/abbr><\/span>\u00a0. Pour cette raison les humanistes, \u00e0 tout le moins dans les d\u00e9mocraties lib\u00e9rales \u00e0 l&rsquo;ouest, peuvent donner l&rsquo;impression de n&rsquo;avoir aucun agenda politique unique. Les humanistes, ceux qui vivent dans des d\u00e9mocraties ouvertes, sont d&rsquo;avis que les groupes humanistes devraient \u00e9viter de se m\u00ealer de politique \u00e9tant donn\u00e9 qu&rsquo;ils n&rsquo;ont pas de vision politique commune. Dans un sens ils ont raison, les groupes humanistes ne devraient pas avoir de \u00ab politique officielle \u00bb, mais dans un autre sens ils ont tort, parce qu&rsquo;il existe certaines positions politiques sur lesquels les humanistes sont d&rsquo;accord, par exemple l&rsquo;appui aux droits humains, \u00e0 un gouvernement la\u00efque et \u00e0 une\u00a0<abbr class='c2c-text-hover' title='Une soci\u00e9t\u00e9 qui reconnait et encourage une diversit\u00e9 d&#039;opinions, de valeurs, de vision du monde et qui encourage le d\u00e9bat et l&#039;art du compromis entre les int\u00e9r\u00eats et les id\u00e9aux.'>soci\u00e9t\u00e9 ouverte<\/abbr>\u00a0.<\/span><\/p>\n<p>&nbsp;<\/p>\n<div class='one_half'>\n\t\t\t\t\t<a href='http:\/\/www.humanisme.assohum.org\/?page_id=1353' class='small-button smallsilver'>Page pr\u00e9c\u00e9dente<\/a>\n\t\t\t\t<\/div>\n<p style=\"text-align: right;\"><a href='http:\/\/www.humanisme.assohum.org\/?page_id=1393' class='small-button smallsilver'>Page suivante<\/a><\/p>\n","protected":false},"excerpt":{"rendered":"<p>Une <abbr class='c2c-text-hover' title='Une soci\u00e9t\u00e9 qui reconnait et encourage une diversit\u00e9 d&#039;opinions, de valeurs, de vision du monde et qui encourage le d\u00e9bat et l&#039;art du compromis entre les int\u00e9r\u00eats et les id\u00e9aux.'>soci\u00e9t\u00e9 ouverte<\/abbr> Les concepts fondamentaux de l&rsquo;humanisme ont donn\u00e9 naissance \u00e0 des buts et des positions communes parmi les humanistes. Par exemple la dimension <abbr class='c2c-text-hover' title='Ensemble des principes moraux qui sont \u00e0 la base de la conduite de quelqu&#039;un'>\u00e9thique<\/abbr> de l&rsquo;humanisme veut dire que les humanistes ont \u00e0 c\u0153ur de contribuer \u00e0 construire une soci\u00e9t\u00e9 qui permet au maximum de gens d&rsquo;atteindre leur potentiel. Et par l&rsquo;utilisation de [&hellip;]<\/p>\n","protected":false},"author":1,"featured_media":0,"parent":92,"menu_order":13,"comment_status":"closed","ping_status":"closed","template":"page-full.php","meta":{"footnotes":""},"class_list":["post-1383","page","type-page","status-publish","hentry"],"_links":{"self":[{"href":"https:\/\/humanisme.assohum.org\/index.php?rest_route=\/wp\/v2\/pages\/1383"}],"collection":[{"href":"https:\/\/humanisme.assohum.org\/index.php?rest_route=\/wp\/v2\/pages"}],"about":[{"href":"https:\/\/humanisme.assohum.org\/index.php?rest_route=\/wp\/v2\/types\/page"}],"author":[{"embeddable":true,"href":"https:\/\/humanisme.assohum.org\/index.php?rest_route=\/wp\/v2\/users\/1"}],"replies":[{"embeddable":true,"href":"https:\/\/humanisme.assohum.org\/index.php?rest_route=%2Fwp%2Fv2%2Fcomments&post=1383"}],"version-history":[{"count":11,"href":"https:\/\/humanisme.assohum.org\/index.php?rest_route=\/wp\/v2\/pages\/1383\/revisions"}],"predecessor-version":[{"id":1439,"href":"https:\/\/humanisme.assohum.org\/index.php?rest_route=\/wp\/v2\/pages\/1383\/revisions\/1439"}],"up":[{"embeddable":true,"href":"https:\/\/humanisme.assohum.org\/index.php?rest_route=\/wp\/v2\/pages\/92"}],"wp:attachment":[{"href":"https:\/\/humanisme.assohum.org\/index.php?rest_route=%2Fwp%2Fv2%2Fmedia&parent=1383"}],"curies":[{"name":"wp","href":"https:\/\/api.w.org\/{rel}","templated":true}]}}