{"id":115,"date":"2014-02-04T04:17:41","date_gmt":"2014-02-04T03:17:41","guid":{"rendered":"http:\/\/humanisme.assohum.org\/?page_id=115"},"modified":"2018-04-23T19:32:46","modified_gmt":"2018-04-23T18:32:46","slug":"introduction-a-lhumanisme-3","status":"publish","type":"page","link":"https:\/\/humanisme.assohum.org\/?page_id=115","title":{"rendered":"introduction \u00e0 l&rsquo;humanisme &#8211; 3"},"content":{"rendered":"<p>&nbsp;<\/p>\n<h1 style=\"text-align: center;\"><span style=\"color: #993366;\">La Gr\u00e8ce et la Rome classique<\/span><\/h1>\n<div class='one_half'>\n\t\t\t\t\t<a href='http:\/\/www.humanisme.assohum.org\/?page_id=98' class='small-button smallsilver'>Page pr\u00e9c\u00e9dente<\/a>\n\t\t\t\t<\/div>\n<p style=\"text-align: right;\"><a href='http:\/\/www.humanisme.assohum.org\/?page_id=134%20' class='small-button smallsilver'>Page suivante<\/a><\/p>\n<p style=\"text-align: justify;\"><span style=\"font-size: medium;\"><span class='et-dropcap' style=\"font-size: 60px; color: #8A0808;\">\u00a0D<\/span>urant le 5<sup>e<\/sup> et 6<sup>e<\/sup> si\u00e8cle avant notre \u00e8re,\u00a0\u00a0la Gr\u00e8ce antique fut le t\u00e9moin d\u2019une \u00e9ruption de culture qui transformera \u00e0 jamais la civilisation humaine. Plusieurs des plus grands penseurs, philosophes, historiens, dramaturges\u00a0et hommes d\u2019\u00e9tats v\u00e9curent \u00e0 Ath\u00e8nes et d\u2019autres cit\u00e9s grecques sur une p\u00e9riode de trois \u00e0 quatre g\u00e9n\u00e9rations. Cette explosion de connaissances humaines allait \u00e0 jamais transformer le monde dans lequel nous vivons.<\/span><\/p>\n<p style=\"text-align: justify;\"><span style=\"font-size: medium;\">La Gr\u00e8ce classique \u00e9tait extraordinaire de bien\u00a0des fa\u00e7ons. Sa culture et son art eurent une influence aussi grande que sa philosophie et son syst\u00e8me politique.\u00a0<\/span><\/p>\n<p style=\"text-align: justify;\"><span style=\"font-size: medium;\"><a href=\"http:\/\/humanisme.assohum.org\/wp-content\/uploads\/2014\/02\/grece.jpg\"><img loading=\"lazy\" decoding=\"async\" class=\"alignleft size-thumbnail wp-image-130\" style=\"margin: 10px;\" src=\"http:\/\/humanisme.assohum.org\/wp-content\/uploads\/2014\/02\/grece-150x148.jpg\" alt=\"grece\" width=\"150\" height=\"148\" \/><\/a>Dans\u00a0toutes ces facettes la culture Grecque est remarquable pour son attention \u00e0 l\u2019\u00e9l\u00e9ment humain. Que ce soit dans.louanges du corps humain, dans des pi\u00e8ces de th\u00e9\u00e2tre d\u00e9peignant la condition humaine, la cr\u00e9ation des premi\u00e8res d\u00e9mocraties ou une philosophie reconnaissant que \u00ab\u00a0l\u2019homme est la mesure de toutes choses\u00a0\u00bb. La culture Grecque c\u00e9l\u00e8brera l\u2019humanit\u00e9.<\/span><span style=\"font-size: medium;\">\u00a0<\/span><\/p>\n<p><span style=\"font-size: medium;\">Tout comme les philosophes chinois de la m\u00eame p\u00e9riode, les philosophes grecs du 6<sup>e<\/sup> si\u00e8cle avant notre \u00e8re ne niaient pas l\u2019existence des<\/span> d<span style=\"font-size: medium;\">ieux, mais pr\u00e9tendaient qu\u2019il\u00a0\u00e9tait\u00a0impossible de les connaitre et en cons\u00e9quence il ne fallait point s&rsquo;en pr\u00e9occuper. En accord avec ce principe leur recherche de la connaissance et de leur moralit\u00e9 faisait r\u00e9f\u00e9rence \u00e0 l\u2019humain et non au divin.<\/span><\/p>\n<p style=\"text-align: justify;\"><span style=\"font-size: medium;\"><br \/>\n Cette pr\u00e9occupation se refl\u00e8te dans les \u00e9crits de <a title=\"Protagoras\" href=\"http:\/\/fr.wikipedia.org\/wiki\/Protagoras\" target=\"_blank\" rel=\"noopener\">Protagoras<\/a> (481-411 avant notre \u00e8re ). Dans son ouvrage <i>\u00ab\u00a0Le trait\u00e9 des dieux\u00a0\u00bb<\/i>\u00a0 <a title=\"Protagoras\" href=\"http:\/\/fr.wikipedia.org\/wiki\/Protagoras\" target=\"_blank\" rel=\"noopener\">Protagoras<\/a> \u00e9crivait \u00ab\u00a0\u00c0 propos des dieux, je n\u2019ai aucun moyen de savoir s\u2019ils existent ou non ou \u00e0 quoi ils ressemblent. Plusieurs choses m\u2019emp\u00eachent de savoir, entre autres le <abbr class='c2c-text-hover' title='En science une observation ou le r\u00e9sultat d&#039;une manipulation exp\u00e9rimentale.'>fait<\/abbr> qu\u2019on ne les voit jamais et aussi la bri\u00e8vet\u00e9 de la <abbr class='c2c-text-hover' title='Un concept tr\u00e8s difficile \u00e0 d\u00e9finir. Une fa\u00e7on de consid\u00e9rer la chose est qu&#039;il s&#039;agit d&#039;une propri\u00e9t\u00e9 de la mati\u00e8re caract\u00e9ris\u00e9e par un processus de m\u00e9tabolisme (transformation de mati\u00e8res premi\u00e8res en \u00e9nergie utilis\u00e9e pour la croissance et la reproduction).'>vie<\/abbr> humaine\u00a0\u00bb <a title=\"Protagoras\" href=\"http:\/\/fr.wikipedia.org\/wiki\/Protagoras\" target=\"_blank\" rel=\"noopener\">Protagoras<\/a> est \u00e9galement l\u2019auteur de cette phrase associ\u00e9e depuis \u00e0 la pens\u00e9e humaniste, \u00ab\u00a0L&rsquo;homme est la mesure de toute chose: de celles qui sont, du <abbr class='c2c-text-hover' title='En science une observation ou le r\u00e9sultat d&#039;une manipulation exp\u00e9rimentale.'>fait<\/abbr> qu\u2019elles sont\u00a0; de celles qui ne sont pas, du <abbr class='c2c-text-hover' title='En science une observation ou le r\u00e9sultat d&#039;une manipulation exp\u00e9rimentale.'>fait<\/abbr> qu\u2019elles ne sont pas\u00a0\u00bb.<\/span><\/p>\n<p style=\"text-align: justify;\"><span style=\"font-size: medium;\">On croit que <a title=\"Protagoras\" href=\"http:\/\/fr.wikipedia.org\/wiki\/Protagoras\" target=\"_blank\" rel=\"noopener\">Protagoras<\/a> a \u00e9galement d\u00e9velopp\u00e9 le dialogue interrogatif comme moyen de chercher la v\u00e9rit\u00e9. Mais cette m\u00e9thode est surtout associ\u00e9e \u00e0 <a title=\"Socrate\" href=\"http:\/\/fr.wikipedia.org\/wiki\/Socrate\" target=\"_blank\" rel=\"noopener\">Socrate<\/a> (469-399). <a title=\"M\u00e9thode Socratique\" href=\"http:\/\/www.sciencesdelhomme.com\/la-dialectique\/la-methode-socratique.html\" target=\"_blank\" rel=\"noopener\">La m\u00e9thode Socratique<\/a>\u00a0 peut \u00eatre consid\u00e9r\u00e9e profond\u00e9ment humaniste de la fa\u00e7on dont elle <abbr class='c2c-text-hover' title='En science une observation ou le r\u00e9sultat d&#039;une manipulation exp\u00e9rimentale.'>fait<\/abbr> la promotion d\u2019un dialogue ouvert sans contrainte pour chacune des parties. Les grands proph\u00e8tes religieux \u00e0 travers l\u2019histoire avaient la pr\u00e9tention de r\u00e9v\u00e9ler \u00ab\u00a0la v\u00e9rit\u00e9 divine\u00a0\u00bb et des commandements absolus. Socrate, au contraire, est c\u00e9l\u00e8bre pour avoir affirm\u00e9 qu\u2019il ne savait rien et ne proposait pas de r\u00e9ponses mais une m\u00e9thode de questionnement.<\/span><\/p>\n<p style=\"text-align: justify;\"><span style=\"font-size: medium;\">D\u2019autres \u00e9coles philosophiques naturalistes, tel <a title=\"Aristote\" href=\"http:\/\/fr.wikipedia.org\/wiki\/Aristote\" target=\"_blank\" rel=\"noopener\">Aristote<\/a> (les <abbr class='c2c-text-hover' title='Partisan d&#039;un syst\u00e8me qui consid\u00e8re l&#039;univers comme form\u00e9 par la combinaison m\u00e9canique et fortuite d&#039;atomes. L&#039;atomisme antique est repr\u00e9sent\u00e9 par D\u00e9mocrite, \u00c9picure et Lucr\u00e8ce.'>atomistes<\/abbr>) et les <a title=\"Stoicisme\" href=\"http:\/\/fr.wikipedia.org\/wiki\/Sto%C3%AFcisme\" target=\"_blank\" rel=\"noopener\">sto\u00efciens<\/a> d\u00e9velopp\u00e8rent leurs id\u00e9es sur la nature et l\u2019humanit\u00e9 et leur influence est toujours ressentie dans la pens\u00e9e humaniste moderne. Le penseur qui est sans doute le plus pr\u00e8s des id\u00e9es et des dispositions de l\u2019humanisme moderne est <a title=\"\u00c9picure\" href=\"http:\/\/fr.wikipedia.org\/wiki\/%C3%89picure\" target=\"_blank\" rel=\"noopener\">\u00c9picure<\/a> (341 \u2013 271 avant notre \u00e8re)<\/span><\/p>\n<p><span style=\"font-size: medium;\">Adoptant la pens\u00e9e mat\u00e9rialiste des <abbr class='c2c-text-hover' title='Partisan d&#039;un syst\u00e8me qui consid\u00e8re l&#039;univers comme form\u00e9 par la combinaison m\u00e9canique et fortuite d&#039;atomes. L&#039;atomisme antique est repr\u00e9sent\u00e9 par D\u00e9mocrite, \u00c9picure et Lucr\u00e8ce.'>Atomistes<\/abbr>, \u00c9picure raisonnait que tout dans l\u2019univers \u00e9tait ultimement compos\u00e9 d\u2019atomes et que toutes connaissances venait de nos sens.<a title=\"\u00c9picure\" href=\"http:\/\/fr.wikipedia.org\/wiki\/%C3%89picure\" target=\"_blank\" rel=\"noopener\"> \u00c9picure<\/a> enseignait \u00e9galement que deux choses emp\u00eachent les humains d\u2019\u00eatre heureux; la peur des dieux et la peur de l\u2019au-del\u00e0. Mais la philosophie mat\u00e9rialiste des <abbr class='c2c-text-hover' title='Partisan d&#039;un syst\u00e8me qui consid\u00e8re l&#039;univers comme form\u00e9 par la combinaison m\u00e9canique et fortuite d&#039;atomes. L&#039;atomisme antique est repr\u00e9sent\u00e9 par D\u00e9mocrite, \u00c9picure et Lucr\u00e8ce.'>Atomistes<\/abbr> lib\u00e9rait de la peur du <abbr class='c2c-text-hover' title='Qu&#039;on juge ne pas appartenir au monde naturel, qui semble en dehors du domaine de l&#039;exp\u00e9rience et \u00e9chapper aux lois de la nature.'>surnaturel<\/abbr> et de la mort. La mort signifie l\u2019an\u00e9antissement pour l\u2019individu, parce que le cerveau (ou l\u2019\u00e2me) est compos\u00e9 d\u2019atomes qui se dispersent \u00e0 la mort. La doctrine d<a title=\"\u00c9picure\" href=\"http:\/\/fr.wikipedia.org\/wiki\/%C3%89picure\" target=\"_blank\" rel=\"noopener\">&lsquo;\u00c9picure<\/a> peut \u00eatre r\u00e9sum\u00e9e par ce que les \u00e9picuriens ont appel\u00e9 le <i>tetrapharmakos<\/i> (quadruple-rem\u00e8de), qui fut formul\u00e9 ainsi\u00a0:<\/span><\/p>\n<ul>\n<li><span style=\"font-size: medium;\">on ne doit pas craindre les dieux.<\/span><\/li>\n<li><span style=\"font-size: medium;\">on ne doit pas craindre la mort.<\/span><\/li>\n<li><span style=\"font-size: medium;\">le bien est facile \u00e0 atteindre.<\/span><\/li>\n<li><span style=\"font-size: medium;\">le mal peut \u00eatre support\u00e9.<\/span><\/li>\n<\/ul>\n<p><span style=\"font-size: medium;\"><a title=\"\u00c9picure\" href=\"http:\/\/fr.wikipedia.org\/wiki\/%C3%89picure\" target=\"_blank\" rel=\"noopener\">\u00c9picure<\/a> a d\u00e9crit la philosophie comme \u00e9tant \u00ab l&rsquo;art d&rsquo;\u00eatre heureux \u00bb. Il <span style=\"color: #ff0000;\"><span style=\"color: #000000;\">pr\u00e9tendait<\/span>\u00a0<\/span>que la nature et la raison nous enseignent\u00a0que le plaisir est le seul bien et la <a href=\"http:\/\/humanisme.assohum.org\/wp-content\/uploads\/2014\/02\/bustegrec.jpg\"><img loading=\"lazy\" decoding=\"async\" class=\"alignright size-full wp-image-132\" style=\"margin: 10px;\" src=\"http:\/\/humanisme.assohum.org\/wp-content\/uploads\/2014\/02\/bustegrec.jpg\" alt=\"bustegrec\" width=\"197\" height=\"255\" \/><\/a>douleur le seul mal. Mais contrairement \u00e0 la l\u00e9gende, les \u00e9picuriens ne pr\u00eachaient pas la complaisance dans les plaisirs sensuels. Une approche h\u00e9doniste peut apporter une satisfaction temporaire, mais on devrait l&rsquo;\u00e9viter si cela m\u00e8ne \u00e0 de la souffrance \u00e0 long terme.<\/span><\/p>\n<p><span style=\"font-size: medium;\">Les \u00e9picuriens donc, plaidaient la mod\u00e9ration et l&rsquo;\u00e9quilibre dans chaque aspect de la <abbr class='c2c-text-hover' title='Un concept tr\u00e8s difficile \u00e0 d\u00e9finir. Une fa\u00e7on de consid\u00e9rer la chose est qu&#039;il s&#039;agit d&#039;une propri\u00e9t\u00e9 de la mati\u00e8re caract\u00e9ris\u00e9e par un processus de m\u00e9tabolisme (transformation de mati\u00e8res premi\u00e8res en \u00e9nergie utilis\u00e9e pour la croissance et la reproduction).'>vie<\/abbr>. Dans un des rares \u00e9crits d&rsquo;<a title=\"\u00c9picure\" href=\"http:\/\/fr.wikipedia.org\/wiki\/%C3%89picure\" target=\"_blank\" rel=\"noopener\">\u00c9picure<\/a> qui a surv\u00e9cu dans sa \u00ab lettre \u00e0 Menoeceus \u00bb il \u00e9crivit,\n\t\t<div class='et_quote quote-center'>\n\t\t\t<div class='et_right_quote'>\n\t\t\t\t\u00ab il est impossible de vivre heureux sans vivre sagement, vertueusement et en \u00e9tant juste, tout comme nous ne pouvons pas vivre sagement, vertueusement et avec justice sans vivre heureux.\u00bb\n\t\t\t\t<span class='et_quote_additional_sign'><\/span>\n\t\t\t<\/div>\n\t\t\t<span class='et_quote_sign'><\/span>\n\t\t<\/div>\n\t<\/span><\/p>\n<p><span style=\"font-size: medium;\">Pendant les 700 ans de l&rsquo;\u00e2ge d&rsquo;or de la Gr\u00e8ce et de Rome, la philosophie humaniste d&rsquo;<a title=\"\u00c9picure\" href=\"http:\/\/fr.wikipedia.org\/wiki\/%C3%89picure\" target=\"_blank\" rel=\"noopener\">\u00c9picure <\/a>fut un mod\u00e8le respect\u00e9 et populaire pour une <abbr class='c2c-text-hover' title='Un concept tr\u00e8s difficile \u00e0 d\u00e9finir. Une fa\u00e7on de consid\u00e9rer la chose est qu&#039;il s&#039;agit d&#039;une propri\u00e9t\u00e9 de la mati\u00e8re caract\u00e9ris\u00e9e par un processus de m\u00e9tabolisme (transformation de mati\u00e8res premi\u00e8res en \u00e9nergie utilis\u00e9e pour la croissance et la reproduction).'>vie<\/abbr> saine. Mais avec l&rsquo;av\u00e8nement de la nouvelle <abbr class='c2c-text-hover' title='Ensemble des croyances au surnaturel tel Dieu, la vie apr\u00e8s la mort, la r\u00e9incarnation, le ciel, l&#039;enfer, les miracles, n&#039;importe quelle combinaison de ces rituels et dogmes r\u00e9gissant le rapport de l&#039;homme et de la divinit\u00e9 pour former une religion ou une secte.'>religion<\/abbr> chr\u00e9tienne et le d\u00e9clin de Rome, l&rsquo;influence des penseurs non-chr\u00e9tiens disparut ou fut d\u00e9truit<span style=\"color: #ff0000;\">\u00a0<\/span>graduellement en occident. L&rsquo;Europe entra dans la p\u00e9riode dite de la grande noirceur. Lorsque la connaissance de ces penseurs refit surface durant la p\u00e9riode m\u00e9<abbr class='c2c-text-hover' title='(DI) Une variante du cr\u00e9ationnisme qui repose sur l&#039;id\u00e9e que la complexit\u00e9 de l&#039;univers prouve l&#039;existence d&#039;une divinit\u00e9 surnaturelle.'>di<\/abbr>\u00e9vale, celle-ci fut s\u00e9v\u00e8rement r\u00e9prim\u00e9e par l&rsquo;\u00e9piscopat chr\u00e9tien. Ironiquement, c&rsquo;est dans les biblioth\u00e8ques du monde musulman que les travaux de ces grands philosophes classiques surv\u00e9curent. Ce ne fut qu&rsquo;au 15e si\u00e8cle que les \u00e9crits de ces philosophes furent r\u00e9introduits en Europe durant la p\u00e9riode dite de \u00ab la <abbr class='c2c-text-hover' title='Mouvement de r\u00e9novation culturelle et artistique qui prit sa source en Italie au Xve si\u00e8cle et se r\u00e9pandit dans toute l&#039;Europe au XVIe si\u00e8cle.'>Renaissance<\/abbr> \u00bb.<\/span><\/p>\n<div class='one_half'>\n\t\t\t\t\t<a href='http:\/\/www.humanisme.assohum.org\/?page_id=98' class='small-button smallsilver'>Page pr\u00e9c\u00e9dente<\/a>\n\t\t\t\t<\/div>\n<p style=\"text-align: right;\"><a href='http:\/\/www.humanisme.assohum.org\/?page_id=134%20' class='small-button smallsilver'>Page suivante<\/a><\/p>\n","protected":false},"excerpt":{"rendered":"<p>&nbsp; La Gr\u00e8ce et la Rome classique urant le 5e et 6e si\u00e8cle avant notre \u00e8re,\u00a0\u00a0la Gr\u00e8ce antique fut le t\u00e9moin d\u2019une \u00e9ruption de culture qui transformera \u00e0 jamais la civilisation humaine. Plusieurs des plus grands penseurs, philosophes, historiens, dramaturges\u00a0et hommes d\u2019\u00e9tats v\u00e9curent \u00e0 Ath\u00e8nes et d\u2019autres cit\u00e9s grecques sur une p\u00e9riode de trois \u00e0 [&hellip;]<\/p>\n","protected":false},"author":1,"featured_media":0,"parent":92,"menu_order":3,"comment_status":"open","ping_status":"open","template":"","meta":{"footnotes":""},"class_list":["post-115","page","type-page","status-publish","hentry"],"_links":{"self":[{"href":"https:\/\/humanisme.assohum.org\/index.php?rest_route=\/wp\/v2\/pages\/115"}],"collection":[{"href":"https:\/\/humanisme.assohum.org\/index.php?rest_route=\/wp\/v2\/pages"}],"about":[{"href":"https:\/\/humanisme.assohum.org\/index.php?rest_route=\/wp\/v2\/types\/page"}],"author":[{"embeddable":true,"href":"https:\/\/humanisme.assohum.org\/index.php?rest_route=\/wp\/v2\/users\/1"}],"replies":[{"embeddable":true,"href":"https:\/\/humanisme.assohum.org\/index.php?rest_route=%2Fwp%2Fv2%2Fcomments&post=115"}],"version-history":[{"count":14,"href":"https:\/\/humanisme.assohum.org\/index.php?rest_route=\/wp\/v2\/pages\/115\/revisions"}],"predecessor-version":[{"id":1422,"href":"https:\/\/humanisme.assohum.org\/index.php?rest_route=\/wp\/v2\/pages\/115\/revisions\/1422"}],"up":[{"embeddable":true,"href":"https:\/\/humanisme.assohum.org\/index.php?rest_route=\/wp\/v2\/pages\/92"}],"wp:attachment":[{"href":"https:\/\/humanisme.assohum.org\/index.php?rest_route=%2Fwp%2Fv2%2Fmedia&parent=115"}],"curies":[{"name":"wp","href":"https:\/\/api.w.org\/{rel}","templated":true}]}}